{"id":11487,"date":"2020-06-28T22:05:16","date_gmt":"2020-06-29T03:05:16","guid":{"rendered":"https:\/\/balanceproducts.com.ec\/site\/belleza_salud-2\/"},"modified":"2025-10-07T16:33:12","modified_gmt":"2025-10-07T21:33:12","slug":"accionsocial","status":"publish","type":"page","link":"https:\/\/balanceproducts.com.ec\/site\/blog\/accionsocial\/","title":{"rendered":"Acci\u00f3n Social"},"content":{"rendered":"<p><section class=\"kc-elm kc-css-275689 kc_row\"><div class=\"kc-row-container  kc-container\"><div class=\"kc-wrap-columns\"><div class=\"kc-elm kc-css-298376 kc_col-sm-5 kc_column kc_col-sm-5\"><div class=\"kc-col-container\"><div class=\"kc-elm kc-css-845344\" style=\"height: 20px; clear: both; width:100%;\"><\/div>\n<div class=\"kc-elm kc-css-111956 kc-title-wrap \">\n\n\t<div class=\"kc_title\">Responsabilidad social empresarial<\/div>\n<\/div>\n<div class=\"kc-elm kc-css-514829\" style=\"height: 7px; clear: both; width:100%;\"><\/div><div class=\"kc-elm kc-css-638486 kc_text_block\"><\/p>\n<div align=\"justify\">\n<div align=\"justify\">\n<p class=\"MsoNormal\"><strong><i><span style=\"font-size: 14pt; line-height: 107%; font-family: Verdana, sans-serif; background-image: initial; background-position: initial; background-size: initial; background-attachment: initial;\">Proyecto Servicio Humanitario en Bicicleta<\/span><\/i><\/strong><\/p>\n<h2 class=\"MsoNormal\"><span style=\"font-family: Calibri, sans-serif; color: #1d2327; font-style: inherit;\">Es un honor para nosotros, como Balance Products S.A, colaborar en las jornadas de salud comunitaria organizada por la Cruz Roja Ecuatoriana n\u00facleo Pichincha a trav\u00e9s del Proyecto Servicio Humanitario en Bicicleta \u201cPedal Rojo\u201d conformado por voluntario\/as multidisciplinarios. Reconocemos la importancia de brindar nuestro apoyo a esta instituci\u00f3n sin fines de lucro, cuyo trabajo marca la diferencia en la vida de miles de personas en todo el pa\u00eds.<\/span><\/h2>\n<h2 class=\"MsoNormal\"><span style=\"font-family: Calibri, sans-serif; font-style: inherit; color: #1d2327;\">La salud es un aspecto fundamental en la vida de cada individuo y comunidad. Al unirnos a la Cruz Roja en esta jornada de salud comunitaria, no solo estamos comprometidos a brindar productos de calidad a nuestros consumidores, sino tambi\u00e9n a promover un estilo de vida saludable y contribuir al bienestar general de la comunidad.<\/span><\/h2>\n<div class=\"o9v6fnle cxmmr5t8 oygrvhab hcukyx3x c1et5uql ii04i59q\">\n<h2 dir=\"auto\">\u00a0<\/h2>\n<\/div>\n<\/div>\n<\/div>\n<p>\n<\/div><div class=\"kc-elm kc-css-26407 kc_shortcode kc_single_image\">\n\n        <img decoding=\"async\" src=\"https:\/\/balanceproducts.com.ec\/site\/wp-content\/uploads\/2023\/05\/WhatsApp-Image-2023-05-18-at-15.30.48.jpeg\" class=\"\" alt=\"\" \/>    <\/div>\n<\/div><\/div><div class=\"kc-elm kc-css-793110 kc_col-sm-1 kc_column kc_col-sm-1\"><div class=\"kc-col-container\"><div class=\"kc-elm kc-css-189303\" style=\"height: 0px; clear: both; width:100%;\"><\/div><\/div><\/div><div class=\"kc-elm kc-css-832419 kc_col-sm-6 kc_column kc_col-sm-6\"><div class=\"kc-col-container\"><div class=\"kc-elm kc-css-475997\" style=\"height: 20px; clear: both; width:100%;\"><\/div><div class=\"kc-elm kc-css-469045 kc_shortcode kc_single_image\">\n\n        <img decoding=\"async\" src=\"https:\/\/balanceproducts.com.ec\/site\/wp-content\/uploads\/2023\/05\/foto-1-cruz-roja.jpeg\" class=\"\" alt=\"\" \/>    <\/div>\n<div class=\"kc-elm kc-css-654949\" style=\"height: 20px; clear: both; width:100%;\"><\/div><div class=\"kc-elm kc-css-287967\" style=\"height: 20px; clear: both; width:100%;\"><\/div><div class=\"kc-elm kc-css-400202 kc_text_block\"><\/p>\n<h2 class=\"selectable-text\" style=\"text-align: justify;\"><span class=\"selectable-text1\"><span style=\"font-family: 'Calibri',sans-serif; mso-ascii-theme-font: minor-latin; mso-hansi-theme-font: minor-latin; mso-bidi-theme-font: minor-latin;\">Nuestro auspicio con \u201cHidralife\u201d se trata de un compromiso genuino de responsabilidad social. En l\u00ednea con los valores de la Cruz Roja Ecuatoriana, trabajamos en colaboraci\u00f3n con la organizaci\u00f3n para garantizar que nuestras bebidas \u201cHidralife\u201d promuevan la hidrataci\u00f3n adecuada, fomenten la alimentaci\u00f3n saludable y sean una opci\u00f3n refrescante y nutritiva para todos los miembros de la brigada de salud comunitaria.<\/span><\/span><\/h2>\n<p>\n<\/div><div class=\"kc-elm kc-css-605363\" style=\"height: 20px; clear: both; width:100%;\"><\/div><div class=\"kc-elm kc-css-410214\" style=\"height: 20px; clear: both; width:100%;\"><\/div><div class=\"kc-elm kc-css-831807 kc_shortcode kc_single_image\">\n\n        <img decoding=\"async\" src=\"https:\/\/balanceproducts.com.ec\/site\/wp-content\/uploads\/2023\/05\/WhatsApp-Image-2023-05-18-at-15.09.03.jpeg\" class=\"\" alt=\"\" \/>    <\/div>\n<\/div><\/div><\/div><\/div><\/section><section class=\"kc-elm kc-css-539628 kc_row\"><div class=\"kc-row-container  kc-container\"><div class=\"kc-wrap-columns\"><div class=\"kc-elm kc-css-672093 kc_col-sm-12 kc_column kc_col-sm-12\"><div class=\"kc-col-container\"><div class=\"kc-elm kc-css-40828\" style=\"height: 20px; clear: both; width:100%;\"><\/div><div class=\"kc-elm kc-css-632983\" style=\"height: 20px; clear: both; width:100%;\"><\/div><div class=\"kc-elm kc-css-235948\" style=\"height: 20px; clear: both; width:100%;\"><\/div>\n<div class=\"kc-elm kc-css-276888 divider_line\">\n\t<div class=\"divider_inner divider_line1\">\n\t\t\t<\/div>\n<\/div>\n<div class=\"kc-elm kc-css-396290\" style=\"height: 20px; clear: both; width:100%;\"><\/div><div class=\"kc-elm kc-css-558397\" style=\"height: 20px; clear: both; width:100%;\"><\/div><div class=\"kc-elm kc-css-511501\" style=\"height: 20px; clear: both; width:100%;\"><\/div><\/div><\/div><\/div><\/div><\/section><section class=\"kc-elm kc-css-735661 kc_row\"><div class=\"kc-row-container  kc-container\"><div class=\"kc-wrap-columns\"><div class=\"kc-elm kc-css-949505 kc_col-sm-6 kc_column kc_col-sm-6\"><div class=\"kc-col-container\"><div class=\"kc-elm kc-css-19757 kc_shortcode kc_single_image\">\n\n        <img decoding=\"async\" src=\"https:\/\/balanceproducts.com.ec\/site\/wp-content\/uploads\/2023\/05\/foto-4-cruz-roja.jpeg\" class=\"\" alt=\"\" \/>    <\/div>\n<div class=\"kc-elm kc-css-661011\" style=\"height: 20px; clear: both; width:100%;\"><\/div><div class=\"kc-elm kc-css-992393\" style=\"height: 20px; clear: both; width:100%;\"><\/div><div class=\"kc-elm kc-css-12015\" style=\"height: 20px; clear: both; width:100%;\"><\/div><div class=\"kc-elm kc-css-746638 kc_text_block\"><\/p>\n<div class=\"o9v6fnle cxmmr5t8 oygrvhab hcukyx3x c1et5uql ii04i59q\">\n<div dir=\"auto\"><span style=\"font-family: Verdana, Geneva; font-size: 14pt;\"><em><strong>\u00a1Juntos marcamos la diferencia!<\/strong><\/em><\/span><\/div>\n<div dir=\"auto\">\u00a0<\/div>\n<div dir=\"auto\">\n<h2 class=\"selectable-text\" style=\"text-align: justify;\"><span class=\"selectable-text1\"><span style=\"font-family: Calibri, sans-serif;\">Nos enorgullece formar parte de esta iniciativa, ya que es una oportunidad para devolver a la comunidad y retribuir el apoyo que hemos recibido. Al asociarnos con la Cruz Roja Ecuatoriana, podemos contribuir a su invaluable labor en el \u00e1mbito de la salud y el bienestar, brindando recursos y promoviendo la concientizaci\u00f3n sobre temas vitales como la prevenci\u00f3n de enfermedades, la promoci\u00f3n de estilos de vida saludables y la importancia de la educaci\u00f3n en salud.<\/span><\/span><\/h2>\n<\/div>\n<div dir=\"auto\">\u00a0<\/div>\n<\/div>\n<p>\n<\/div><\/div><\/div><div class=\"kc-elm kc-css-122391 kc_col-sm-1 kc_column kc_col-sm-1\"><div class=\"kc-col-container\"><div class=\"kc-elm kc-css-526177\" style=\"height: 0px; clear: both; width:100%;\"><\/div><\/div><\/div><div class=\"kc-elm kc-css-864985 kc_col-sm-5 kc_column kc_col-sm-5\"><div class=\"kc-col-container\"><div class=\"kc-elm kc-css-71976\" style=\"height: 20px; clear: both; width:100%;\"><\/div>\n<div class=\"kc-elm kc-css-330015 kc-title-wrap \">\n\n\t<div class=\"kc_title\">Bienestar social comunitario<\/div>\n<\/div>\n<div class=\"kc-elm kc-css-92105\" style=\"height: 7px; clear: both; width:100%;\"><\/div><div class=\"kc-elm kc-css-678412 kc_text_block\"><\/p>\n<div class=\"o9v6fnle cxmmr5t8 oygrvhab hcukyx3x c1et5uql ii04i59q\">\n<div dir=\"auto\"><span style=\"font-style: inherit;\">\u00a0<\/span><\/div>\n<div dir=\"auto\" style=\"text-align: left;\">\n<h1 class=\"selectable-text\" style=\"display: block; font-weight: 400; color: rgb(29, 35, 39); font-size: 23px; margin: 0px; max-width: 100%; line-height: 1.3; padding: 9px 0px 4px; text-align: justify;\"><span class=\"selectable-text1\" style=\"max-width: 100%; line-height: normal;\"><span style=\"max-width: 100%; line-height: normal; font-family: Calibri, sans-serif;\">Nuestra empresa reconoce la importancia de apoyar causas nobles y asumir un papel activo en la mejora de la calidad de vida de la sociedad ecuatoriana.<\/span><\/span><\/h1>\n<h1 class=\"selectable-text\" style=\"display: block; font-weight: 400; color: rgb(29, 35, 39); font-size: 23px; margin: 0px; max-width: 100%; line-height: 1.3; padding: 9px 0px 4px; text-align: justify;\"><span class=\"selectable-text1\" style=\"max-width: 100%; line-height: normal;\"><span style=\"max-width: 100%; line-height: normal; font-family: Calibri, sans-serif;\">En esta jornada de salud comunitaria no solo buscamos promover nuestros productos, sino tambi\u00e9n fomentar la responsabilidad social empresarial.<\/span><\/span><\/h1>\n<h1 class=\"selectable-text\" style=\"text-align: justify;\">\n<div class=\"o9v6fnle cxmmr5t8 oygrvhab hcukyx3x c1et5uql ii04i59q\" style=\"color: rgb(68, 68, 68); font-size: 14px; text-align: start;\">\n<div dir=\"auto\"><\/div>\n<\/div>\n<div dir=\"auto\" style=\"color: rgb(68, 68, 68); font-size: 14px; text-align: start;\">\u00a0<\/div>\n<\/h1>\n<\/div>\n<\/div>\n<div dir=\"auto\">\u00a0<\/div>\n<h1 class=\"o9v6fnle cxmmr5t8 oygrvhab hcukyx3x c1et5uql ii04i59q\" style=\"text-align: left;\">\u00a0<\/h1>\n<p>\n<\/div>\n\n<div class=\"image_fadein_slider kc-elm kc-css-21236 \">\n\t\t<div data-delay=\"3000\" class=\"image_fadein\" data-images=\"11732,11734,11735,11733\">\n\t<img decoding=\"async\" src=\"https:\/\/balanceproducts.com.ec\/site\/wp-content\/uploads\/2023\/05\/foto-3-cruz-roja.jpeg\" \/><img decoding=\"async\" src=\"https:\/\/balanceproducts.com.ec\/site\/wp-content\/uploads\/2023\/05\/WhatsApp-Image-2023-05-18-at-15.09.51.jpeg\" \/><img decoding=\"async\" src=\"https:\/\/balanceproducts.com.ec\/site\/wp-content\/uploads\/2023\/05\/WhatsApp-Image-2023-05-18-at-15.25.51.jpeg\" \/><img decoding=\"async\" src=\"https:\/\/balanceproducts.com.ec\/site\/wp-content\/uploads\/2023\/05\/foto-2-cruz-roja.jpeg\" \/>\t<\/div>\n<\/div>\n<\/div><\/div><\/div><\/div><\/section><section class=\"kc-elm kc-css-857170 kc_row\"><div class=\"kc-row-container  kc-container\"><div class=\"kc-wrap-columns\"><div class=\"kc-elm kc-css-299765 kc_col-sm-12 kc_column kc_col-sm-12\"><div class=\"kc-col-container\">\n<div class=\"kc-elm kc-css-457799 divider_line\">\n\t<div class=\"divider_inner divider_line1\">\n\t\t\t<\/div>\n<\/div>\n<div class=\"kc-elm kc-css-141867\" style=\"height: 20px; clear: both; width:100%;\"><\/div><div class=\"kc-elm kc-css-994131\" style=\"height: 20px; clear: both; width:100%;\"><\/div><div class=\"kc-elm kc-css-50481\" style=\"height: 20px; clear: both; width:100%;\"><\/div><div class=\"kc-elm kc-css-619039\" style=\"height: 20px; clear: both; width:100%;\"><\/div><div class=\"kc-elm kc-css-89551\" style=\"height: 20px; clear: both; width:100%;\"><\/div><div class=\"kc-elm kc-css-149742\" style=\"height: 20px; clear: both; width:100%;\"><\/div><\/div><\/div><\/div><\/div><\/section><section class=\"kc-elm kc-css-35768 kc_row\"><div class=\"kc-row-container  kc-container\"><div class=\"kc-wrap-columns\"><div class=\"kc-elm kc-css-737352 kc_col-sm-6 kc_column kc_col-sm-6\"><div class=\"kc-col-container\"><div class=\"kc-elm kc-css-479096 kc_shortcode kc_single_image\">\n\n        <img decoding=\"async\" src=\"https:\/\/balanceproducts.com.ec\/site\/wp-content\/uploads\/2025\/09\/WhatsApp-Image-2025-09-22-at-16.49.32.jpeg\" class=\"\" alt=\"\" \/>    <\/div>\n<div class=\"kc-elm kc-css-693892\" style=\"height: 20px; clear: both; width:100%;\"><\/div><div class=\"kc-elm kc-css-227576\" style=\"height: 20px; clear: both; width:100%;\"><\/div><div class=\"kc-elm kc-css-239417\" style=\"height: 20px; clear: both; width:100%;\"><\/div><div class=\"kc-elm kc-css-860526 kc_text_block\"><\/p>\n<div class=\"o9v6fnle cxmmr5t8 oygrvhab hcukyx3x c1et5uql ii04i59q\">\n<div dir=\"auto\"><span style=\"font-family: Verdana, Geneva; font-size: 14pt;\"><em><strong>\u00a1Guayaquil City F.C.!<\/strong><\/em><\/span><\/div>\n<div dir=\"auto\">\u00a0<\/div>\n<div dir=\"auto\">\n<h2 class=\"selectable-text\" style=\"text-align: justify;\">El f\u00fatbol es el deporte m\u00e1s popular en Ecuador y una verdadera escuela de valores como el trabajo en equipo, la constancia y la entrega. Conscientes de ello, Hidralife se enorgullece de ser aliado del Guayaquil City F.C., un club que ha demostrado crecimiento sostenido en el f\u00fatbol profesional y que representa a la ciudad con esfuerzo y determinaci\u00f3n. Este convenio nos permite estar presentes en el d\u00eda a d\u00eda del equipo, acompa\u00f1ando a sus jugadores con hidrataci\u00f3n de calidad, impulsando un estilo de vida saludable y reforzando la conexi\u00f3n entre deporte y comunidad.<\/h2>\n<\/div>\n<div dir=\"auto\">\u00a0<\/div>\n<\/div>\n<p>\n<\/div><div class=\"kc-elm kc-css-196412\" style=\"height: 20px; clear: both; width:100%;\"><\/div><div class=\"kc-elm kc-css-199519\" style=\"height: 20px; clear: both; width:100%;\"><\/div><div class=\"kc-elm kc-css-77129\" style=\"height: 20px; clear: both; width:100%;\"><\/div><div class=\"kc-elm kc-css-916206\" style=\"height: 20px; clear: both; width:100%;\"><\/div><div class=\"kc-elm kc-css-273790 kc_shortcode kc_single_image\">\n\n        <img decoding=\"async\" src=\"https:\/\/balanceproducts.com.ec\/site\/wp-content\/uploads\/2025\/09\/WhatsApp-Image-2025-09-22-at-14.32.01-768x1024.jpeg\" class=\"\" alt=\"\" \/>    <\/div>\n<\/div><\/div><div class=\"kc-elm kc-css-577781 kc_col-sm-1 kc_column kc_col-sm-1\"><div class=\"kc-col-container\"><div class=\"kc-elm kc-css-700610\" style=\"height: 0px; clear: both; width:100%;\"><\/div><\/div><\/div><div class=\"kc-elm kc-css-266699 kc_col-sm-5 kc_column kc_col-sm-5\"><div class=\"kc-col-container\"><div class=\"kc-elm kc-css-128956\" style=\"height: 20px; clear: both; width:100%;\"><\/div>\n<div class=\"kc-elm kc-css-496689 kc-title-wrap \">\n\n\t<div class=\"kc_title\">Balance Products y el compromiso con el deporte<\/div>\n<\/div>\n<div class=\"kc-elm kc-css-307128\" style=\"height: 7px; clear: both; width:100%;\"><\/div><div class=\"kc-elm kc-css-599073 kc_text_block\"><\/p>\n<div class=\"o9v6fnle cxmmr5t8 oygrvhab hcukyx3x c1et5uql ii04i59q\">\n<p><span style=\"color: #1d2327; font-family: Calibri, sans-serif; font-size: 23px; text-align: justify;\">En Balance Products creemos que el deporte es sin\u00f3nimo de disciplina, superaci\u00f3n y salud. A trav\u00e9s de nuestra marca Hidralife, buscamos ir m\u00e1s all\u00e1 de ofrecer un producto: queremos ser un aliado real en el rendimiento f\u00edsico, acompa\u00f1ando a deportistas, equipos y comunidades en cada entrenamiento y competencia. Por ello, hemos consolidado convenios estrat\u00e9gicos con instituciones deportivas que representan esfuerzo, pasi\u00f3n y crecimiento, reafirmando nuestro compromiso de apoyar al deporte ecuatoriano.\u00a0<\/span><\/p>\n<div dir=\"auto\" style=\"text-align: left;\">\n<\/div>\n<\/div>\n<h1 class=\"o9v6fnle cxmmr5t8 oygrvhab hcukyx3x c1et5uql ii04i59q\" style=\"text-align: left;\">\u00a0<\/h1>\n<p>\n<\/div>\n\n<div class=\"image_fadein_slider kc-elm kc-css-635723 \">\n\t\t<div data-delay=\"3000\" class=\"image_fadein\" data-images=\"13386\">\n\t<img decoding=\"async\" src=\"https:\/\/balanceproducts.com.ec\/site\/wp-content\/uploads\/2025\/09\/Diseno-sin-titulo-2025-09-25T111430.741.png\" \/>\t<\/div>\n<\/div>\n<div class=\"kc-elm kc-css-873537\" style=\"height: 20px; clear: both; width:100%;\"><\/div><div class=\"kc-elm kc-css-647996\" style=\"height: 20px; clear: both; width:100%;\"><\/div><div class=\"kc-elm kc-css-82119\" style=\"height: 20px; clear: both; width:100%;\"><\/div><div class=\"kc-elm kc-css-125651\" style=\"height: 20px; clear: both; width:100%;\"><\/div><div class=\"kc-elm kc-css-313281 kc_text_block\"><\/p>\n<div class=\"o9v6fnle cxmmr5t8 oygrvhab hcukyx3x c1et5uql ii04i59q\">\n<p><strong><span style=\"font-size: 18pt;\">Convenio con Beach Tennis Ecuador<\/span><\/strong><\/p>\n<h2><span style=\"font-size: 18pt; font-family: Arial, Helvetica, sans-serif;\">El beach tennis se ha convertido en una disciplina en auge, que combina energ\u00eda, diversi\u00f3n y un esp\u00edritu deportivo \u00fanico. Hidralife se suma como aliado de Beach Tennis Ecuador, apoyando el desarrollo de este deporte que cada vez gana m\u00e1s seguidores en el pa\u00eds. Con esta alianza, buscamos impulsar el crecimiento de la disciplina y acercar a m\u00e1s personas a un estilo de vida activo, fresco y lleno de vitalidad, donde la hidrataci\u00f3n cumple un papel esencial.<\/span><\/h2>\n<div dir=\"auto\" style=\"text-align: left;\">\u00a0<\/div>\n<\/div>\n<h1 class=\"o9v6fnle cxmmr5t8 oygrvhab hcukyx3x c1et5uql ii04i59q\" style=\"text-align: left;\">\u00a0<\/h1>\n<p>\n<\/div><\/div><\/div><\/div><\/div><\/section><section class=\"kc-elm kc-css-494324 kc_row\"><div class=\"kc-row-container  kc-container\"><div class=\"kc-wrap-columns\"><div class=\"kc-elm kc-css-149311 kc_col-sm-12 kc_column kc_col-sm-12\"><div class=\"kc-col-container\">\n<div class=\"kc-elm kc-css-136466 divider_line\">\n\t<div class=\"divider_inner divider_line1\">\n\t\t\t<\/div>\n<\/div>\n<\/div><\/div><\/div><\/div><\/section><section class=\"kc-elm kc-css-684157 kc_row\"><div class=\"kc-row-container  kc-container\"><div class=\"kc-wrap-columns\"><div class=\"kc-elm kc-css-104557 kc_col-sm-6 kc_column kc_col-sm-6\"><div class=\"kc-col-container\"><div class=\"kc-elm kc-css-275367 kc_shortcode kc_single_image\">\n\n        <img decoding=\"async\" src=\"https:\/\/balanceproducts.com.ec\/site\/wp-content\/uploads\/2025\/10\/Diseno-sin-titulo-2.jpg\" class=\"\" alt=\"\" \/>    <\/div>\n<div class=\"kc-elm kc-css-191269\" style=\"height: 20px; clear: both; width:100%;\"><\/div><div class=\"kc-elm kc-css-327642\" style=\"height: 20px; clear: both; width:100%;\"><\/div><div class=\"kc-elm kc-css-436324\" style=\"height: 20px; clear: both; width:100%;\"><\/div><div class=\"kc-elm kc-css-81874 kc_text_block\"><\/p>\n<p><span style=\"font-family: Helvetica; font-size: 14pt;\">En Balance Products nos sentimos orgullosos de respaldar esta noble labor, aportando nuestro granito de arena para fortalecer la misi\u00f3n de FUNAPACE. Creemos que apoyar a instituciones como esta no solo genera un cambio en la vida de quienes m\u00e1s lo necesitan, sino que tambi\u00e9n inspira a nuestra comunidad a ser parte activa de un Ecuador m\u00e1s solidario y consciente.<\/span><\/p>\n<p>\n<\/div><div class=\"kc-elm kc-css-90950\" style=\"height: 20px; clear: both; width:100%;\"><\/div><div class=\"kc-elm kc-css-749483\" style=\"height: 20px; clear: both; width:100%;\"><\/div><div class=\"kc-elm kc-css-43078\" style=\"height: 20px; clear: both; width:100%;\"><\/div><div class=\"kc-elm kc-css-864733\" style=\"height: 20px; clear: both; width:100%;\"><\/div><\/div><\/div><div class=\"kc-elm kc-css-762200 kc_col-sm-1 kc_column kc_col-sm-1\"><div class=\"kc-col-container\"><div class=\"kc-elm kc-css-725765\" style=\"height: 0px; clear: both; width:100%;\"><\/div><\/div><\/div><div class=\"kc-elm kc-css-140627 kc_col-sm-5 kc_column kc_col-sm-5\"><div class=\"kc-col-container\"><div class=\"kc-elm kc-css-420580\" style=\"height: 20px; clear: both; width:100%;\"><\/div>\n<div class=\"kc-elm kc-css-328721 kc-title-wrap \">\n\n\t<div class=\"kc_title\">Nuestro compromiso con FUNAPACE<\/div>\n<\/div>\n<div class=\"kc-elm kc-css-508414\" style=\"height: 7px; clear: both; width:100%;\"><\/div><div class=\"kc-elm kc-css-789120 kc_text_block\"><\/p>\n<div class=\"o9v6fnle cxmmr5t8 oygrvhab hcukyx3x c1et5uql ii04i59q\">\n<p><span style=\"color: #1d2327; font-family: Calibri, sans-serif; font-size: 23px; text-align: justify;\">En Balance Products creemos firmemente en el poder de la inclusi\u00f3n y el impacto positivo que generan las acciones solidarias. Por ello, nos unimos a apoyar a <strong data-start=\"397\" data-end=\"417\">FUNAPACE Ecuador<\/strong>, una fundaci\u00f3n que desde 1991 trabaja con dedicaci\u00f3n para brindar atenci\u00f3n integral a ni\u00f1os, j\u00f3venes y adultos con par\u00e1lisis cerebral y trastornos asociados. Su misi\u00f3n se centra en la rehabilitaci\u00f3n, el acompa\u00f1amiento a las familias y la promoci\u00f3n de una vida digna y participativa para cada persona.<\/span><\/p>\n<div dir=\"auto\" style=\"text-align: left;\">\u00a0<\/div>\n<\/div>\n<h1 class=\"o9v6fnle cxmmr5t8 oygrvhab hcukyx3x c1et5uql ii04i59q\" style=\"text-align: left;\">\u00a0<\/h1>\n<p>\n<\/div><div class=\"kc-elm kc-css-355168\" style=\"height: 20px; clear: both; width:100%;\"><\/div><div class=\"kc-elm kc-css-930439\" style=\"height: 20px; clear: both; width:100%;\"><\/div><div class=\"kc-elm kc-css-17031\" style=\"height: 20px; clear: both; width:100%;\"><\/div><div class=\"kc-elm kc-css-556963\" style=\"height: 20px; clear: both; width:100%;\"><\/div><\/div><\/div><\/div><\/div><\/section><section class=\"kc-elm kc-css-147260 kc_row\"><div class=\"kc-row-container  kc-container\"><div class=\"kc-wrap-columns\"><div class=\"kc-elm kc-css-648653 kc_col-sm-12 kc_column kc_col-sm-12\"><div class=\"kc-col-container\"><div class=\"kc-elm kc-css-837470\" style=\"height: 20px; clear: both; width:100%;\"><\/div><div class=\"kc-elm kc-css-737367\" style=\"height: 20px; clear: both; width:100%;\"><\/div><div class=\"kc-elm kc-css-286455\" style=\"height: 20px; clear: both; width:100%;\"><\/div><div class=\"kc-elm kc-css-403020\" style=\"height: 20px; clear: both; width:100%;\"><\/div><div class=\"kc-elm kc-css-845178\" style=\"height: 20px; clear: both; width:100%;\"><\/div><div class=\"kc-elm kc-css-574844\" style=\"height: 20px; clear: both; width:100%;\"><\/div><\/div><\/div><\/div><\/div><\/section><section class=\"kc-elm kc-css-999169 kc_row\"><div class=\"kc-row-container  kc-container\"><div class=\"kc-wrap-columns\"><div class=\"kc-elm kc-css-260026 kc_col-sm-3 kc_column kc_col-sm-3\"><div class=\"kc-col-container\"><div class=\"kc-elm kc-css-110321 kc_shortcode kc_single_image\">\n\n        <img decoding=\"async\" src=\"https:\/\/balanceproducts.com.ec\/site\/wp-content\/uploads\/2018\/11\/logo_celular.png\" class=\"\" alt=\"\" \/>    <\/div>\n<\/div><\/div><div class=\"kc-elm kc-css-505625 kc_col-sm-3 kc_column kc_col-sm-3\"><div class=\"kc-col-container\"><div class=\"kc-elm kc-css-364447 kc_text_block\"><\/p>\n<p><span style=\"font-size: 10pt\"><a href=\"https:\/\/balanceproducts.com.ec\/site\/nosotros\/\">Nosotros<\/a><\/span><\/p>\n<p><a href=\"https:\/\/balanceproducts.com.ec\/site\/materiasprimas\/\"><span style=\"font-size: 10pt\">Materias Primas<\/span><\/a><\/p>\n<p><a href=\"https:\/\/balanceproducts.com.ec\/site\/tienda\/\"><span style=\"font-size: 10pt\">Tienda Electr\u00f3nica<\/span><\/a><\/p>\n<p><span style=\"font-size: 10pt\">Productos<\/span><\/p>\n<p><a href=\"https:\/\/balanceproducts.com.ec\/site\/programas\/\"><span style=\"font-size: 10pt\">Programas<\/span><\/a><\/p>\n<p><a href=\"https:\/\/balanceproducts.com.ec\/site\/contacto\/\"><span style=\"font-size: 10pt\">Contacto<\/span><\/a><\/p>\n<p>\n<\/div><\/div><\/div><div class=\"kc-elm kc-css-800900 kc_col-sm-3 kc_column kc_col-sm-3\"><div class=\"kc-col-container\"><div class=\"kc-elm kc-css-413332 kc_text_block\"><\/p>\n<p><strong><span style=\"font-size: 10pt\">Contactos<\/span><\/strong><\/p>\n<p><span style=\"font-size: 10pt\"><b>Direcci\u00f3n:<br \/><\/b><\/span><span style=\"font-size: 10pt\">Av. Ponce <\/span><span style=\"font-size: 10pt\">Enriquez<\/span><span style=\"font-size: 10pt\">\u00a0OE1-309 y Pasaje Marcial<\/span><\/p>\n<p><span style=\"font-size: 10pt\"><strong>Tel\u00e9fono:<br \/><\/strong>02 2343 500<br \/><strong><br \/><\/strong><strong>Correo electr\u00f3nico:<\/strong><br \/>contacto@balanceproducts.com.ec<\/span><\/p>\n<p>\n<\/div><\/div><\/div><div class=\"kc-elm kc-css-655009 kc_col-sm-3 kc_column kc_col-sm-3\"><div class=\"kc-col-container\"><div class=\"kc-elm kc-css-190127 kc_google_maps kc_shortcode\"><div style=\"height: 350px\" class=\"kc-google-maps\"><iframe src=\"https:\/\/www.google.com\/maps\/embed?pb=!1m18!1m12!1m3!1d4246.588050383301!2d-78.48282210589977!3d-0.2927656035353127!2m3!1f0!2f0!3f0!3m2!1i1024!2i768!4f13.1!3m3!1m2!1s0x91d5990456a0d493%3A0xb23e7056f97ea77e!2sBalance%20Products!5e0!3m2!1ses!2sec!4v1610571631580!5m2!1ses!2sec\" width=\"100%\" height=\"350\" frameborder=\"0\" style=\"border:0;\" allowfullscreen=\"\" aria-hidden=\"false\" tabindex=\"0\"><\/iframe><\/div><\/div><\/div><\/div><\/div><\/div><\/section><section class=\"kc-elm kc-css-645019 kc_row\"><div class=\"kc-row-container  kc-container\"><div class=\"kc-wrap-columns\"><div class=\"kc-elm kc-css-668161 kc_col-sm-12 kc_column kc_col-sm-12\"><div class=\"kc-col-container\"><div class=\"kc-elm kc-css-765160\" style=\"height: 20px; clear: both; width:100%;\"><\/div><div class=\"kc-elm kc-css-766282\" style=\"height: 20px; clear: both; width:100%;\"><\/div><div class=\"kc-elm kc-css-863319\" style=\"height: 20px; clear: both; width:100%;\"><\/div><\/div><\/div><\/div><\/div><\/section><\/p>\n","protected":false},"excerpt":{"rendered":"","protected":false},"author":2,"featured_media":0,"parent":617,"menu_order":0,"comment_status":"closed","ping_status":"closed","template":"","meta":{"_joinchat":[],"footnotes":""},"class_list":["post-11487","page","type-page","status-publish","hentry"],"_links":{"self":[{"href":"https:\/\/balanceproducts.com.ec\/site\/wp-json\/wp\/v2\/pages\/11487","targetHints":{"allow":["GET"]}}],"collection":[{"href":"https:\/\/balanceproducts.com.ec\/site\/wp-json\/wp\/v2\/pages"}],"about":[{"href":"https:\/\/balanceproducts.com.ec\/site\/wp-json\/wp\/v2\/types\/page"}],"author":[{"embeddable":true,"href":"https:\/\/balanceproducts.com.ec\/site\/wp-json\/wp\/v2\/users\/2"}],"replies":[{"embeddable":true,"href":"https:\/\/balanceproducts.com.ec\/site\/wp-json\/wp\/v2\/comments?post=11487"}],"version-history":[{"count":31,"href":"https:\/\/balanceproducts.com.ec\/site\/wp-json\/wp\/v2\/pages\/11487\/revisions"}],"predecessor-version":[{"id":13418,"href":"https:\/\/balanceproducts.com.ec\/site\/wp-json\/wp\/v2\/pages\/11487\/revisions\/13418"}],"up":[{"embeddable":true,"href":"https:\/\/balanceproducts.com.ec\/site\/wp-json\/wp\/v2\/pages\/617"}],"wp:attachment":[{"href":"https:\/\/balanceproducts.com.ec\/site\/wp-json\/wp\/v2\/media?parent=11487"}],"curies":[{"name":"wp","href":"https:\/\/api.w.org\/{rel}","templated":true}]}}