{"id":11490,"date":"2020-06-28T22:05:16","date_gmt":"2020-06-29T03:05:16","guid":{"rendered":"https:\/\/balanceproducts.com.ec\/site\/belleza_salud-2\/"},"modified":"2023-04-18T11:32:11","modified_gmt":"2023-04-18T16:32:11","slug":"infusionancestralguayusa","status":"publish","type":"page","link":"https:\/\/balanceproducts.com.ec\/site\/infusionancestralguayusa\/","title":{"rendered":"Guayusa + Jengibre"},"content":{"rendered":"<p><section class=\"kc-elm kc-css-668300 kc_row\"><div class=\"kc-row-container  kc-container\"><div class=\"kc-wrap-columns\"><div class=\"kc-elm kc-css-904547 kc_col-sm-5 kc_column kc_col-sm-5\"><div class=\"kc-col-container\"><div class=\"kc-elm kc-css-667970\" style=\"height: 20px; clear: both; width:100%;\"><\/div>\n<div class=\"kc-elm kc-css-420893 kc-title-wrap \">\n\n\t<div class=\"kc_title\">\u00bfPara qu\u00e9 sirve la guayusa?<\/div>\n<\/div>\n<div class=\"kc-elm kc-css-364074\" style=\"height: 7px; clear: both; width:100%;\"><\/div><div class=\"kc-elm kc-css-687173 kc_text_block\"><\/p>\n<div align=\"justify\">\n<div align=\"justify\">\n<p class=\"MsoNormal\"><strong><i><span style=\"font-size: 14pt;line-height: 107%;font-family: Verdana, sans-serif;background-image: initial;background-position: initial;background-size: initial;background-attachment: initial\">Conoce m\u00e1s de la guayusa<\/span><\/i><\/strong><\/p>\n<p class=\"MsoNormal\"><span lang=\"ES\">&nbsp;<\/span><\/p>\n<p class=\"MsoNormal\"><span lang=\"es\">La guayusa es una planta ancestral que ha sido consumida desde hace m\u00e1s de 1000 a\u00f1os por las comunidades ind\u00edgenas ubicadas en su mayor\u00eda en Napo y Pastaza, provincias de Ecuador. Es conocida por sus propiedades antioxidantes y energizantes.<\/span><\/p>\n<p class=\"MsoNormal\"><span lang=\"es\">Las infusiones de guayusa se han popularizado para el consumo ya que aparte de sus propiedades ancestrales tiene tambi\u00e9n un sabor fresco e hidratante.&nbsp;<\/span><span style=\"font-style: inherit;\">Mish\u00e1 Guayusa marca de Balance Products es una bebida de guayusa&nbsp;<\/span><span style=\"font-style: inherit;\">que cuenta con dos sabores: lim\u00f3n y frutos rojos.&nbsp;<\/span><\/p>\n<p class=\"MsoNormal\"><span style=\"font-style: inherit;\">Dentro de las&nbsp;<\/span><span style=\"font-style: inherit;\">propiedades que aporta la guayusa est\u00e1n sus antioxidantes ya que ayudan en la&nbsp;<\/span><span style=\"font-style: inherit;\">salud cardiovascular, la tensi\u00f3n y beneficios para toda la circulaci\u00f3n&nbsp;<\/span><span style=\"font-style: inherit;\">sangu\u00ednea que evitan el envejecimiento prematuro. Tambi\u00e9n cuenta con vitaminas y minerales esenciales&nbsp;<\/span><span style=\"font-style: inherit;\">como magnesio, calcio, zinc, potasio y vitaminas C y D.<\/span><\/p>\n<p class=\"MsoNormal\">\n<p class=\"MsoNormal\"><span lang=\"es\">&nbsp;<\/span><\/p>\n<\/p>\n<div class=\"o9v6fnle cxmmr5t8 oygrvhab hcukyx3x c1et5uql ii04i59q\">\n<div dir=\"auto\">\n<\/div>\n<\/div>\n<\/div>\n<\/div>\n<p>\n<\/div><\/div><\/div><div class=\"kc-elm kc-css-901208 kc_col-sm-1 kc_column kc_col-sm-1\"><div class=\"kc-col-container\"><div class=\"kc-elm kc-css-774052\" style=\"height: 0px; clear: both; width:100%;\"><\/div><\/div><\/div><div class=\"kc-elm kc-css-920088 kc_col-sm-6 kc_column kc_col-sm-6\"><div class=\"kc-col-container\"><div class=\"kc-elm kc-css-758487\" style=\"height: 20px; clear: both; width:100%;\"><\/div><div class=\"kc-elm kc-css-226940 kc_shortcode kc_single_image\">\n\n        <img decoding=\"async\" src=\"https:\/\/balanceproducts.com.ec\/site\/wp-content\/uploads\/2023\/03\/Hojasdeguayusa.jpeg\" class=\"\" alt=\"\" \/>    <\/div>\n<div class=\"kc-elm kc-css-106564\" style=\"height: 20px; clear: both; width:100%;\"><\/div><div class=\"kc-elm kc-css-528661\" style=\"height: 20px; clear: both; width:100%;\"><\/div><div class=\"kc-elm kc-css-698903 kc_text_block\"><\/p>\n<p class=\"MsoNormal\"><span lang=\"es\">La guayusa es conocida como un energizante natural porque tiene componentes que aportan para nuestra concentraci\u00f3n mental y energ\u00eda corporal que incrementan el rendimiento intelectual al disminuir la fatiga.<\/span><\/p>\n<p class=\"MsoNormal\"><span lang=\"es\">Otros elementos como amino\u00e1cidos promueven la relajaci\u00f3n y reducen la ansiedad y sue\u00f1o.\u00a0<\/span><\/p>\n<p class=\"MsoNormal\"><span style=\"font-style: inherit;\">Esta planta milenaria sigue ayudando a mejorar nuestro estilo de vida de una manera sabrosa y saludable.<\/span><\/p>\n<p class=\"MsoNormal\" style=\"text-align: justify\">\n<p><span style=\"font-family: Verdana, sans-serif;font-size: 14pt;text-align: justify;font-style: inherit\">\u00a0<\/span><\/p>\n<p class=\"MsoNormal\" style=\"text-align: justify\">\n<p class=\"MsoNormal\" style=\"text-align: center\">\n<\/div><div class=\"kc-elm kc-css-737859 kc_shortcode kc_single_image\">\n\n        <img decoding=\"async\" src=\"https:\/\/balanceproducts.com.ec\/site\/wp-content\/uploads\/2023\/03\/guayusa-comercio-organico-y-justo-870x414-1.jpg\" class=\"\" alt=\"\" \/>    <\/div>\n<\/div><\/div><\/div><\/div><\/section><section class=\"kc-elm kc-css-168110 kc_row\"><div class=\"kc-row-container  kc-container\"><div class=\"kc-wrap-columns\"><div class=\"kc-elm kc-css-247723 kc_col-sm-12 kc_column kc_col-sm-12\"><div class=\"kc-col-container\"><div class=\"kc-elm kc-css-123103\" style=\"height: 20px; clear: both; width:100%;\"><\/div><div class=\"kc-elm kc-css-450468\" style=\"height: 20px; clear: both; width:100%;\"><\/div><div class=\"kc-elm kc-css-329402\" style=\"height: 20px; clear: both; width:100%;\"><\/div>\n<div class=\"kc-elm kc-css-595928 divider_line\">\n\t<div class=\"divider_inner divider_line1\">\n\t\t\t<\/div>\n<\/div>\n<div class=\"kc-elm kc-css-698916\" style=\"height: 20px; clear: both; width:100%;\"><\/div><div class=\"kc-elm kc-css-649381\" style=\"height: 20px; clear: both; width:100%;\"><\/div><div class=\"kc-elm kc-css-534707\" style=\"height: 20px; clear: both; width:100%;\"><\/div><\/div><\/div><\/div><\/div><\/section><section class=\"kc-elm kc-css-841030 kc_row\"><div class=\"kc-row-container  kc-container\"><div class=\"kc-wrap-columns\"><div class=\"kc-elm kc-css-178044 kc_col-sm-6 kc_column kc_col-sm-6\"><div class=\"kc-col-container\"><div class=\"kc-elm kc-css-553488 kc_shortcode kc_single_image\">\n\n        <img decoding=\"async\" src=\"https:\/\/balanceproducts.com.ec\/site\/wp-content\/uploads\/2023\/03\/P2HHC43YFZG2PHYT4XWPNYYALM.jpg\" class=\"\" alt=\"\" \/>    <\/div>\n<div class=\"kc-elm kc-css-135370\" style=\"height: 20px; clear: both; width:100%;\"><\/div><div class=\"kc-elm kc-css-647692\" style=\"height: 20px; clear: both; width:100%;\"><\/div><div class=\"kc-elm kc-css-180009\" style=\"height: 20px; clear: both; width:100%;\"><\/div><div class=\"kc-elm kc-css-702903 kc_text_block\"><\/p>\n<div class=\"o9v6fnle cxmmr5t8 oygrvhab hcukyx3x c1et5uql ii04i59q\">\n<div dir=\"auto\"><span style=\"font-family: Verdana, Geneva;font-size: 14pt\"><em><strong>La importancia de las plantas ancestrales<\/strong><\/em><\/span><\/div>\n<div dir=\"auto\">\u00a0<\/div>\n<div dir=\"auto\" style=\"text-align: left\">\n<p class=\"MsoNormal\"><span lang=\"es\">Otro producto que ha sido usado a lo largo de los a\u00f1os con igual confianza a sus beneficios en nuestra salud es el jengibre, que desde hace mucho tiempo se consume en t\u00e9s o infusiones con diferentes prop\u00f3sitos tales como el desintoxicar el organismo o acelerar el metabolismo.<\/p>\n<p><\/span><\/p>\n<p class=\"MsoNormal\"><span lang=\"es\">El 79% del jengibre est\u00e1 compuesto de agua, 18% carbohidrato, 2% prote\u00edna y 1% de grasa lo que hace que muchas personas incluyan estas bebidas dentro de sus dietas.\u00a0<\/span><\/p>\n<p class=\"MsoNormal\"><span lang=\"es\">Es com\u00fanmente usada de modo preventivo para cuando sentimos que nos va a llegar un resfriado ya que tiene alto contenido en vitamina C, B9 , magnesio y potasio lo que nos ayuda a descongestionar nuestro organismo y mejorar el sistema inmunol\u00f3gico.\u00a0\u00a0<o:p><\/o:p><\/span><\/p>\n<\/div>\n<\/div>\n<p>\n<\/div><\/div><\/div><div class=\"kc-elm kc-css-726560 kc_col-sm-1 kc_column kc_col-sm-1\"><div class=\"kc-col-container\"><div class=\"kc-elm kc-css-329395\" style=\"height: 0px; clear: both; width:100%;\"><\/div><\/div><\/div><div class=\"kc-elm kc-css-912097 kc_col-sm-5 kc_column kc_col-sm-5\"><div class=\"kc-col-container\"><div class=\"kc-elm kc-css-732201\" style=\"height: 20px; clear: both; width:100%;\"><\/div>\n<div class=\"kc-elm kc-css-753904 kc-title-wrap \">\n\n\t<div class=\"kc_title\">Combinaci\u00f3n ideal: Guayusa + Jengibre<\/div>\n<\/div>\n<div class=\"kc-elm kc-css-184619\" style=\"height: 7px; clear: both; width:100%;\"><\/div><div class=\"kc-elm kc-css-614306 kc_text_block\"><\/p>\n<div align=\"justify\">\n<p class=\"MsoNormal\"><span lang=\"es\">Como podemos ver, son muchos los beneficios que tienen estas plantas en nuestro cuerpo por sus usos medicinales y ancestrales que nos han dejado nuestras antiguas comunidades. Mish\u00e1 Guayusa, marca de Balance Products a\u00f1adir\u00e1 a sus bebidas una deliciosa mezcla de Guayus\u00e1 y Jengibre endulzada con su<\/span><span style=\"font-style: inherit;\">\u00a0propia Stevia Balance. \u00a1No te la puedes perder!<\/span><\/p>\n<p class=\"MsoNormal\"><span style=\"font-size:14.0pt;line-height:107%;font-family:\"><\/span><\/p>\n<\/div>\n<p>\n<\/div>\n\n<div class=\"image_fadein_slider kc-elm kc-css-801565 \">\n\t\t<div data-delay=\"3000\" class=\"image_fadein\" data-images=\"11502,11501,11496\">\n\t<img decoding=\"async\" src=\"https:\/\/balanceproducts.com.ec\/site\/wp-content\/uploads\/2023\/03\/istockphoto-852085806-612x612-1.jpg\" \/><img decoding=\"async\" src=\"https:\/\/balanceproducts.com.ec\/site\/wp-content\/uploads\/2023\/03\/guayusa.webp\" \/><img decoding=\"async\" src=\"https:\/\/balanceproducts.com.ec\/site\/wp-content\/uploads\/2023\/03\/te-jegibre-limon-768x513-1.webp\" \/>\t<\/div>\n<\/div>\n<\/div><\/div><\/div><\/div><\/section><section class=\"kc-elm kc-css-415842 kc_row\"><div class=\"kc-row-container  kc-container\"><div class=\"kc-wrap-columns\"><div class=\"kc-elm kc-css-599617 kc_col-sm-12 kc_column kc_col-sm-12\"><div class=\"kc-col-container\"><div class=\"kc-elm kc-css-97997\" style=\"height: 20px; clear: both; width:100%;\"><\/div><div class=\"kc-elm kc-css-715874\" style=\"height: 20px; clear: both; width:100%;\"><\/div><div class=\"kc-elm kc-css-197189\" style=\"height: 20px; clear: both; width:100%;\"><\/div>\n<div class=\"kc-elm kc-css-426669 divider_line\">\n\t<div class=\"divider_inner divider_line1\">\n\t\t\t<\/div>\n<\/div>\n<div class=\"kc-elm kc-css-822939\" style=\"height: 20px; clear: both; width:100%;\"><\/div><div class=\"kc-elm kc-css-660665\" style=\"height: 20px; clear: both; width:100%;\"><\/div><div class=\"kc-elm kc-css-684287\" style=\"height: 20px; clear: both; width:100%;\"><\/div><\/div><\/div><\/div><\/div><\/section><section class=\"kc-elm kc-css-417854 kc_row\"><div class=\"kc-row-container  kc-container\"><div class=\"kc-wrap-columns\"><div class=\"kc-elm kc-css-381022 kc_col-sm-3 kc_column kc_col-sm-3\"><div class=\"kc-col-container\"><div class=\"kc-elm kc-css-440584 kc_shortcode kc_single_image\">\n\n        <img decoding=\"async\" src=\"https:\/\/balanceproducts.com.ec\/site\/wp-content\/uploads\/2018\/11\/logo_celular.png\" class=\"\" alt=\"\" \/>    <\/div>\n<\/div><\/div><div class=\"kc-elm kc-css-474700 kc_col-sm-3 kc_column kc_col-sm-3\"><div class=\"kc-col-container\"><div class=\"kc-elm kc-css-513049 kc_text_block\"><\/p>\n<p><span style=\"font-size: 10pt\"><a href=\"https:\/\/balanceproducts.com.ec\/site\/nosotros\/\">Nosotros<\/a><\/span><\/p>\n<p><a href=\"https:\/\/balanceproducts.com.ec\/site\/materiasprimas\/\"><span style=\"font-size: 10pt\">Materias Primas<\/span><\/a><\/p>\n<p><a href=\"https:\/\/balanceproducts.com.ec\/site\/tienda\/\"><span style=\"font-size: 10pt\">Tienda Electr\u00f3nica<\/span><\/a><\/p>\n<p><span style=\"font-size: 10pt\">Productos<\/span><\/p>\n<p><a href=\"https:\/\/balanceproducts.com.ec\/site\/programas\/\"><span style=\"font-size: 10pt\">Programas<\/span><\/a><\/p>\n<p><a href=\"https:\/\/balanceproducts.com.ec\/site\/contacto\/\"><span style=\"font-size: 10pt\">Contacto<\/span><\/a><\/p>\n<p>\n<\/div><\/div><\/div><div class=\"kc-elm kc-css-470595 kc_col-sm-3 kc_column kc_col-sm-3\"><div class=\"kc-col-container\"><div class=\"kc-elm kc-css-522297 kc_text_block\"><\/p>\n<p><strong><span style=\"font-size: 10pt\">Contactos<\/span><\/strong><\/p>\n<p><span style=\"font-size: 10pt\"><b>Direcci\u00f3n:<br \/><\/b><\/span><span style=\"font-size: 10pt\">Av. Ponce <\/span><span style=\"font-size: 10pt\">Enriquez<\/span><span style=\"font-size: 10pt\">\u00a0OE1-309 y Pasaje Marcial<\/span><\/p>\n<p><span style=\"font-size: 10pt\"><strong>Tel\u00e9fono:<br \/><\/strong>02 2343 500<br \/><strong><br \/><\/strong><strong>Correo electr\u00f3nico:<\/strong><br \/>contacto@balanceproducts.com.ec<\/span><\/p>\n<p>\n<\/div><\/div><\/div><div class=\"kc-elm kc-css-281272 kc_col-sm-3 kc_column kc_col-sm-3\"><div class=\"kc-col-container\"><div class=\"kc-elm kc-css-160019 kc_google_maps kc_shortcode\"><div style=\"height: 350px\" class=\"kc-google-maps\"><iframe src=\"https:\/\/www.google.com\/maps\/embed?pb=!1m18!1m12!1m3!1d4246.588050383301!2d-78.48282210589977!3d-0.2927656035353127!2m3!1f0!2f0!3f0!3m2!1i1024!2i768!4f13.1!3m3!1m2!1s0x91d5990456a0d493%3A0xb23e7056f97ea77e!2sBalance%20Products!5e0!3m2!1ses!2sec!4v1610571631580!5m2!1ses!2sec\" width=\"100%\" height=\"350\" frameborder=\"0\" style=\"border:0;\" allowfullscreen=\"\" aria-hidden=\"false\" tabindex=\"0\"><\/iframe><\/div><\/div><\/div><\/div><\/div><\/div><\/section><section class=\"kc-elm kc-css-65441 kc_row\"><div class=\"kc-row-container  kc-container\"><div class=\"kc-wrap-columns\"><div class=\"kc-elm kc-css-743016 kc_col-sm-12 kc_column kc_col-sm-12\"><div class=\"kc-col-container\"><div class=\"kc-elm kc-css-528471\" style=\"height: 20px; clear: both; width:100%;\"><\/div><div class=\"kc-elm kc-css-492917\" style=\"height: 20px; clear: both; width:100%;\"><\/div><div class=\"kc-elm kc-css-642610\" style=\"height: 20px; clear: both; width:100%;\"><\/div><\/div><\/div><\/div><\/div><\/section><\/p>\n","protected":false},"excerpt":{"rendered":"","protected":false},"author":2,"featured_media":0,"parent":0,"menu_order":0,"comment_status":"closed","ping_status":"closed","template":"","meta":{"_joinchat":[],"footnotes":""},"class_list":["post-11490","page","type-page","status-publish","hentry"],"_links":{"self":[{"href":"https:\/\/balanceproducts.com.ec\/site\/wp-json\/wp\/v2\/pages\/11490","targetHints":{"allow":["GET"]}}],"collection":[{"href":"https:\/\/balanceproducts.com.ec\/site\/wp-json\/wp\/v2\/pages"}],"about":[{"href":"https:\/\/balanceproducts.com.ec\/site\/wp-json\/wp\/v2\/types\/page"}],"author":[{"embeddable":true,"href":"https:\/\/balanceproducts.com.ec\/site\/wp-json\/wp\/v2\/users\/2"}],"replies":[{"embeddable":true,"href":"https:\/\/balanceproducts.com.ec\/site\/wp-json\/wp\/v2\/comments?post=11490"}],"version-history":[{"count":17,"href":"https:\/\/balanceproducts.com.ec\/site\/wp-json\/wp\/v2\/pages\/11490\/revisions"}],"predecessor-version":[{"id":11574,"href":"https:\/\/balanceproducts.com.ec\/site\/wp-json\/wp\/v2\/pages\/11490\/revisions\/11574"}],"wp:attachment":[{"href":"https:\/\/balanceproducts.com.ec\/site\/wp-json\/wp\/v2\/media?parent=11490"}],"curies":[{"name":"wp","href":"https:\/\/api.w.org\/{rel}","templated":true}]}}