{"id":11587,"date":"2020-06-28T22:05:16","date_gmt":"2020-06-29T03:05:16","guid":{"rendered":"https:\/\/balanceproducts.com.ec\/site\/steviabalance-2-2\/"},"modified":"2025-09-24T14:55:57","modified_gmt":"2025-09-24T19:55:57","slug":"sucralosabalance","status":"publish","type":"page","link":"https:\/\/balanceproducts.com.ec\/site\/sucralosabalance\/","title":{"rendered":"Sucralosa Balance"},"content":{"rendered":"<p><section class=\"kc-elm kc-css-138548 kc_row\"><div class=\"kc-row-container  kc-container\"><div class=\"kc-wrap-columns\"><div class=\"kc-elm kc-css-509415 kc_col-sm-6 kc_column kc_col-sm-6\"><div class=\"kc-col-container\"><div class=\"kc-elm kc-css-703301\" style=\"height: 0px; clear: both; width:100%;\"><\/div><div class=\"kc-elm kc-css-305727\" style=\"height: 0px; clear: both; width:100%;\"><\/div><div class=\"kc-elm kc-css-17170\" style=\"height: 0px; clear: both; width:100%;\"><\/div><div class=\"kc-elm kc-css-128974 kc_shortcode kc_single_image\">\n\n        <img decoding=\"async\" src=\"https:\/\/balanceproducts.com.ec\/site\/wp-content\/uploads\/2023\/04\/Sucralosa-Balance-grande.png\" class=\"\" alt=\"\" \/>    <\/div>\n<\/div><\/div><div class=\"kc-elm kc-css-405405 kc_col-sm-1 kc_column kc_col-sm-1\"><div class=\"kc-col-container\"><div class=\"kc-elm kc-css-739206\" style=\"height: 0px; clear: both; width:100%;\"><\/div><\/div><\/div><div class=\"kc-elm kc-css-740935 kc_col-sm-5 kc_column kc_col-sm-5\"><div class=\"kc-col-container\"><div class=\"kc-elm kc-css-858411\" style=\"height: 20px; clear: both; width:100%;\"><\/div>\n<div class=\"kc-elm kc-css-8642 kc-title-wrap \">\n\n\t<div class=\"kc_title\">DESCRIPCI\u00d3N<\/div>\n<\/div>\n<div class=\"kc-elm kc-css-822762\" style=\"height: 7px; clear: both; width:100%;\"><\/div><div class=\"kc-elm kc-css-702918 kc_text_block\"><\/p>\n<div align=\"justify\">\n<p><span style=\"font-family: Verdana, Geneva;\"><span style=\"font-size: 18.6667px;\"><strong data-start=\"132\" data-end=\"153\">Sucralosa Balance<\/strong> es un endulzante <strong data-start=\"171\" data-end=\"204\">sint\u00e9tico derivado del az\u00facar<\/strong>, que ofrece todo el dulzor de siempre sin aportar calor\u00edas. Gracias a su f\u00f3rmula, no se metaboliza como energ\u00eda, convirti\u00e9ndose en una opci\u00f3n confiable y moderna para quienes buscan un estilo de vida saludable.<\/span><\/span><\/p>\n<p><span style=\"font-family: Verdana, Geneva; font-style: inherit; font-size: 14pt;\">Es ideal para <strong>endulzar<\/strong> bebidas, postres, pan, helados y todo tipo de alimentos. Adem\u00e1s, se puede usar en pasteler\u00eda, galleter\u00eda, panader\u00eda, elaboraci\u00f3n de bebidas y confiter\u00eda.<\/span><\/p>\n<p><span style=\"font-family: Verdana, Geneva; font-style: inherit; font-size: 14pt;\">Cada sobre de <strong>Sucralosa Balance<\/strong> equivale a <strong>2 cucharaditas<\/strong> de az\u00facar.<\/span><\/p>\n<\/div>\n<p>\n<\/div><\/div><\/div><\/div><\/div><\/section><section class=\"kc-elm kc-css-380267 kc_row\"><div class=\"kc-row-container  kc-container\"><div class=\"kc-wrap-columns\"><div class=\"kc-elm kc-css-519706 kc_col-sm-12 kc_column kc_col-sm-12\"><div class=\"kc-col-container\"><div class=\"kc-elm kc-css-895645\" style=\"height: 20px; clear: both; width:100%;\"><\/div><div class=\"kc-elm kc-css-707172\" style=\"height: 20px; clear: both; width:100%;\"><\/div><div class=\"kc-elm kc-css-956327\" style=\"height: 20px; clear: both; width:100%;\"><\/div><\/div><\/div><\/div><\/div><\/section><section class=\"kc-elm kc-css-526529 kc_row\"><div class=\"kc-row-container  kc-container\"><div class=\"kc-wrap-columns\"><div class=\"kc-elm kc-css-495661 kc_col-sm-5 kc_column kc_col-sm-5\"><div class=\"kc-col-container\"><div class=\"kc-elm kc-css-774927\" style=\"height: 20px; clear: both; width:100%;\"><\/div>\n<div class=\"kc-elm kc-css-607393 kc-title-wrap \">\n\n\t<div class=\"kc_title\">BENEFICIOS:<\/div>\n<\/div>\n<div class=\"kc-elm kc-css-176661\" style=\"height: 7px; clear: both; width:100%;\"><\/div><div class=\"kc-elm kc-css-613529 kc_text_block\"><\/p>\n<div align=\"justify\">\n<ul>\n<li><span style=\"font-family: Verdana, Geneva;\"><span style=\"font-size: 18.6667px;\">Al usar <strong>Sucralosa Balance<\/strong>, no tendr\u00e1s que preocuparte por las calor\u00edas adicionales que agregar\u00eda el az\u00facar, y podr\u00e1s disfrutar del dulzor que te gusta sin sacrificar el sabor.<\/span><\/span><\/li>\n<\/ul>\n<ul>\n<li><span style=\"font-family: Verdana, Geneva; font-size: 14pt; font-style: inherit;\">Tiene un aporte de <\/span><strong style=\"font-family: Verdana, Geneva; font-size: 14pt; font-style: inherit;\">0 calor\u00edas<\/strong><span style=\"font-family: Verdana, Geneva; font-size: 14pt; font-style: inherit;\">.<\/span><\/li>\n<\/ul>\n<ul>\n<li><strong style=\"font-family: Verdana, Geneva; font-size: 14pt; font-style: inherit;\">Contribuye a la p\u00e9rdida de peso, <\/strong><span style=\"font-family: Verdana, Geneva; font-size: 14pt; font-style: inherit;\">ya que reduce la ansiedad por la comida y regula la insulina del cuerpo.<\/span><\/li>\n<\/ul>\n<\/div>\n<p>\n<\/div><\/div><\/div><div class=\"kc-elm kc-css-348150 kc_col-sm-1 kc_column kc_col-sm-1\"><div class=\"kc-col-container\"><div class=\"kc-elm kc-css-163926\" style=\"height: 6px; clear: both; width:100%;\"><\/div><\/div><\/div><div class=\"kc-elm kc-css-422322 kc_col-sm-6 kc_column kc_col-sm-6\"><div class=\"kc-col-container\"><div class=\"kc-elm kc-css-942466\" style=\"height: 20px; clear: both; width:100%;\"><\/div><div class=\"kc-elm kc-css-733726 kc_shortcode kc_single_image\">\n\n        <img decoding=\"async\" src=\"https:\/\/balanceproducts.com.ec\/site\/wp-content\/uploads\/2023\/04\/cream-pastry-bag-lady-with-baking-tool-scaled.jpg\" class=\"\" alt=\"\" \/>    <\/div>\n<\/div><\/div><\/div><\/div><\/section><section class=\"kc-elm kc-css-333009 kc_row\"><div class=\"kc-row-container  kc-container\"><div class=\"kc-wrap-columns\"><div class=\"kc-elm kc-css-815457 kc_col-sm-12 kc_column kc_col-sm-12\"><div class=\"kc-col-container\"><div class=\"kc-elm kc-css-551882\" style=\"height: 20px; clear: both; width:100%;\"><\/div><div class=\"kc-elm kc-css-250057\" style=\"height: 20px; clear: both; width:100%;\"><\/div><div class=\"kc-elm kc-css-242570\" style=\"height: 20px; clear: both; width:100%;\"><\/div><div class=\"kc-elm kc-css-631125\" style=\"height: 20px; clear: both; width:100%;\"><\/div><div class=\"kc-elm kc-css-719880\" style=\"height: 20px; clear: both; width:100%;\"><\/div><div class=\"kc-elm kc-css-320534\" style=\"height: 20px; clear: both; width:100%;\"><\/div><div class=\"kc-elm kc-css-539750\" style=\"height: 20px; clear: both; width:100%;\"><\/div><div class=\"kc-elm kc-css-67336 kc_text_block\"><\/p>\n<p style=\"text-align: center;\"><span style=\"font-family: &#039;Times New Roman&#039;, Times; font-size: 36pt;\"><b>PRESENTACIONES<\/b><\/span><\/p>\n<p>\n<\/div><div class=\"kc-elm kc-css-143538\" style=\"height: 20px; clear: both; width:100%;\"><\/div><div class=\"kc-elm kc-css-22965\" style=\"height: 20px; clear: both; width:100%;\"><\/div><div class=\"kc-elm kc-css-661526\" style=\"height: 20px; clear: both; width:100%;\"><\/div><div class=\"kc-elm kc-css-400484\" style=\"height: 20px; clear: both; width:100%;\"><\/div><div class=\"kc-elm kc-css-501709\" style=\"height: 20px; clear: both; width:100%;\"><\/div><\/div><\/div><\/div><\/div><\/section><section class=\"kc-elm kc-css-893196 kc_row\"><div class=\"kc-row-container  kc-container\"><div class=\"kc-wrap-columns\"><div class=\"kc-elm kc-css-968620 kc_col-sm-6 kc_column kc_col-sm-6\"><div class=\"kc-col-container\"><div class=\"kc-elm kc-css-5866 kc_text_block\"><\/p>\n<p style=\"text-align: center;\"><a href=\"https:\/\/balanceproducts.com.ec\/site\/steviabalanceenpolvo-2\/\"><span style=\"font-size: 24pt;\"><strong><span style=\"font-family: Times New Roman, Times;\">Sucralosa Balance<\/span><\/strong><\/span><\/a><\/p>\n<p>\n<\/div><div class=\"kc-elm kc-css-153436 kc_shortcode kc_single_image\">\n\n        <img decoding=\"async\" src=\"https:\/\/balanceproducts.com.ec\/site\/wp-content\/uploads\/2023\/04\/Sucralosa-Caja-y-Sobres_web.png\" class=\"\" alt=\"\" \/>    <\/div>\n<\/div><\/div><div class=\"kc-elm kc-css-99939 kc_col-sm-6 kc_column kc_col-sm-6\"><div class=\"kc-col-container\"><div class=\"kc-elm kc-css-703817\" style=\"height: 20px; clear: both; width:100%;\"><\/div><div class=\"kc-elm kc-css-92810\" style=\"height: 20px; clear: both; width:100%;\"><\/div><div class=\"kc-elm kc-css-716824\" style=\"height: 20px; clear: both; width:100%;\"><\/div><div class=\"kc-elm kc-css-867847\" style=\"height: 20px; clear: both; width:100%;\"><\/div><div class=\"kc-elm kc-css-509854\" style=\"height: 20px; clear: both; width:100%;\"><\/div><div class=\"kc-elm kc-css-401894\" style=\"height: 20px; clear: both; width:100%;\"><\/div><div class=\"kc-elm kc-css-911160\" style=\"height: 20px; clear: both; width:100%;\"><\/div><div class=\"kc-elm kc-css-636009 kc_text_block\"><\/p>\n<div align=\"justify\">\n<div align=\"justify\">\n<p style=\"text-align: center;\"><span style=\"font-size: 24pt;\"><strong><span style=\"font-family: Times New Roman, Times;\">CAJAS<\/span><\/strong><\/span><\/p>\n<\/div>\n<p style=\"text-align: center;\"><span style=\"font-size: 14pt;\">25 sobres<\/span><\/p>\n<p style=\"text-align: center;\"><span style=\"font-size: 24pt;\"><strong><span style=\"font-family: Times New Roman, Times;\">FUNDAS<\/span><\/strong><\/span><\/p>\n<p style=\"text-align: center;\"><span style=\"font-size: 14pt;\">200 sobres<\/span><br \/><span style=\"font-size: 14pt;\">500 sobres<\/span><\/p>\n<p style=\"text-align: center;\">\n<\/div>\n<p>\n<\/div>\n<div class=\"kc-elm kc-css-126006 kc-pro-button kc-button-6\">\n\t<a href=\"https:\/\/balanceproducts.com.ec\/site\/tienda\/\">\n\t\t<span class=\"creative_title\">COMPRAR AQU\u00cd<\/span>\t<\/a>\n<\/div>\n<\/div><\/div><\/div><\/div><\/section><section class=\"kc-elm kc-css-986918 kc_row\"><div class=\"kc-row-container  kc-container\"><div class=\"kc-wrap-columns\"><div class=\"kc-elm kc-css-153236 kc_col-sm-12 kc_column kc_col-sm-12\"><div class=\"kc-col-container\"><div class=\"kc-elm kc-css-255993\" style=\"height: 20px; clear: both; width:100%;\"><\/div><div class=\"kc-elm kc-css-562952\" style=\"height: 20px; clear: both; width:100%;\"><\/div><div class=\"kc-elm kc-css-803904\" style=\"height: 20px; clear: both; width:100%;\"><\/div><div class=\"kc-elm kc-css-465702\" style=\"height: 20px; clear: both; width:100%;\"><\/div><div class=\"kc-elm kc-css-742475\" style=\"height: 20px; clear: both; width:100%;\"><\/div><div class=\"kc-elm kc-css-555100\" style=\"height: 20px; clear: both; width:100%;\"><\/div><\/div><\/div><\/div><\/div><\/section><section class=\"kc-elm kc-css-499461 kc_row\"><div class=\"kc-row-container  kc-container\"><div class=\"kc-wrap-columns\"><div class=\"kc-elm kc-css-374913 kc_col-sm-3 kc_column kc_col-sm-3\"><div class=\"kc-col-container\"><\/div><\/div><div class=\"kc-elm kc-css-847346 kc_col-sm-5 kc_column kc_col-sm-5\"><div class=\"kc-col-container\"><div class=\"kc-elm kc-css-44572 kc_shortcode kc_single_image\">\n\n        <img decoding=\"async\" src=\"https:\/\/balanceproducts.com.ec\/site\/wp-content\/uploads\/2021\/10\/Encuentranos-en-1.jpg\" class=\"\" alt=\"\" \/>    <\/div>\n<\/div><\/div><div class=\"kc-elm kc-css-331966 kc_col-sm-3 kc_column kc_col-sm-3\"><div class=\"kc-col-container\"><\/div><\/div><\/div><\/div><\/section><section class=\"kc-elm kc-css-950072 kc_row\"><div class=\"kc-row-container  kc-container\"><div class=\"kc-wrap-columns\"><div class=\"kc-elm kc-css-714332 kc_col-sm-3 kc_column kc_col-sm-3\"><div class=\"kc-col-container\"><div class=\"kc-elm kc-css-611695 kc_shortcode kc_single_image\">\n\n        <img decoding=\"async\" src=\"https:\/\/balanceproducts.com.ec\/site\/wp-content\/uploads\/2018\/11\/marcastienda-04.jpg\" class=\"\" alt=\"\" \/>    <\/div>\n<\/div><\/div><div class=\"kc-elm kc-css-571101 kc_col-sm-3 kc_column kc_col-sm-3\"><div class=\"kc-col-container\"><div class=\"kc-elm kc-css-863230 kc_shortcode kc_single_image\">\n\n        <img decoding=\"async\" src=\"https:\/\/balanceproducts.com.ec\/site\/wp-content\/uploads\/2018\/11\/marcastienda-05.jpg\" class=\"\" alt=\"\" \/>    <\/div>\n<\/div><\/div><div class=\"kc-elm kc-css-992812 kc_col-sm-3 kc_column kc_col-sm-3\"><div class=\"kc-col-container\"><\/div><\/div><div class=\"kc-elm kc-css-936614 kc_col-sm-3 kc_column kc_col-sm-3\"><div class=\"kc-col-container\"><\/div><\/div><\/div><\/div><\/section><section class=\"kc-elm kc-css-624836 kc_row\"><div class=\"kc-row-container  kc-container\"><div class=\"kc-wrap-columns\"><div class=\"kc-elm kc-css-725047 kc_col-sm-12 kc_column kc_col-sm-12\"><div class=\"kc-col-container\"><div class=\"kc-elm kc-css-532749\" style=\"height: 20px; clear: both; width:100%;\"><\/div><div class=\"kc-elm kc-css-394654\" style=\"height: 20px; clear: both; width:100%;\"><\/div><div class=\"kc-elm kc-css-455881\" style=\"height: 20px; clear: both; width:100%;\"><\/div><\/div><\/div><\/div><\/div><\/section><section class=\"kc-elm kc-css-65219 kc_row\"><div class=\"kc-row-container  kc-container\"><div class=\"kc-wrap-columns\"><div class=\"kc-elm kc-css-41163 kc_col-sm-2 kc_column kc_col-sm-2\"><div class=\"kc-col-container\"><div class=\"kc-elm kc-css-207595 kc_shortcode kc_single_image\">\n\n        <img decoding=\"async\" src=\"https:\/\/balanceproducts.com.ec\/site\/wp-content\/uploads\/2021\/10\/Medicity.png\" class=\"\" alt=\"\" \/>    <\/div>\n<\/div><\/div><div class=\"kc-elm kc-css-774435 kc_col-sm-2 kc_column kc_col-sm-2\"><div class=\"kc-col-container\"><div class=\"kc-elm kc-css-209308 kc_shortcode kc_single_image\">\n\n        <img decoding=\"async\" src=\"https:\/\/balanceproducts.com.ec\/site\/wp-content\/uploads\/2021\/10\/Econo\u0301micas.png\" class=\"\" alt=\"\" \/>    <\/div>\n<\/div><\/div><div class=\"kc-elm kc-css-259444 kc_col-sm-2 kc_column kc_col-sm-2\"><div class=\"kc-col-container\"><div class=\"kc-elm kc-css-290677 kc_shortcode kc_single_image\">\n\n        <img decoding=\"async\" src=\"https:\/\/balanceproducts.com.ec\/site\/wp-content\/uploads\/2021\/10\/Supermaxi.png\" class=\"\" alt=\"\" \/>    <\/div>\n<\/div><\/div><div class=\"kc-elm kc-css-275718 kc_col-sm-2 kc_column kc_col-sm-2\"><div class=\"kc-col-container\"><div class=\"kc-elm kc-css-909203 kc_shortcode kc_single_image\">\n\n        <img decoding=\"async\" src=\"https:\/\/balanceproducts.com.ec\/site\/wp-content\/uploads\/2021\/10\/MEGAMAXI.png\" class=\"\" alt=\"\" \/>    <\/div>\n<\/div><\/div><div class=\"kc-elm kc-css-238020 kc_col-sm-2 kc_column kc_col-sm-2\"><div class=\"kc-col-container\"><div class=\"kc-elm kc-css-512409 kc_shortcode kc_single_image\">\n\n        <img decoding=\"async\" src=\"https:\/\/balanceproducts.com.ec\/site\/wp-content\/uploads\/2021\/10\/Vaco-y-Vaca.png\" class=\"\" alt=\"\" \/>    <\/div>\n<\/div><\/div><div class=\"kc-elm kc-css-428922 kc_col-sm-2 kc_column kc_col-sm-2\"><div class=\"kc-col-container\"><div class=\"kc-elm kc-css-752693 kc_shortcode kc_single_image\">\n\n        <img decoding=\"async\" src=\"https:\/\/balanceproducts.com.ec\/site\/wp-content\/uploads\/2021\/10\/Ecuanatu.png\" class=\"\" alt=\"\" \/>    <\/div>\n<\/div><\/div><\/div><\/div><\/section><section class=\"kc-elm kc-css-639330 kc_row\"><div class=\"kc-row-container  kc-container\"><div class=\"kc-wrap-columns\"><div class=\"kc-elm kc-css-623258 kc_col-sm-12 kc_column kc_col-sm-12\"><div class=\"kc-col-container\"><div class=\"kc-elm kc-css-234060\" style=\"height: 20px; clear: both; width:100%;\"><\/div><div class=\"kc-elm kc-css-895012\" style=\"height: 20px; clear: both; width:100%;\"><\/div><\/div><\/div><\/div><\/div><\/section><section class=\"kc-elm kc-css-885614 kc_row\"><div class=\"kc-row-container  kc-container\"><div class=\"kc-wrap-columns\"><div class=\"kc-elm kc-css-39447 kc_col-sm-3 kc_column kc_col-sm-3\"><div class=\"kc-col-container\"><div class=\"kc-elm kc-css-128625 kc_shortcode kc_single_image\">\n\n        <img decoding=\"async\" src=\"https:\/\/balanceproducts.com.ec\/site\/wp-content\/uploads\/2021\/10\/Santo-Domingo-1-1.jpg\" class=\"\" alt=\"\" \/>    <\/div>\n<\/div><\/div><div class=\"kc-elm kc-css-985521 kc_col-sm-3 kc_column kc_col-sm-3\"><div class=\"kc-col-container\"><\/div><\/div><div class=\"kc-elm kc-css-253606 kc_col-sm-6 kc_column kc_col-sm-6\"><div class=\"kc-col-container\"><div class=\"kc-elm kc-css-22958 kc_shortcode kc_single_image\">\n\n        <img decoding=\"async\" src=\"https:\/\/balanceproducts.com.ec\/site\/wp-content\/uploads\/2021\/10\/Manabi-1.jpg\" class=\"\" alt=\"\" \/>    <\/div>\n<\/div><\/div><\/div><\/div><\/section><section class=\"kc-elm kc-css-220515 kc_row\"><div class=\"kc-row-container  kc-container\"><div class=\"kc-wrap-columns\"><div class=\"kc-elm kc-css-668551 kc_col-sm-12 kc_column kc_col-sm-12\"><div class=\"kc-col-container\"><div class=\"kc-elm kc-css-253530\" style=\"height: 20px; clear: both; width:100%;\"><\/div><div class=\"kc-elm kc-css-373729\" style=\"height: 20px; clear: both; width:100%;\"><\/div><div class=\"kc-elm kc-css-770535\" style=\"height: 20px; clear: both; width:100%;\"><\/div><\/div><\/div><\/div><\/div><\/section><section class=\"kc-elm kc-css-922463 kc_row\"><div class=\"kc-row-container  kc-container\"><div class=\"kc-wrap-columns\"><div class=\"kc-elm kc-css-692541 kc_col-sm-2 kc_column kc_col-sm-2\"><div class=\"kc-col-container\"><div class=\"kc-elm kc-css-72172 kc_shortcode kc_single_image\">\n\n        <img decoding=\"async\" src=\"https:\/\/balanceproducts.com.ec\/site\/wp-content\/uploads\/2021\/10\/Pip-Coffee.png\" class=\"\" alt=\"\" \/>    <\/div>\n<\/div><\/div><div class=\"kc-elm kc-css-127593 kc_col-sm-2 kc_column kc_col-sm-2\"><div class=\"kc-col-container\"><\/div><\/div><div class=\"kc-elm kc-css-302646 kc_col-sm-2 kc_column kc_col-sm-2\"><div class=\"kc-col-container\"><\/div><\/div><div class=\"kc-elm kc-css-999838 kc_col-sm-2 kc_column kc_col-sm-2\"><div class=\"kc-col-container\"><div class=\"kc-elm kc-css-951682 kc_shortcode kc_single_image\">\n\n        <img decoding=\"async\" src=\"https:\/\/balanceproducts.com.ec\/site\/wp-content\/uploads\/2021\/10\/Sn-Gregorio-.png\" class=\"\" alt=\"\" \/>    <\/div>\n<\/div><\/div><div class=\"kc-elm kc-css-885122 kc_col-sm-2 kc_column kc_col-sm-2\"><div class=\"kc-col-container\"><div class=\"kc-elm kc-css-699775 kc_shortcode kc_single_image\">\n\n        <img decoding=\"async\" src=\"https:\/\/balanceproducts.com.ec\/site\/wp-content\/uploads\/2021\/10\/Pip-Coffee.png\" class=\"\" alt=\"\" \/>    <\/div>\n<\/div><\/div><div class=\"kc-elm kc-css-188979 kc_col-sm-2 kc_column kc_col-sm-2\"><div class=\"kc-col-container\"><\/div><\/div><\/div><\/div><\/section><section class=\"kc-elm kc-css-148945 kc_row\"><div class=\"kc-row-container  kc-container\"><div class=\"kc-wrap-columns\"><div class=\"kc-elm kc-css-636611 kc_col-sm-12 kc_column kc_col-sm-12\"><div class=\"kc-col-container\"><div class=\"kc-elm kc-css-929028\" style=\"height: 20px; clear: both; width:100%;\"><\/div><div class=\"kc-elm kc-css-831493\" style=\"height: 20px; clear: both; width:100%;\"><\/div><div class=\"kc-elm kc-css-296717\" style=\"height: 20px; clear: both; width:100%;\"><\/div><div class=\"kc-elm kc-css-950143\" style=\"height: 20px; clear: both; width:100%;\"><\/div><div class=\"kc-elm kc-css-676072\" style=\"height: 20px; clear: both; width:100%;\"><\/div><div class=\"kc-elm kc-css-82144\" style=\"height: 20px; clear: both; width:100%;\"><\/div><\/div><\/div><\/div><\/div><\/section><section class=\"kc-elm kc-css-703715 kc_row\"><div class=\"kc-row-container  kc-container\"><div class=\"kc-wrap-columns\"><div class=\"kc-elm kc-css-898542 kc_col-sm-3 kc_column kc_col-sm-3\"><div class=\"kc-col-container\"><div class=\"kc-elm kc-css-923153 kc_shortcode kc_single_image\">\n\n        <img decoding=\"async\" src=\"https:\/\/balanceproducts.com.ec\/site\/wp-content\/uploads\/2018\/11\/logo_celular.png\" class=\"\" alt=\"\" \/>    <\/div>\n<\/div><\/div><div class=\"kc-elm kc-css-492121 kc_col-sm-3 kc_column kc_col-sm-3\"><div class=\"kc-col-container\"><div class=\"kc-elm kc-css-38279 kc_text_block\"><\/p>\n<p><span style=\"font-size: 10pt;\"><a href=\"https:\/\/balanceproducts.com.ec\/site\/nosotros\/\">Nosotros<\/a><\/span><\/p>\n<p><a href=\"https:\/\/balanceproducts.com.ec\/site\/materiasprimas\/\"><span style=\"font-size: 10pt;\">Materias Primas<\/span><\/a><\/p>\n<p><a href=\"https:\/\/balanceproducts.com.ec\/site\/tienda\/\"><span style=\"font-size: 10pt;\">Tienda Electr\u00f3nica<\/span><\/a><\/p>\n<p><span style=\"font-size: 10pt;\">Productos<\/span><\/p>\n<p><a href=\"https:\/\/balanceproducts.com.ec\/site\/programas\/\"><span style=\"font-size: 10pt;\">Programas<\/span><\/a><\/p>\n<p><a href=\"https:\/\/balanceproducts.com.ec\/site\/contacto\/\"><span style=\"font-size: 10pt;\">Contacto<\/span><\/a><\/p>\n<p>\n<\/div><\/div><\/div><div class=\"kc-elm kc-css-696469 kc_col-sm-3 kc_column kc_col-sm-3\"><div class=\"kc-col-container\"><div class=\"kc-elm kc-css-169469 kc_text_block\"><\/p>\n<p><strong><span style=\"font-size: 10pt;\">Contactos<\/span><\/strong><\/p>\n<p><span style=\"font-size: 10pt;\"><b>Direcci\u00f3n:<br \/><\/b><\/span><span style=\"font-size: 10pt;\">Av. Ponce <\/span><span style=\"font-size: 10pt;\">Enriquez<\/span><span style=\"font-size: 10pt;\">\u00a0OE13-09 y Pasaje Marcial<\/span><\/p>\n<p><span style=\"font-size: 10pt;\"><strong>Tel\u00e9fono:<br \/><\/strong>02 2343 500<br \/><strong><br \/><\/strong><strong>Correo electr\u00f3nico:<\/strong><br \/>contacto@balanceproducts.com.ec<\/span><\/p>\n<p>\n<\/div><\/div><\/div><div class=\"kc-elm kc-css-620972 kc_col-sm-3 kc_column kc_col-sm-3\"><div class=\"kc-col-container\"><div class=\"kc-elm kc-css-685831 kc_google_maps kc_shortcode\"><div style=\"height: 350px\" class=\"kc-google-maps\"><iframe src=\"https:\/\/www.google.com\/maps\/embed?pb=!1m18!1m12!1m3!1d4246.588050383301!2d-78.48282210589977!3d-0.2927656035353127!2m3!1f0!2f0!3f0!3m2!1i1024!2i768!4f13.1!3m3!1m2!1s0x91d5990456a0d493%3A0xb23e7056f97ea77e!2sBalance%20Products!5e0!3m2!1ses!2sec!4v1610571631580!5m2!1ses!2sec\" width=\"100%\" height=\"350\" frameborder=\"0\" style=\"border:0;\" allowfullscreen=\"\" aria-hidden=\"false\" tabindex=\"0\"><\/iframe><\/div><\/div><\/div><\/div><\/div><\/div><\/section><section class=\"kc-elm kc-css-942707 kc_row\"><div class=\"kc-row-container  kc-container\"><div class=\"kc-wrap-columns\"><div class=\"kc-elm kc-css-526970 kc_col-sm-12 kc_column kc_col-sm-12\"><div class=\"kc-col-container\"><div class=\"kc-elm kc-css-102708\" style=\"height: 20px; clear: both; width:100%;\"><\/div><div class=\"kc-elm kc-css-938280\" style=\"height: 20px; clear: both; width:100%;\"><\/div><div class=\"kc-elm kc-css-636475\" style=\"height: 20px; clear: both; width:100%;\"><\/div><\/div><\/div><\/div><\/div><\/section><\/p>\n","protected":false},"excerpt":{"rendered":"","protected":false},"author":2,"featured_media":0,"parent":0,"menu_order":0,"comment_status":"closed","ping_status":"closed","template":"","meta":{"_joinchat":[],"footnotes":""},"class_list":["post-11587","page","type-page","status-publish","hentry"],"_links":{"self":[{"href":"https:\/\/balanceproducts.com.ec\/site\/wp-json\/wp\/v2\/pages\/11587","targetHints":{"allow":["GET"]}}],"collection":[{"href":"https:\/\/balanceproducts.com.ec\/site\/wp-json\/wp\/v2\/pages"}],"about":[{"href":"https:\/\/balanceproducts.com.ec\/site\/wp-json\/wp\/v2\/types\/page"}],"author":[{"embeddable":true,"href":"https:\/\/balanceproducts.com.ec\/site\/wp-json\/wp\/v2\/users\/2"}],"replies":[{"embeddable":true,"href":"https:\/\/balanceproducts.com.ec\/site\/wp-json\/wp\/v2\/comments?post=11587"}],"version-history":[{"count":24,"href":"https:\/\/balanceproducts.com.ec\/site\/wp-json\/wp\/v2\/pages\/11587\/revisions"}],"predecessor-version":[{"id":13370,"href":"https:\/\/balanceproducts.com.ec\/site\/wp-json\/wp\/v2\/pages\/11587\/revisions\/13370"}],"wp:attachment":[{"href":"https:\/\/balanceproducts.com.ec\/site\/wp-json\/wp\/v2\/media?parent=11587"}],"curies":[{"name":"wp","href":"https:\/\/api.w.org\/{rel}","templated":true}]}}