{"id":11833,"date":"2020-06-28T22:05:16","date_gmt":"2020-06-29T03:05:16","guid":{"rendered":"https:\/\/balanceproducts.com.ec\/site\/infusionancestralguayusa-2\/"},"modified":"2023-07-13T09:19:43","modified_gmt":"2023-07-13T14:19:43","slug":"recomendacionesverano","status":"publish","type":"page","link":"https:\/\/balanceproducts.com.ec\/site\/recomendacionesverano\/","title":{"rendered":"Recomendaciones de verano"},"content":{"rendered":"<p><section class=\"kc-elm kc-css-203814 kc_row\"><div class=\"kc-row-container  kc-container\"><div class=\"kc-wrap-columns\"><div class=\"kc-elm kc-css-739087 kc_col-sm-5 kc_column kc_col-sm-5\"><div class=\"kc-col-container\"><div class=\"kc-elm kc-css-9151\" style=\"height: 20px; clear: both; width:100%;\"><\/div>\n<div class=\"kc-elm kc-css-184666 kc-title-wrap \">\n\n\t<div class=\"kc_title\">Sol, diversi\u00f3n y verano<\/div>\n<\/div>\n<div class=\"kc-elm kc-css-349972\" style=\"height: 7px; clear: both; width:100%;\"><\/div><div class=\"kc-elm kc-css-550725 kc_text_block\"><\/p>\n<div align=\"justify\">\n<p class=\"MsoNormal\"><strong><i><span style=\"font-size: 14pt; line-height: 107%; font-family: Verdana, sans-serif; background-image: initial; background-position: initial; background-size: initial; background-attachment: initial;\">Dale a tu cuerpo los electrolitos que necesita este verano<\/span><\/i><\/strong><\/p>\n<p align=\"justify\"><span style=\"color: #222222; font-size: 12pt; font-style: inherit;\">El verano ha iniciado y es una \u00e9poca muy esperada por todos, especialmente las personas j\u00f3venes por las vacaciones de verano. Las temperaturas ambientales este a\u00f1o han roto r\u00e9cords a nivel mundial, ya sea por lo alto o lo bajo que han llegado.\u00a0<\/span><\/p>\n<p align=\"justify\"><span style=\"color: #222222; font-size: 12pt; font-style: inherit;\">En nuestro pa\u00eds se ha sentido mucho calor y d\u00edas soleados, que a pesar que nos llenan de entusiasmo para disfrutar en la playa o albercas necesitamos tomar precauciones muy importantes.<\/span><span style=\"color: #222222; font-size: 12pt; font-style: inherit;\">\u00a0<\/span><\/p>\n<p align=\"justify\"><span lang=\"es\" style=\"font-style: inherit; font-size: 12pt; line-height: 115%; font-family: Arial, sans-serif; color: #222222;\">Siempre se recomienda salir con bloqueador solar &#8220;SPF 50+\" y replicarlo cada 2 o 3 horas ya que este se disuelve al pasar el d\u00eda. As\u00ed garantizamos su efectividad en nuestra piel. Otro factor importante es mantenernos hidratados.<\/span><\/p>\n<p align=\"justify\"><span lang=\"es\" style=\"font-style: inherit; font-size: 12pt; line-height: 115%; font-family: Arial, sans-serif; color: #222222;\">El verano es el mejor momento para hacer deporte y dedicarnos a esas actividades extracurriculares que no podemos en un horario laboral o de estudios. Al realizar actividad f\u00edsica por largos per\u00edodos de tiempo, m\u00e1s el calor del ambiente en estos meses es com\u00fan que nuestro cuerpo llegue a deshidratarse si no mantenemos una buena hidrataci\u00f3n.\u00a0<\/span><\/p>\n<p align=\"justify\"><span lang=\"es\" style=\"font-style: inherit; font-size: 12pt; line-height: 115%; font-family: Arial, sans-serif; color: #222222;\">Al deshidratarnos nuestro cuerpo pierde m\u00e1s l\u00edquido del que ha\u00a0ingerido y en ocasiones tambi\u00e9n tenemos p\u00e9rdida de electrolitos.<\/span><\/p>\n<p align=\"justify\"><span lang=\"es\">\u00a0<\/span><\/p>\n<div class=\"o9v6fnle cxmmr5t8 oygrvhab hcukyx3x c1et5uql ii04i59q\">\n<p dir=\"auto\">\n<\/div>\n<\/div>\n<p>\n<\/div><div class=\"kc-elm kc-css-63834 kc_shortcode kc_single_image\">\n\n        <img decoding=\"async\" src=\"https:\/\/balanceproducts.com.ec\/site\/wp-content\/uploads\/2023\/07\/Hidralife-Mujer-Saltando-02.jpg\" class=\"\" alt=\"\" \/>    <\/div>\n<\/div><\/div><div class=\"kc-elm kc-css-550561 kc_col-sm-1 kc_column kc_col-sm-1\"><div class=\"kc-col-container\"><div class=\"kc-elm kc-css-837579\" style=\"height: 0px; clear: both; width:100%;\"><\/div><\/div><\/div><div class=\"kc-elm kc-css-146481 kc_col-sm-6 kc_column kc_col-sm-6\"><div class=\"kc-col-container\"><div class=\"kc-elm kc-css-765034\" style=\"height: 20px; clear: both; width:100%;\"><\/div><div class=\"kc-elm kc-css-496800 kc_shortcode kc_single_image\">\n\n        <img decoding=\"async\" src=\"https:\/\/balanceproducts.com.ec\/site\/wp-content\/uploads\/2023\/07\/bikini-kwgB-U709554058309wC-624x468@MujerHoy.jpg\" class=\"\" alt=\"\" \/>    <\/div>\n<div class=\"kc-elm kc-css-308367\" style=\"height: 20px; clear: both; width:100%;\"><\/div><div class=\"kc-elm kc-css-466421\" style=\"height: 20px; clear: both; width:100%;\"><\/div><div class=\"kc-elm kc-css-100125 kc_text_block\"><\/p>\n<p class=\"MsoNormal\" style=\"margin-bottom: 12pt; background-image: initial; background-position: initial; background-size: initial; background-repeat: initial; background-attachment: initial; background-origin: initial; background-clip: initial;\"><span style=\"font-size: 12pt; font-style: inherit;\">Los electrolitos son minerales naturales que se encuentran en nuestro cuerpo, como en la sangre, orina o tejidos corporales.<\/span><\/p>\n<p><span lang=\"es\" style=\"font-size:12.0pt;line-height:115%;font-family:\" arial\",sans-serif;=\"\" mso-fareast-font-family:arial;color:#222222;mso-ansi-language:#000a;mso-fareast-language:=\"\" es-ec;mso-bidi-language:ar-sa\"=\"\">Estos minerales naturales contienen una carga el\u00e9ctrica que aporta en el equilibrio y buen funcionamiento de nuestro organismo.\u00a0\u00a0<\/span><\/p>\n<p><span lang=\"es\" style=\"font-size:12.0pt;line-height:115%;font-family:\" arial\",sans-serif;=\"\" mso-fareast-font-family:arial;color:#222222;mso-ansi-language:#000a;mso-fareast-language:=\"\" es-ec;mso-bidi-language:ar-sa\"=\"\">Al encontrar este equilibrio las funciones de nuestro cuerpo, nuestro pH sangu\u00edneo, sistema nervioso y muscular trabajan de manera apropiada ya que se promueven los impulsos nerviosos y las contracciones musculares.\u00a0<\/span><\/p>\n<p class=\"MsoNormal\" style=\"text-align: justify\">\n<p class=\"MsoNormal\" style=\"text-align: center\">\n<\/div><div class=\"kc-elm kc-css-684694 kc_shortcode kc_single_image\">\n\n        <img decoding=\"async\" src=\"https:\/\/balanceproducts.com.ec\/site\/wp-content\/uploads\/2023\/07\/hidralife-puntos-de-venta.jpg\" class=\"\" alt=\"\" \/>    <\/div>\n<\/div><\/div><\/div><\/div><\/section><section class=\"kc-elm kc-css-781049 kc_row\"><div class=\"kc-row-container  kc-container\"><div class=\"kc-wrap-columns\"><div class=\"kc-elm kc-css-612179 kc_col-sm-12 kc_column kc_col-sm-12\"><div class=\"kc-col-container\"><div class=\"kc-elm kc-css-640872\" style=\"height: 20px; clear: both; width:100%;\"><\/div><div class=\"kc-elm kc-css-285424\" style=\"height: 20px; clear: both; width:100%;\"><\/div><div class=\"kc-elm kc-css-695885\" style=\"height: 20px; clear: both; width:100%;\"><\/div>\n<div class=\"kc-elm kc-css-573121 divider_line\">\n\t<div class=\"divider_inner divider_line1\">\n\t\t\t<\/div>\n<\/div>\n<div class=\"kc-elm kc-css-903197\" style=\"height: 20px; clear: both; width:100%;\"><\/div><div class=\"kc-elm kc-css-871137\" style=\"height: 20px; clear: both; width:100%;\"><\/div><div class=\"kc-elm kc-css-67126\" style=\"height: 20px; clear: both; width:100%;\"><\/div><\/div><\/div><\/div><\/div><\/section><section class=\"kc-elm kc-css-800687 kc_row\"><div class=\"kc-row-container  kc-container\"><div class=\"kc-wrap-columns\"><div class=\"kc-elm kc-css-594780 kc_col-sm-6 kc_column kc_col-sm-6\"><div class=\"kc-col-container\"><div class=\"kc-elm kc-css-378514 kc_shortcode kc_single_image\">\n\n        <img decoding=\"async\" src=\"https:\/\/balanceproducts.com.ec\/site\/wp-content\/uploads\/2023\/07\/Hidralife_Dia-Mundial-del-Agua_Mesa-de-trabajo-1.jpg\" class=\"\" alt=\"\" \/>    <\/div>\n<div class=\"kc-elm kc-css-375313\" style=\"height: 20px; clear: both; width:100%;\"><\/div><div class=\"kc-elm kc-css-796605\" style=\"height: 20px; clear: both; width:100%;\"><\/div><div class=\"kc-elm kc-css-117525\" style=\"height: 20px; clear: both; width:100%;\"><\/div><div class=\"kc-elm kc-css-113203 kc_text_block\"><\/p>\n<div class=\"o9v6fnle cxmmr5t8 oygrvhab hcukyx3x c1et5uql ii04i59q\">\n<div dir=\"auto\"><font face=\"Verdana, Geneva\"><span style=\"font-size: 18.6667px;\"><b><i>Combate la deshidrataci\u00f3n<\/i><\/b><\/span><\/font><\/div>\n<div dir=\"auto\">&nbsp;<\/div>\n<div dir=\"auto\" style=\"text-align: left\">\n<p class=\"MsoNormal\" style=\"margin-bottom: 12pt; background-image: initial; background-position: initial; background-size: initial; background-repeat: initial; background-attachment: initial; background-origin: initial; background-clip: initial;\"><span lang=\"es\" style=\"font-size:12.0pt;line-height:115%;color:#222222\">Un desequilibrio de electrolitos puede ser causado por: deshidrataci\u00f3n a causa del calor, deporte o resaca, tambi\u00e9n puede ser por otras causas, s\u00edntomas como v\u00f3mitos, diarrea, trastornos hormonales o endocrinos, trastornos estomacales desembocados por mala alimentaci\u00f3n, entre otros. <o:p><\/o:p><\/span><\/p>\n<p class=\"MsoNormal\">\n<p class=\"MsoNormal\" style=\"margin-bottom: 12pt; background-image: initial; background-position: initial; background-size: initial; background-repeat: initial; background-attachment: initial; background-origin: initial; background-clip: initial;\"><span lang=\"es\" style=\"font-size:12.0pt;line-height:115%;color:#222222\">Existen distintos tipos de electrolitos que se encuentran en nuestra alimentaci\u00f3n diaria como el calcio, cloruro, f\u00f3sforo, magnesio, potasio y sodio. El calcio es el m\u00e1s<br \/>abundante de nuestro cuerpo ya que se ocupa en nuestros huesos y dientes donde la meta principal es mantenerlos fuertes a largo plazo. Ayuda tambi\u00e9n a la<br \/>buena coagulaci\u00f3n de la sangre y al sistema cardiovascular.&nbsp;<o:p><\/o:p><\/span><\/p>\n<\/div>\n<\/div>\n<p>\n<\/div><\/div><\/div><div class=\"kc-elm kc-css-258870 kc_col-sm-1 kc_column kc_col-sm-1\"><div class=\"kc-col-container\"><div class=\"kc-elm kc-css-730191\" style=\"height: 0px; clear: both; width:100%;\"><\/div><\/div><\/div><div class=\"kc-elm kc-css-402542 kc_col-sm-5 kc_column kc_col-sm-5\"><div class=\"kc-col-container\"><div class=\"kc-elm kc-css-50452\" style=\"height: 20px; clear: both; width:100%;\"><\/div>\n<div class=\"kc-elm kc-css-398839 kc-title-wrap \">\n\n\t<div class=\"kc_title\">Repone 6 electrolitos<\/div>\n<\/div>\n<div class=\"kc-elm kc-css-925884\" style=\"height: 7px; clear: both; width:100%;\"><\/div><div class=\"kc-elm kc-css-291732 kc_text_block\"><\/p>\n<div align=\"justify\">\n<p class=\"MsoNormal\" style=\"margin-bottom: 12pt; background-image: initial; background-position: initial; background-size: initial; background-repeat: initial; background-attachment: initial; background-origin: initial; background-clip: initial;\"><span lang=\"es\" style=\"font-size:12.0pt;line-height:115%;color:#222222\">Hidralife de Balance Products es la \u00fanica bebida en el mercado con 6 electrolitos: sodio, potasio, calcio, magnesio, zinc y cloruro. Contiene 0 az\u00facar a\u00f1adida y 0 calor\u00edas. Puedes encontrarlo en 3 deliciosas presentaciones: Blueberry, Flor De Jamaica y Manzana Verde. <span style=\"background-image: initial; background-position: initial; background-size: initial; background-repeat: initial; background-attachment: initial; background-origin: initial; background-clip: initial;\"><o:p><\/o:p><\/span><\/span><\/p>\n<p class=\"MsoNormal\" style=\"margin-bottom: 12pt; background-image: initial; background-position: initial; background-size: initial; background-repeat: initial; background-attachment: initial; background-origin: initial; background-clip: initial;\">\n<p class=\"MsoNormal\"><span lang=\"es\" style=\"font-size: 12pt; line-height: 115%; color: rgb(34, 34, 34); background-image: initial; background-position: initial; background-size: initial; background-repeat: initial; background-attachment: initial; background-origin: initial; background-clip: initial;\">Aparte de ayudarnos a que nuestro cuerpo tenga un buen funcionamiento, tambi\u00e9n ayuda a equilibrar nuestro organismo al hidratarse despu\u00e9s de hacer deporte o una enfermedad. Las bebidas con electrolitos tambi\u00e9n pueden ser usadas para ayudar con algo tan com\u00fan como la resaca.\u00a0 Consumir estas necesarias sales minerales a trav\u00e9s de una bebida como Hidralife nos ayuda a reponer nuestro organismo de una manera f\u00e1cil y deliciosa.\u00a0<o:p><\/o:p><\/span><\/p>\n<p class=\"MsoNormal\"><span style=\"font-size:14.0pt;line-height:107%;font-family:\"><\/span><\/p>\n<\/div>\n<p>\n<\/div>\n\n<div class=\"image_fadein_slider kc-elm kc-css-880439 \">\n\t\t<div data-delay=\"3000\" class=\"image_fadein\" data-images=\"11854,11853,11852\">\n\t<img decoding=\"async\" src=\"https:\/\/balanceproducts.com.ec\/site\/wp-content\/uploads\/2023\/07\/Diseno-sin-titulo.png\" \/><img decoding=\"async\" src=\"https:\/\/balanceproducts.com.ec\/site\/wp-content\/uploads\/2023\/07\/Hidrata-tu-vida-sugar-free-copia-scaled.jpg\" \/><img decoding=\"async\" src=\"https:\/\/balanceproducts.com.ec\/site\/wp-content\/uploads\/2023\/07\/Diseno-sin-titulo-2.png\" \/>\t<\/div>\n<\/div>\n<\/div><\/div><\/div><\/div><\/section><section class=\"kc-elm kc-css-564851 kc_row\"><div class=\"kc-row-container  kc-container\"><div class=\"kc-wrap-columns\"><div class=\"kc-elm kc-css-960384 kc_col-sm-12 kc_column kc_col-sm-12\"><div class=\"kc-col-container\"><div class=\"kc-elm kc-css-902484\" style=\"height: 20px; clear: both; width:100%;\"><\/div><div class=\"kc-elm kc-css-768501\" style=\"height: 20px; clear: both; width:100%;\"><\/div><div class=\"kc-elm kc-css-620747\" style=\"height: 20px; clear: both; width:100%;\"><\/div>\n<div class=\"kc-elm kc-css-625325 divider_line\">\n\t<div class=\"divider_inner divider_line1\">\n\t\t\t<\/div>\n<\/div>\n<div class=\"kc-elm kc-css-784096\" style=\"height: 20px; clear: both; width:100%;\"><\/div><div class=\"kc-elm kc-css-15716\" style=\"height: 20px; clear: both; width:100%;\"><\/div><div class=\"kc-elm kc-css-122357\" style=\"height: 20px; clear: both; width:100%;\"><\/div><\/div><\/div><\/div><\/div><\/section><section class=\"kc-elm kc-css-502350 kc_row\"><div class=\"kc-row-container  kc-container\"><div class=\"kc-wrap-columns\"><div class=\"kc-elm kc-css-185693 kc_col-sm-3 kc_column kc_col-sm-3\"><div class=\"kc-col-container\"><div class=\"kc-elm kc-css-41220 kc_shortcode kc_single_image\">\n\n        <img decoding=\"async\" src=\"https:\/\/balanceproducts.com.ec\/site\/wp-content\/uploads\/2018\/11\/logo_celular.png\" class=\"\" alt=\"\" \/>    <\/div>\n<\/div><\/div><div class=\"kc-elm kc-css-400251 kc_col-sm-3 kc_column kc_col-sm-3\"><div class=\"kc-col-container\"><div class=\"kc-elm kc-css-663039 kc_text_block\"><\/p>\n<p><span style=\"font-size: 10pt\"><a href=\"https:\/\/balanceproducts.com.ec\/site\/nosotros\/\">Nosotros<\/a><\/span><\/p>\n<p><a href=\"https:\/\/balanceproducts.com.ec\/site\/materiasprimas\/\"><span style=\"font-size: 10pt\">Materias Primas<\/span><\/a><\/p>\n<p><a href=\"https:\/\/balanceproducts.com.ec\/site\/tienda\/\"><span style=\"font-size: 10pt\">Tienda Electr\u00f3nica<\/span><\/a><\/p>\n<p><span style=\"font-size: 10pt\">Productos<\/span><\/p>\n<p><a href=\"https:\/\/balanceproducts.com.ec\/site\/programas\/\"><span style=\"font-size: 10pt\">Programas<\/span><\/a><\/p>\n<p><a href=\"https:\/\/balanceproducts.com.ec\/site\/contacto\/\"><span style=\"font-size: 10pt\">Contacto<\/span><\/a><\/p>\n<p>\n<\/div><\/div><\/div><div class=\"kc-elm kc-css-46886 kc_col-sm-3 kc_column kc_col-sm-3\"><div class=\"kc-col-container\"><div class=\"kc-elm kc-css-380979 kc_text_block\"><\/p>\n<p><strong><span style=\"font-size: 10pt\">Contactos<\/span><\/strong><\/p>\n<p><span style=\"font-size: 10pt\"><b>Direcci\u00f3n:<br \/><\/b><\/span><span style=\"font-size: 10pt\">Av. Ponce <\/span><span style=\"font-size: 10pt\">Enriquez<\/span><span style=\"font-size: 10pt\">\u00a0OE1-309 y Pasaje Marcial<\/span><\/p>\n<p><span style=\"font-size: 10pt\"><strong>Tel\u00e9fono:<br \/><\/strong>02 2343 500<br \/><strong><br \/><\/strong><strong>Correo electr\u00f3nico:<\/strong><br \/>contacto@balanceproducts.com.ec<\/span><\/p>\n<p>\n<\/div><\/div><\/div><div class=\"kc-elm kc-css-830790 kc_col-sm-3 kc_column kc_col-sm-3\"><div class=\"kc-col-container\"><div class=\"kc-elm kc-css-755027 kc_google_maps kc_shortcode\"><div style=\"height: 350px\" class=\"kc-google-maps\"><iframe src=\"https:\/\/www.google.com\/maps\/embed?pb=!1m18!1m12!1m3!1d4246.588050383301!2d-78.48282210589977!3d-0.2927656035353127!2m3!1f0!2f0!3f0!3m2!1i1024!2i768!4f13.1!3m3!1m2!1s0x91d5990456a0d493%3A0xb23e7056f97ea77e!2sBalance%20Products!5e0!3m2!1ses!2sec!4v1610571631580!5m2!1ses!2sec\" width=\"100%\" height=\"350\" frameborder=\"0\" style=\"border:0;\" allowfullscreen=\"\" aria-hidden=\"false\" tabindex=\"0\"><\/iframe><\/div><\/div><\/div><\/div><\/div><\/div><\/section><section class=\"kc-elm kc-css-382325 kc_row\"><div class=\"kc-row-container  kc-container\"><div class=\"kc-wrap-columns\"><div class=\"kc-elm kc-css-543164 kc_col-sm-12 kc_column kc_col-sm-12\"><div class=\"kc-col-container\"><div class=\"kc-elm kc-css-867762\" style=\"height: 20px; clear: both; width:100%;\"><\/div><div class=\"kc-elm kc-css-11820\" style=\"height: 20px; clear: both; width:100%;\"><\/div><div class=\"kc-elm kc-css-497515\" style=\"height: 20px; clear: both; width:100%;\"><\/div><\/div><\/div><\/div><\/div><\/section><\/p>\n","protected":false},"excerpt":{"rendered":"","protected":false},"author":2,"featured_media":0,"parent":0,"menu_order":0,"comment_status":"closed","ping_status":"closed","template":"","meta":{"_joinchat":[],"footnotes":""},"class_list":["post-11833","page","type-page","status-publish","hentry"],"_links":{"self":[{"href":"https:\/\/balanceproducts.com.ec\/site\/wp-json\/wp\/v2\/pages\/11833","targetHints":{"allow":["GET"]}}],"collection":[{"href":"https:\/\/balanceproducts.com.ec\/site\/wp-json\/wp\/v2\/pages"}],"about":[{"href":"https:\/\/balanceproducts.com.ec\/site\/wp-json\/wp\/v2\/types\/page"}],"author":[{"embeddable":true,"href":"https:\/\/balanceproducts.com.ec\/site\/wp-json\/wp\/v2\/users\/2"}],"replies":[{"embeddable":true,"href":"https:\/\/balanceproducts.com.ec\/site\/wp-json\/wp\/v2\/comments?post=11833"}],"version-history":[{"count":20,"href":"https:\/\/balanceproducts.com.ec\/site\/wp-json\/wp\/v2\/pages\/11833\/revisions"}],"predecessor-version":[{"id":11910,"href":"https:\/\/balanceproducts.com.ec\/site\/wp-json\/wp\/v2\/pages\/11833\/revisions\/11910"}],"wp:attachment":[{"href":"https:\/\/balanceproducts.com.ec\/site\/wp-json\/wp\/v2\/media?parent=11833"}],"curies":[{"name":"wp","href":"https:\/\/api.w.org\/{rel}","templated":true}]}}