{"id":5374,"date":"2019-04-02T10:08:39","date_gmt":"2019-04-02T15:08:39","guid":{"rendered":"https:\/\/demo.alura-studio.com\/mipro\/?page_id=5374"},"modified":"2026-03-17T09:33:13","modified_gmt":"2026-03-17T14:33:13","slug":"inicio","status":"publish","type":"page","link":"https:\/\/balanceproducts.com.ec\/site\/","title":{"rendered":"Inicio"},"content":{"rendered":"\t\t<div data-elementor-type=\"wp-page\" data-elementor-id=\"5374\" class=\"elementor elementor-5374\">\n\t\t\t\t<div class=\"elementor-element elementor-element-67be310c e-con-full e-flex e-con e-parent\" data-id=\"67be310c\" data-element_type=\"container\">\n\t\t\t\t<div class=\"elementor-element elementor-element-431f1fbd elementor-widget elementor-widget-text-editor\" data-id=\"431f1fbd\" data-element_type=\"widget\" data-widget_type=\"text-editor.default\">\n\t\t\t\t<div class=\"elementor-widget-container\">\n\t\t\t\t\t\t\t\t\t<p><section class=\"kc-elm kc-css-510314 kc_row\"><div class=\"kc-row-container  kc-container\"><div class=\"kc-wrap-columns\"><div class=\"kc-elm kc-css-527689 kc_col-sm-5 kc_column kc_col-sm-5\"><div class=\"kc-col-container\"><div class=\"kc-elm kc-css-720018 kc_shortcode kc_single_image\">\n\n        <img decoding=\"async\" src=\"https:\/\/balanceproducts.com.ec\/site\/wp-content\/uploads\/2025\/02\/6462.jpg\" class=\"\" alt=\"\" \/>    <\/div>\n<div class=\"kc-elm kc-css-164645\" style=\"height: 20px; clear: both; width:100%;\"><\/div><\/div><\/div><div class=\"kc-elm kc-css-877232 kc_col-sm-1 kc_column kc_col-sm-1\"><div class=\"kc-col-container\"><div class=\"kc-elm kc-css-961387\" style=\"height: 20px; clear: both; width:100%;\"><\/div><\/div><\/div><div class=\"kc-elm kc-css-785805 kc_col-sm-5 kc_column kc_col-sm-5\"><div class=\"kc-col-container\"><div class=\"kc-elm kc-css-660773\" style=\"height: 20px; clear: both; width:100%;\"><\/div><div class=\"kc-elm kc-css-298314 kc_text_block\"><\/p>\n<p class=\"MsoNormal\" style=\"margin: 0cm 0cm 0.0001pt; font-size: 12pt; font-family: 'Times New Roman', serif; color: #000000;\"><span lang=\"ES\" style=\"font-size: 14pt; font-family: Helvetica;\"><strong>Balance Products S.A.<\/strong> es <strong>una empresa 100% ecuatoriana<\/strong> dedicada a la elaboraci\u00f3n de <strong>productos pensados en la salud<\/strong> de sus consumidores.<\/span><\/p>\n<p class=\"MsoNormal\" style=\"margin: 0cm 0cm 0.0001pt; font-size: 12pt; font-family: 'Times New Roman', serif; color: #000000;\"><span style=\"font-size: 14pt; color: #000000; font-family: Helvetica; font-style: inherit;\">Nacimos en el <strong>2016<\/strong>, con el sue\u00f1o de&nbsp;brindar un estilo de vida sano y generar conciencia sobre el consumo de productos beneficiosos para el <strong>BIENESTAR INTEGRAL<\/strong> de la familia ecuatoriana.<\/span><\/p>\n<p>\n<\/div><div class=\"kc-elm kc-css-934303\" style=\"height: 20px; clear: both; width:100%;\"><\/div><\/div><\/div><\/div><\/div><\/section><section class=\"kc-elm kc-css-463723 kc_row\"><div class=\"kc-row-container  kc-container\"><div class=\"kc-wrap-columns\"><div class=\"kc-elm kc-css-274182 kc_col-sm-12 kc_column kc_col-sm-12\"><div class=\"kc-col-container\"><div class=\"kc-elm kc-css-896304\" style=\"height: 40px; clear: both; width:100%;\"><\/div><\/div><\/div><\/div><\/div><\/section><section class=\"kc-elm kc-css-839613 kc_row\"><div class=\"kc-row-container  kc-container\"><div class=\"kc-wrap-columns\"><div class=\"kc-elm kc-css-593379 kc_col-sm-5 kc_column kc_col-sm-5\"><div class=\"kc-col-container\"><div class=\"kc-elm kc-css-642953\" style=\"height: 20px; clear: both; width:100%;\"><\/div>\n<div class=\"kc-elm kc-css-914184 kc-title-wrap \">\n\n\t<div class=\"kc_title\">Selecci\u00f3n de productos<\/div>\n<\/div>\n<div class=\"kc-elm kc-css-552387\" style=\"height: 7px; clear: both; width:100%;\"><\/div><div class=\"kc-elm kc-css-281249 kc_text_block\"><\/p>\n<p><span style=\"font-family: Helvetica; font-size: 14pt;\">Los productos <strong>elaborados<\/strong> en <strong>Balance Products S.A<\/strong> cumplen con los<strong> altos est\u00e1ndares<\/strong> de calidad dentro del sector.<\/span><\/p>\n<p><span style=\"font-family: Helvetica; font-size: 14pt;\">Consideramos la calidad un <strong>factor esencial<\/strong> para conseguir el m\u00e1ximo <strong>nivel de competitividad<\/strong>, en lo que respecta a las tareas propias de su actividad de dise\u00f1o, desarrollo, fabricaci\u00f3n, envasado, y comercializaci\u00f3n de productos con <strong>valor agregado saludable.<\/strong><\/span><\/p>\n<p>\n<\/div><\/div><\/div><div class=\"kc-elm kc-css-478079 kc_col-sm-1 kc_column kc_col-sm-1\"><div class=\"kc-col-container\"><div class=\"kc-elm kc-css-386943\" style=\"height: 6px; clear: both; width:100%;\"><\/div><\/div><\/div><div class=\"kc-elm kc-css-425037 kc_col-sm-6 kc_column kc_col-sm-6\"><div class=\"kc-col-container\"><div class=\"kc-elm kc-css-733916\" style=\"height: 20px; clear: both; width:100%;\"><\/div><div class=\"kc-elm kc-css-32761 kc_shortcode kc_single_image\">\n\n        <img decoding=\"async\" src=\"https:\/\/balanceproducts.com.ec\/site\/wp-content\/uploads\/2020\/12\/Seleccio\u0301n-de-products-1.jpg\" class=\"\" alt=\"\" \/>    <\/div>\n<\/div><\/div><\/div><\/div><\/section><section class=\"kc-elm kc-css-788982 kc_row\"><div class=\"kc-row-container  kc-container\"><div class=\"kc-wrap-columns\"><div class=\"kc-elm kc-css-255445 kc_column kc_col-sm-12\"><div class=\"kc-col-container\"><div class=\"kc-elm kc-css-620968\" style=\"height: 120px; clear: both; width:100%;\"><\/div><div class=\"kc-elm kc-css-505971 kc_text_block\"><\/p>\n<p><\/p>\n<p><\/p>\n<\/p>\n<h1 style=\"text-align: center;\"><span style=\"font-size: 24pt; font-family: gilroy-bold;\">Nuestras Marcas<\/span><\/h1>\n<p>\n<\/div><div class=\"kc-elm kc-css-581656\" style=\"height: 40px; clear: both; width:100%;\"><\/div><\/div><\/div><\/div><\/div><\/section><section class=\"kc-elm kc-css-596529 kc_row\"><div class=\"kc-row-container  kc-container\"><div class=\"kc-wrap-columns\"><div class=\"kc-elm kc-css-387168 kc_col-of-5 kc_column kc_col-of-5\"><div class=\"kc-col-container\"><div class=\"kc-elm kc-css-369711 kc_shortcode kc_single_image\">\n\n        <a  href=\"https:\/\/balanceproducts.com.ec\/site\/hidralife\/\" title=\"Hidrata tu vida\" target=\"_blank\">\n        <img decoding=\"async\" src=\"https:\/\/balanceproducts.com.ec\/site\/wp-content\/uploads\/2025\/02\/marcastienda-14.png\" class=\"\" alt=\"\" \/>    <\/a>\n    <\/div>\n<\/div><\/div><div class=\"kc-elm kc-css-924981 kc_col-of-5 kc_column kc_col-of-5\"><div class=\"kc-col-container\"><div class=\"kc-elm kc-css-888688 kc_shortcode kc_single_image\">\n\n        <a  href=\"https:\/\/balanceproducts.com.ec\/site\/maximumprotein-2\/\" title=\"\" target=\"_self\">\n        <img decoding=\"async\" src=\"https:\/\/balanceproducts.com.ec\/site\/wp-content\/uploads\/2025\/02\/marcastienda-16.png\" class=\"\" alt=\"\" \/>    <\/a>\n    <\/div>\n<div class=\"kc-elm kc-css-169802 kc_shortcode kc_single_image\">\n\n        <a  href=\"https:\/\/balanceproducts.com.ec\/site\/steviabalanceenpolvo-2\/\" title=\"\" target=\"_self\">\n        <img decoding=\"async\" src=\"https:\/\/balanceproducts.com.ec\/site\/wp-content\/uploads\/2025\/12\/logo-stevia-balance_Mesa-de-trabajo-1.png\" class=\"\" alt=\"\" \/>    <\/a>\n    <\/div>\n<\/div><\/div><div class=\"kc-elm kc-css-860909 kc_col-of-5 kc_column kc_col-of-5\"><div class=\"kc-col-container\"><div class=\"kc-elm kc-css-549173 kc_shortcode kc_single_image\">\n\n        <a  href=\"https:\/\/balanceproducts.com.ec\/site\/mishaguayusa\/\" title=\"\" target=\"_self\">\n        <img decoding=\"async\" src=\"https:\/\/balanceproducts.com.ec\/site\/wp-content\/uploads\/2025\/02\/marcastienda-17.png\" class=\"\" alt=\"\" \/>    <\/a>\n    <\/div>\n<\/div><\/div><div class=\"kc-elm kc-css-672679 kc_col-of-5 kc_column kc_col-of-5\"><div class=\"kc-col-container\"><div class=\"kc-elm kc-css-698584 kc_shortcode kc_single_image\">\n\n        <a  href=\"https:\/\/balanceproducts.com.ec\/site\/canna-vitale-cbd-oil\/\" title=\"El CBD que hace m\u00e1s por ti\" target=\"_blank\">\n        <img decoding=\"async\" src=\"https:\/\/balanceproducts.com.ec\/site\/wp-content\/uploads\/2025\/02\/marcastienda-19.png\" class=\"\" alt=\"\" \/>    <\/a>\n    <\/div>\n<div class=\"kc-elm kc-css-628961 kc_shortcode kc_single_image\">\n\n        <img decoding=\"async\" src=\"https:\/\/balanceproducts.com.ec\/site\/wp-content\/uploads\/2025\/12\/ARRIBA.jpg\" class=\"\" alt=\"\" \/>    <\/div>\n<\/div><\/div><div class=\"kc-elm kc-css-282186 kc_col-of-5 kc_column kc_col-of-5\"><div class=\"kc-col-container\"><div class=\"kc-elm kc-css-171201 kc_shortcode kc_single_image\">\n\n        <a  href=\"https:\/\/balanceproducts.com.ec\/site\/flavordrops\/\" title=\"\" target=\"_self\">\n        <img decoding=\"async\" src=\"https:\/\/balanceproducts.com.ec\/site\/wp-content\/uploads\/2025\/02\/marcastienda-15.png\" class=\"\" alt=\"\" \/>    <\/a>\n    <\/div>\n<\/div><\/div><\/div><\/div><\/section><section class=\"kc-elm kc-css-814449 kc_row\"><div class=\"kc-row-container  kc-container\"><div class=\"kc-wrap-columns\"><div class=\"kc-elm kc-css-788059 kc_col-sm-12 kc_column kc_col-sm-12\"><div class=\"kc-col-container\"><div class=\"kc-elm kc-css-931253\" style=\"height: 120px; clear: both; width:100%;\"><\/div><\/div><\/div><\/div><\/div><\/section><section class=\"kc-elm kc-css-215170 kc_row\"><div class=\"kc-row-container  kc-container\"><div class=\"kc-wrap-columns\"><div class=\"kc-elm kc-css-198216 kc_col-sm-3 kc_column kc_col-sm-3\"><div class=\"kc-col-container\"><div class=\"kc-elm kc-css-40584 kc_shortcode kc_single_image\">\n\n        <img decoding=\"async\" src=\"https:\/\/balanceproducts.com.ec\/site\/wp-content\/uploads\/2018\/11\/balance.web_-2.png\" class=\"\" alt=\"\" \/>    <\/div>\n<\/div><\/div><div class=\"kc-elm kc-css-702372 kc_col-sm-3 kc_column kc_col-sm-3\"><div class=\"kc-col-container\"><div class=\"kc-elm kc-css-626299 kc_text_block\"><\/p>\n<p><span style=\"font-size: 10pt; font-family: Helvetica;\"><a href=\"https:\/\/balanceproducts.com.ec\/site\/nosotros\/\">Nosotros<\/a><\/span><\/p>\n<p><span style=\"font-family: Helvetica;\"><a href=\"https:\/\/balanceproducts.com.ec\/site\/materiasprimas\/\"><span style=\"font-size: 10pt;\">Materias Primas<\/span><\/a><\/span><\/p>\n<p><span style=\"font-family: Helvetica;\"><a href=\"https:\/\/balanceproducts.com.ec\/site\/tienda\/\"><span style=\"font-size: 10pt;\">Tienda Electr\u00f3nica<\/span><\/a><\/span><\/p>\n<p><span style=\"font-size: 10pt; font-family: Helvetica;\">Productos<\/span><\/p>\n<p><span style=\"font-family: Helvetica;\"><a href=\"https:\/\/balanceproducts.com.ec\/site\/programas\/\"><span style=\"font-size: 10pt;\">Programas<\/span><\/a><\/span><\/p>\n<p><span style=\"font-family: Helvetica;\"><a href=\"https:\/\/balanceproducts.com.ec\/site\/contacto\/\"><span style=\"font-size: 10pt;\">Contacto<\/span><\/a><\/span><\/p>\n<p>\n<\/div><\/div><\/div><div class=\"kc-elm kc-css-55889 kc_col-sm-3 kc_column kc_col-sm-3\"><div class=\"kc-col-container\"><div class=\"kc-elm kc-css-964193 kc_text_block\"><\/p>\n<p><span style=\"font-family: Helvetica;\"><strong><span style=\"font-size: 10pt;\">Contactos<\/span><\/strong><\/span><\/p>\n<p><span style=\"font-family: Helvetica;\"><span style=\"font-size: 10pt;\"><b>Direcci\u00f3n:<br \/><\/b><\/span><span style=\"font-size: 10pt;\">Av. Ponce <\/span><span style=\"font-size: 10pt;\">Enriquez<\/span><span style=\"font-size: 10pt;\">&nbsp;OE1-309 y Pasaje Marcial<\/span><\/span><\/p>\n<p><span style=\"font-size: 10pt; font-family: Helvetica;\"><strong>Tel\u00e9fono:<br \/><\/strong>02 2343 500<br \/><strong><br \/><\/strong><strong>Correo electr\u00f3nico:<\/strong><br \/>contacto@balanceproducts.com.ec<br \/><\/span><\/p>\n<p><span style=\"font-size: 10pt; font-family: Helvetica;\"><strong>&nbsp;<\/strong><\/span><\/p>\n<p>\n<\/div><\/div><\/div><div class=\"kc-elm kc-css-809393 kc_col-sm-3 kc_column kc_col-sm-3\"><div class=\"kc-col-container\"><div class=\"kc-elm kc-css-38878 kc_google_maps kc_shortcode\" data-wheel=\"disable\"><div style=\"height: 350px\" class=\"kc-google-maps\"><iframe src=\"https:\/\/www.google.com\/maps\/embed?pb=!1m18!1m12!1m3!1d4246.588050383301!2d-78.48282210589977!3d-0.2927656035353127!2m3!1f0!2f0!3f0!3m2!1i1024!2i768!4f13.1!3m3!1m2!1s0x91d5990456a0d493%3A0xb23e7056f97ea77e!2sBalance%20Products!5e0!3m2!1ses!2sec!4v1610571631580!5m2!1ses!2sec\" width=\"100%\" height=\"350\" frameborder=\"0\" style=\"border:0;\" allowfullscreen=\"\" aria-hidden=\"false\" tabindex=\"0\"><\/iframe><\/div><\/div><\/div><\/div><\/div><\/div><\/section><section class=\"kc-elm kc-css-909953 kc_row\"><div class=\"kc-row-container  kc-container\"><div class=\"kc-wrap-columns\"><div class=\"kc-elm kc-css-250115 kc_col-sm-12 kc_column kc_col-sm-12\"><div class=\"kc-col-container\"><div class=\"kc-elm kc-css-26911\" style=\"height: 20px; clear: both; width:100%;\"><\/div><div class=\"kc-elm kc-css-897256\" style=\"height: 20px; clear: both; width:100%;\"><\/div><div class=\"kc-elm kc-css-715742\" style=\"height: 20px; clear: both; width:100%;\"><\/div><\/div><\/div><\/div><\/div><\/section><\/p>\t\t\t\t\t\t\t\t<\/div>\n\t\t\t\t<\/div>\n\t\t\t\t<\/div>\n\t\t\t\t<\/div>\n\t\t","protected":false},"excerpt":{"rendered":"","protected":false},"author":2,"featured_media":0,"parent":0,"menu_order":0,"comment_status":"closed","ping_status":"closed","template":"","meta":{"_joinchat":[],"footnotes":""},"class_list":["post-5374","page","type-page","status-publish","hentry"],"_links":{"self":[{"href":"https:\/\/balanceproducts.com.ec\/site\/wp-json\/wp\/v2\/pages\/5374","targetHints":{"allow":["GET"]}}],"collection":[{"href":"https:\/\/balanceproducts.com.ec\/site\/wp-json\/wp\/v2\/pages"}],"about":[{"href":"https:\/\/balanceproducts.com.ec\/site\/wp-json\/wp\/v2\/types\/page"}],"author":[{"embeddable":true,"href":"https:\/\/balanceproducts.com.ec\/site\/wp-json\/wp\/v2\/users\/2"}],"replies":[{"embeddable":true,"href":"https:\/\/balanceproducts.com.ec\/site\/wp-json\/wp\/v2\/comments?post=5374"}],"version-history":[{"count":211,"href":"https:\/\/balanceproducts.com.ec\/site\/wp-json\/wp\/v2\/pages\/5374\/revisions"}],"predecessor-version":[{"id":13812,"href":"https:\/\/balanceproducts.com.ec\/site\/wp-json\/wp\/v2\/pages\/5374\/revisions\/13812"}],"wp:attachment":[{"href":"https:\/\/balanceproducts.com.ec\/site\/wp-json\/wp\/v2\/media?parent=5374"}],"curies":[{"name":"wp","href":"https:\/\/api.w.org\/{rel}","templated":true}]}}