{"id":6140,"date":"2020-06-28T21:05:42","date_gmt":"2020-06-29T02:05:42","guid":{"rendered":"http:\/\/localhost\/balance\/?page_id=6140"},"modified":"2023-09-20T15:01:59","modified_gmt":"2023-09-20T20:01:59","slug":"stevia","status":"publish","type":"page","link":"https:\/\/balanceproducts.com.ec\/site\/stevia\/","title":{"rendered":"Stevia"},"content":{"rendered":"<p><section class=\"kc-elm kc-css-827111 kc_row\"><div class=\"kc-row-container  kc-container\"><div class=\"kc-wrap-columns\"><div class=\"kc-elm kc-css-84042 kc_col-sm-6 kc_column kc_col-sm-6\"><div class=\"kc-col-container\"><div class=\"kc-elm kc-css-344209 kc_shortcode kc_single_image\">\n\n        <img decoding=\"async\" src=\"https:\/\/balanceproducts.com.ec\/site\/wp-content\/uploads\/2020\/12\/Foto-interna-stevia-1.jpg\" class=\"\" alt=\"\" \/>    <\/div>\n<\/div><\/div><div class=\"kc-elm kc-css-601394 kc_col-sm-1 kc_column kc_col-sm-1\"><div class=\"kc-col-container\"><\/div><\/div><div class=\"kc-elm kc-css-985673 kc_col-sm-6 kc_column kc_col-sm-6\"><div class=\"kc-col-container\"><div class=\"kc-elm kc-css-96148 kc_text_block\"><\/p>\n<p style=\"font-weight: 400;\"><span style=\"font-family: Verdana, Geneva; font-size: 14pt;\">La\u00a0<b><strong>Stevia\u00a0<\/strong><\/b>es una planta originaria de Am\u00e9rica del Sur, concretamente de Paraguay.<\/span><\/p>\n<p style=\"font-weight: 400;\"><span style=\"font-family: Verdana, Geneva; font-size: 14pt;\"><span style=\"font-style: inherit;\">Todas las presentaciones de Stevia que conocemos, polvo, l\u00edquida y hojas<\/span><b><strong style=\"font-style: inherit;\">\u00a0<\/strong><\/b><span style=\"font-style: inherit;\">proceden de la\u00a0<b><strong>Stevia Rebaudiana<\/strong><\/b>.<\/span><\/span><\/p>\n<p style=\"font-weight: 400;\"><span style=\"font-family: Verdana, Geneva; font-size: 14pt;\"><span style=\"font-style: inherit;\">\u00a0<\/span><span style=\"font-style: inherit;\">En los \u00faltimos a\u00f1os esta se ha popularizado por el dulzor de sus hojas que son\u00a0<\/span><b><strong style=\"font-style: inherit;\">entre 15 y 30 veces m\u00e1s dulces que el az\u00facar<\/strong><\/b><span style=\"font-style: inherit;\">, raz\u00f3n por la que los pueblos ind\u00edgenas la consum\u00edan para endulzar bebidas y masticaban su hoja por su dulce sabor.<\/span><\/span><\/p>\n<p style=\"font-weight: 400;\"><span style=\"font-family: Verdana, Geneva; font-size: 14pt;\"><b><strong>La Stevia est\u00e1 compuesta por carbohidratos<\/strong><\/b>\u00a0(62%), prote\u00ednas (11%), fibra (16%) y minerales como\u00a0<b><strong>potasio<\/strong><\/b>,\u00a0calcio,\u00a0<b><strong>magnesio<\/strong><\/b>, zinc y\u00a0hierro, contiene adem\u00e1s\u00a0fitoqu\u00edmicos\u00a0<b><strong>con importantes propiedades terap\u00e9uticas.<\/strong><\/b><\/span><\/p>\n<p>\n<\/div><\/div><\/div><\/div><\/div><\/section><section class=\"kc-elm kc-css-209734 kc_row\"><div class=\"kc-row-container  kc-container\"><div class=\"kc-wrap-columns\"><div class=\"kc-elm kc-css-20485 kc_col-sm-12 kc_column kc_col-sm-12\"><div class=\"kc-col-container\"><div class=\"kc-elm kc-css-567667\" style=\"height: 20px; clear: both; width:100%;\"><\/div><div class=\"kc-elm kc-css-537860\" style=\"height: 20px; clear: both; width:100%;\"><\/div><div class=\"kc-elm kc-css-391402\" style=\"height: 20px; clear: both; width:100%;\"><\/div><\/div><\/div><\/div><\/div><\/section><section class=\"kc-elm kc-css-826303 kc_row\"><div class=\"kc-row-container  kc-container\"><div class=\"kc-wrap-columns\"><div class=\"kc-elm kc-css-921182 kc_col-sm-5 kc_column kc_col-sm-5\"><div class=\"kc-col-container\"><div class=\"kc-elm kc-css-777296\" style=\"height: 20px; clear: both; width:100%;\"><\/div><div class=\"kc-elm kc-css-314127\" style=\"height: 7px; clear: both; width:100%;\"><\/div><div class=\"kc-elm kc-css-412835 kc_text_block\"><\/p>\n<div align=\"justify\">\n<p><span style=\"font-family: Verdana, Geneva; font-size: 14pt;\">Actualmente se ha extendido el <strong>consumo de la Stevia<\/strong> por sus gluc\u00f3sidos, mol\u00e9culas con gran capacidad para endulzar que se encuentran en la hoja de la planta. Si bien la Stevia tiene unos 40 gluc\u00f3sidos (tambi\u00e9n llamados <strong>gluc\u00f3sidos de steviol<\/strong>), los m\u00e1s utilizados son los dos primeros:<\/span><\/p>\n<ul>\n<li><span style=\"font-family: Verdana, Geneva; font-size: 14pt;\"><strong>Estevi\u00f3sido<\/strong>: el m\u00e1s abundante, 5-10% de la hoja de Stevia. Es el responsable del sabor amargo y el regusto a regaliz caracter\u00edsticos de la Stevia.<\/span><\/li>\n<li><span style=\"font-family: Verdana, Geneva; font-size: 14pt;\"><strong>Rebaud\u00f3sido<\/strong>: hay dos tipos, el Rebaud\u00f3sido A y el Rebaud\u00f3sido M (Reb A y Reb M). El tipo M es el que tiene un sabor m\u00e1s parecido al az\u00facar, por lo que es preferido.<\/span><\/li>\n<li><span style=\"font-family: Verdana, Geneva; font-size: 14pt;\"><strong>Esteviolbiosido y dulc\u00f3sido<\/strong>: son otros gluc\u00f3sidos minoritarios y menos utilizados.<\/span><\/li>\n<\/ul>\n<\/div>\n<p>\n<\/div><\/div><\/div><div class=\"kc-elm kc-css-414834 kc_col-sm-1 kc_column kc_col-sm-1\"><div class=\"kc-col-container\"><div class=\"kc-elm kc-css-947855\" style=\"height: 6px; clear: both; width:100%;\"><\/div><\/div><\/div><div class=\"kc-elm kc-css-213971 kc_col-sm-6 kc_column kc_col-sm-6\"><div class=\"kc-col-container\"><div class=\"kc-elm kc-css-95007\" style=\"height: 20px; clear: both; width:100%;\"><\/div><div class=\"kc-elm kc-css-842280 kc_shortcode kc_single_image\">\n\n        <img decoding=\"async\" src=\"https:\/\/balanceproducts.com.ec\/site\/wp-content\/uploads\/2020\/12\/Foto-interna-stevia-2.jpg\" class=\"\" alt=\"\" \/>    <\/div>\n<\/div><\/div><\/div><\/div><\/section><section class=\"kc-elm kc-css-434026 kc_row\"><div class=\"kc-row-container  kc-container\"><div class=\"kc-wrap-columns\"><div class=\"kc-elm kc-css-818186 kc_col-sm-12 kc_column kc_col-sm-12\"><div class=\"kc-col-container\"><div class=\"kc-elm kc-css-580859\" style=\"height: 20px; clear: both; width:100%;\"><\/div><div class=\"kc-elm kc-css-333745\" style=\"height: 20px; clear: both; width:100%;\"><\/div><div class=\"kc-elm kc-css-273191\" style=\"height: 20px; clear: both; width:100%;\"><\/div>\n<div class=\"kc-elm kc-css-790639 kc-pro-button kc-button-3\">\n\t<a href=\"https:\/\/balanceproducts.com.ec\/site\/materiasprimas\/\" title=\"VOLVER ATR\u00c1S\">\n\t\t<span class=\"creative_title\">Volver atr\u00e1s<\/span>\t<\/a>\n<\/div>\n<\/div><\/div><\/div><\/div><\/section><section class=\"kc-elm kc-css-712783 kc_row\"><div class=\"kc-row-container  kc-container\"><div class=\"kc-wrap-columns\"><div class=\"kc-elm kc-css-297914 kc_col-sm-12 kc_column kc_col-sm-12\"><div class=\"kc-col-container\"><div class=\"kc-elm kc-css-986033\" style=\"height: 20px; clear: both; width:100%;\"><\/div><div class=\"kc-elm kc-css-226014\" style=\"height: 20px; clear: both; width:100%;\"><\/div><div class=\"kc-elm kc-css-752936\" style=\"height: 20px; clear: both; width:100%;\"><\/div><div class=\"kc-elm kc-css-18353\" style=\"height: 20px; clear: both; width:100%;\"><\/div><div class=\"kc-elm kc-css-611930\" style=\"height: 20px; clear: both; width:100%;\"><\/div><div class=\"kc-elm kc-css-541508\" style=\"height: 20px; clear: both; width:100%;\"><\/div><\/div><\/div><\/div><\/div><\/section><section class=\"kc-elm kc-css-155957 kc_row\"><div class=\"kc-row-container  kc-container\"><div class=\"kc-wrap-columns\"><div class=\"kc-elm kc-css-131637 kc_col-sm-3 kc_column kc_col-sm-3\"><div class=\"kc-col-container\"><div class=\"kc-elm kc-css-430330 kc_shortcode kc_single_image\">\n\n        <img decoding=\"async\" src=\"https:\/\/balanceproducts.com.ec\/site\/wp-content\/uploads\/2018\/11\/logo_celular.png\" class=\"\" alt=\"\" \/>    <\/div>\n<\/div><\/div><div class=\"kc-elm kc-css-373952 kc_col-sm-3 kc_column kc_col-sm-3\"><div class=\"kc-col-container\"><div class=\"kc-elm kc-css-524030 kc_text_block\"><\/p>\n<p><span style=\"font-size: 10pt;\"><a href=\"https:\/\/balanceproducts.com.ec\/site\/nosotros\/\">Nosotros<\/a><\/span><\/p>\n<p><a href=\"https:\/\/balanceproducts.com.ec\/site\/materiasprimas\/\"><span style=\"font-size: 10pt;\">Materias Primas<\/span><\/a><\/p>\n<p><a href=\"https:\/\/balanceproducts.com.ec\/site\/tienda\/\"><span style=\"font-size: 10pt;\">Tienda Electr\u00f3nica<\/span><\/a><\/p>\n<p><span style=\"font-size: 10pt;\">Productos<\/span><\/p>\n<p><a href=\"https:\/\/balanceproducts.com.ec\/site\/programas\/\"><span style=\"font-size: 10pt;\">Programas<\/span><\/a><\/p>\n<p><a href=\"https:\/\/balanceproducts.com.ec\/site\/contacto\/\"><span style=\"font-size: 10pt;\">Contacto<\/span><\/a><\/p>\n<p>\n<\/div><\/div><\/div><div class=\"kc-elm kc-css-18490 kc_col-sm-3 kc_column kc_col-sm-3\"><div class=\"kc-col-container\"><div class=\"kc-elm kc-css-147253 kc_text_block\"><\/p>\n<p><strong><span style=\"font-size: 10pt;\">Contactos<\/span><\/strong><\/p>\n<p><span style=\"font-size: 10pt;\"><b>Direcci\u00f3n:<br \/><\/b><\/span><span style=\"font-size: 10pt;\">Av. Ponce <\/span><span style=\"font-size: 10pt;\">Enriquez<\/span><span style=\"font-size: 10pt;\">\u00a0OE1-309 y Pasaje Marcial<\/span><\/p>\n<p><span style=\"font-size: 10pt;\"><strong>Tel\u00e9fono:<br \/><\/strong>02 2343 500<br \/><strong><br \/><\/strong><strong>Correo electr\u00f3nico:<\/strong><br \/>contacto@balanceproducts.com.ec<\/span><\/p>\n<p>\n<\/div><\/div><\/div><div class=\"kc-elm kc-css-889594 kc_col-sm-3 kc_column kc_col-sm-3\"><div class=\"kc-col-container\"><div class=\"kc-elm kc-css-757778 kc_google_maps kc_shortcode\"><div style=\"height: 350px\" class=\"kc-google-maps\"><iframe src=\"https:\/\/www.google.com\/maps\/embed?pb=!1m18!1m12!1m3!1d4246.588050383301!2d-78.48282210589977!3d-0.2927656035353127!2m3!1f0!2f0!3f0!3m2!1i1024!2i768!4f13.1!3m3!1m2!1s0x91d5990456a0d493%3A0xb23e7056f97ea77e!2sBalance%20Products!5e0!3m2!1ses!2sec!4v1610571631580!5m2!1ses!2sec\" width=\"100%\" height=\"350\" frameborder=\"0\" style=\"border:0;\" allowfullscreen=\"\" aria-hidden=\"false\" tabindex=\"0\"><\/iframe><\/div><\/div><\/div><\/div><\/div><\/div><\/section><section class=\"kc-elm kc-css-942732 kc_row\"><div class=\"kc-row-container  kc-container\"><div class=\"kc-wrap-columns\"><div class=\"kc-elm kc-css-69587 kc_col-sm-12 kc_column kc_col-sm-12\"><div class=\"kc-col-container\"><div class=\"kc-elm kc-css-366539\" style=\"height: 20px; clear: both; width:100%;\"><\/div><div class=\"kc-elm kc-css-451240\" style=\"height: 20px; clear: both; width:100%;\"><\/div><div class=\"kc-elm kc-css-159312\" style=\"height: 20px; clear: both; width:100%;\"><\/div><\/div><\/div><\/div><\/div><\/section><\/p>\n","protected":false},"excerpt":{"rendered":"","protected":false},"author":2,"featured_media":0,"parent":0,"menu_order":0,"comment_status":"closed","ping_status":"closed","template":"","meta":{"_joinchat":[],"footnotes":""},"class_list":["post-6140","page","type-page","status-publish","hentry"],"_links":{"self":[{"href":"https:\/\/balanceproducts.com.ec\/site\/wp-json\/wp\/v2\/pages\/6140","targetHints":{"allow":["GET"]}}],"collection":[{"href":"https:\/\/balanceproducts.com.ec\/site\/wp-json\/wp\/v2\/pages"}],"about":[{"href":"https:\/\/balanceproducts.com.ec\/site\/wp-json\/wp\/v2\/types\/page"}],"author":[{"embeddable":true,"href":"https:\/\/balanceproducts.com.ec\/site\/wp-json\/wp\/v2\/users\/2"}],"replies":[{"embeddable":true,"href":"https:\/\/balanceproducts.com.ec\/site\/wp-json\/wp\/v2\/comments?post=6140"}],"version-history":[{"count":28,"href":"https:\/\/balanceproducts.com.ec\/site\/wp-json\/wp\/v2\/pages\/6140\/revisions"}],"predecessor-version":[{"id":12149,"href":"https:\/\/balanceproducts.com.ec\/site\/wp-json\/wp\/v2\/pages\/6140\/revisions\/12149"}],"wp:attachment":[{"href":"https:\/\/balanceproducts.com.ec\/site\/wp-json\/wp\/v2\/media?parent=6140"}],"curies":[{"name":"wp","href":"https:\/\/api.w.org\/{rel}","templated":true}]}}