{"id":7033,"date":"2020-12-28T12:21:58","date_gmt":"2020-12-28T17:21:58","guid":{"rendered":"https:\/\/balanceproducts.com.ec\/site\/?page_id=7033"},"modified":"2023-01-23T15:16:25","modified_gmt":"2023-01-23T20:16:25","slug":"colageno","status":"publish","type":"page","link":"https:\/\/balanceproducts.com.ec\/site\/colageno\/","title":{"rendered":"Col\u00e1geno"},"content":{"rendered":"<p><section class=\"kc-elm kc-css-491163 kc_row\"><div class=\"kc-row-container  kc-container\"><div class=\"kc-wrap-columns\"><div class=\"kc-elm kc-css-963337 kc_col-sm-6 kc_column kc_col-sm-6\"><div class=\"kc-col-container\"><div class=\"kc-elm kc-css-701601 kc_shortcode kc_single_image\">\n\n        <img decoding=\"async\" src=\"https:\/\/balanceproducts.com.ec\/site\/wp-content\/uploads\/2020\/12\/Foto-interna-colageno-1.jpg\" class=\"\" alt=\"\" \/>    <\/div>\n<\/div><\/div><div class=\"kc-elm kc-css-618829 kc_col-sm-1 kc_column kc_col-sm-1\"><div class=\"kc-col-container\"><\/div><\/div><div class=\"kc-elm kc-css-269171 kc_col-sm-6 kc_column kc_col-sm-6\"><div class=\"kc-col-container\"><div class=\"kc-elm kc-css-452916 kc_text_block\"><\/p>\n<div align=\"justify\">\n<p style=\"font-weight: 400;\"><span style=\"font-family: Verdana, Geneva; font-size: 14pt;\"><b><strong>El col\u00e1geno<\/strong><\/b>\u00a0es una sustancia que aporta grandes beneficios a nuestro organismo. Supone aproximadamente un\u00a0<b><strong>cuarto del total de prote\u00ednas presentes<\/strong><\/b><b><strong>\u00a0en la piel<\/strong><\/b>, los huesos, los ligamentos, los tendones y cart\u00edlagos, proporcion\u00e1ndoles resistencia y elasticidad, adem\u00e1s de resultar imprescindible para los\u00a0m\u00fasculos\u00a0y los \u00f3rganos.<\/span><\/p>\n<p style=\"font-weight: 400;\">\n<p style=\"font-weight: 400;\"><span style=\"font-family: Verdana, Geneva; font-size: 14pt;\">En definitiva, el col\u00e1geno\u00a0<b><strong>mantiene en equilibrio<\/strong><\/b>\u00a0un gran n\u00famero de componentes del cuerpo humano y es la sustancia principal que otorga elasticidad a la piel\u00a0<b><strong>previniendo la aparici\u00f3n de arrugas<\/strong><\/b>.<\/span><\/p>\n<\/div>\n<p>\n<\/div><\/div><\/div><\/div><\/div><\/section><section class=\"kc-elm kc-css-206006 kc_row\"><div class=\"kc-row-container  kc-container\"><div class=\"kc-wrap-columns\"><div class=\"kc-elm kc-css-900083 kc_col-sm-12 kc_column kc_col-sm-12\"><div class=\"kc-col-container\"><div class=\"kc-elm kc-css-297671\" style=\"height: 20px; clear: both; width:100%;\"><\/div><div class=\"kc-elm kc-css-203273\" style=\"height: 20px; clear: both; width:100%;\"><\/div><div class=\"kc-elm kc-css-897390\" style=\"height: 20px; clear: both; width:100%;\"><\/div><\/div><\/div><\/div><\/div><\/section><section class=\"kc-elm kc-css-260415 kc_row\"><div class=\"kc-row-container  kc-container\"><div class=\"kc-wrap-columns\"><div class=\"kc-elm kc-css-5181 kc_col-sm-5 kc_column kc_col-sm-5\"><div class=\"kc-col-container\"><div class=\"kc-elm kc-css-523297\" style=\"height: 20px; clear: both; width:100%;\"><\/div><div class=\"kc-elm kc-css-600272\" style=\"height: 7px; clear: both; width:100%;\"><\/div><div class=\"kc-elm kc-css-474615 kc_text_block\"><\/p>\n<div align=\"justify\">\n<div class=\"uk-grid uk-text-left uk-flex-middle\" data-uk-grid-match=\"\" data-uk-margin=\"{cls:&#039;uk-margin-top&#039;}\">\n<div class=\"uk-width-medium-1-2 uk-scrollspy-inview uk-animation-slide-left\" data-uk-scrollspy-cls=\"uk-animation-slide-left uk-invisible\">\n<div class=\"uk-panel uk-panel-space uk-width-1-1\">\n<div class=\"uk-margin\">\n<div align=\"justify\">\n<h3><span style=\"font-family: Verdana, Geneva; font-size: 14pt;\">El col\u00e1geno <strong>se encuentra de forma natural<\/strong>\u00a0en el cuerpo humano, pero con el paso de los a\u00f1os se va desgastando.<\/span><\/h3>\n<p><span style=\"font-family: Verdana, Geneva; font-size: 14pt;\">Cuando empieza a\u00a0<strong>faltar col\u00e1gen<\/strong>o en el cuerpo<strong>\u00a0se producen una serie de cambios<\/strong>, como la\u00a0<strong>aparici\u00f3n de arrugas, flacidez, p\u00e9rdida de masa \u00f3sea,\u00a0<\/strong>entre otras.<\/span><\/p>\n<\/div>\n<\/div>\n<\/div>\n<\/div>\n<\/div>\n<\/div>\n<p>\n<\/div><\/div><\/div><div class=\"kc-elm kc-css-840641 kc_col-sm-1 kc_column kc_col-sm-1\"><div class=\"kc-col-container\"><div class=\"kc-elm kc-css-269492\" style=\"height: 6px; clear: both; width:100%;\"><\/div><\/div><\/div><div class=\"kc-elm kc-css-783485 kc_col-sm-6 kc_column kc_col-sm-6\"><div class=\"kc-col-container\"><div class=\"kc-elm kc-css-91966\" style=\"height: 20px; clear: both; width:100%;\"><\/div><div class=\"kc-elm kc-css-187871 kc_shortcode kc_single_image\">\n\n        <img decoding=\"async\" src=\"https:\/\/balanceproducts.com.ec\/site\/wp-content\/uploads\/2020\/12\/Foto-interna-colageno-2.jpg\" class=\"\" alt=\"\" \/>    <\/div>\n<\/div><\/div><\/div><\/div><\/section><section class=\"kc-elm kc-css-390008 kc_row\"><div class=\"kc-row-container  kc-container\"><div class=\"kc-wrap-columns\"><div class=\"kc-elm kc-css-695283 kc_col-sm-12 kc_column kc_col-sm-12\"><div class=\"kc-col-container\"><div class=\"kc-elm kc-css-24171\" style=\"height: 20px; clear: both; width:100%;\"><\/div><div class=\"kc-elm kc-css-289076\" style=\"height: 20px; clear: both; width:100%;\"><\/div><div class=\"kc-elm kc-css-867305\" style=\"height: 20px; clear: both; width:100%;\"><\/div>\n<div class=\"kc-elm kc-css-780014 kc-pro-button kc-button-3\">\n\t<a href=\"https:\/\/balanceproducts.com.ec\/site\/materiasprimas\/\" title=\"VOLVER ATR\u00c1S\">\n\t\t<span class=\"creative_title\">Volver atr\u00e1s<\/span>\t<\/a>\n<\/div>\n<\/div><\/div><\/div><\/div><\/section><section class=\"kc-elm kc-css-881376 kc_row\"><div class=\"kc-row-container  kc-container\"><div class=\"kc-wrap-columns\"><div class=\"kc-elm kc-css-37182 kc_col-sm-12 kc_column kc_col-sm-12\"><div class=\"kc-col-container\"><div class=\"kc-elm kc-css-936771\" style=\"height: 20px; clear: both; width:100%;\"><\/div><div class=\"kc-elm kc-css-600218\" style=\"height: 20px; clear: both; width:100%;\"><\/div><div class=\"kc-elm kc-css-809993\" style=\"height: 20px; clear: both; width:100%;\"><\/div><div class=\"kc-elm kc-css-895085\" style=\"height: 20px; clear: both; width:100%;\"><\/div><div class=\"kc-elm kc-css-516615\" style=\"height: 20px; clear: both; width:100%;\"><\/div><div class=\"kc-elm kc-css-10792\" style=\"height: 20px; clear: both; width:100%;\"><\/div><\/div><\/div><\/div><\/div><\/section><section class=\"kc-elm kc-css-721351 kc_row\"><div class=\"kc-row-container  kc-container\"><div class=\"kc-wrap-columns\"><div class=\"kc-elm kc-css-303566 kc_col-sm-3 kc_column kc_col-sm-3\"><div class=\"kc-col-container\"><div class=\"kc-elm kc-css-572114 kc_shortcode kc_single_image\">\n\n        <img decoding=\"async\" src=\"https:\/\/balanceproducts.com.ec\/site\/wp-content\/uploads\/2018\/11\/logo_celular.png\" class=\"\" alt=\"\" \/>    <\/div>\n<\/div><\/div><div class=\"kc-elm kc-css-85671 kc_col-sm-3 kc_column kc_col-sm-3\"><div class=\"kc-col-container\"><div class=\"kc-elm kc-css-922870 kc_text_block\"><\/p>\n<p><span style=\"font-size: 10pt;\"><a href=\"https:\/\/balanceproducts.com.ec\/site\/nosotros\/\">Nosotros<\/a><\/span><\/p>\n<p><a href=\"https:\/\/balanceproducts.com.ec\/site\/materiasprimas\/\"><span style=\"font-size: 10pt;\">Materias Primas<\/span><\/a><\/p>\n<p><a href=\"https:\/\/balanceproducts.com.ec\/site\/tienda\/\"><span style=\"font-size: 10pt;\">Tienda Electr\u00f3nica<\/span><\/a><\/p>\n<p><span style=\"font-size: 10pt;\">Productos<\/span><\/p>\n<p><a href=\"https:\/\/balanceproducts.com.ec\/site\/programas\/\"><span style=\"font-size: 10pt;\">Programas<\/span><\/a><\/p>\n<p><a href=\"https:\/\/balanceproducts.com.ec\/site\/contacto\/\"><span style=\"font-size: 10pt;\">Contacto<\/span><\/a><\/p>\n<p>\n<\/div><\/div><\/div><div class=\"kc-elm kc-css-13784 kc_col-sm-3 kc_column kc_col-sm-3\"><div class=\"kc-col-container\"><div class=\"kc-elm kc-css-178854 kc_text_block\"><\/p>\n<p><strong><span style=\"font-size: 10pt;\">Contactos<\/span><\/strong><\/p>\n<p><span style=\"font-size: 10pt;\"><b>Direcci\u00f3n:<br \/><\/b><\/span><span style=\"font-size: 10pt;\">Av. Ponce <\/span><span style=\"font-size: 10pt;\">Enriquez<\/span><span style=\"font-size: 10pt;\">&nbsp;OE1-309 y Pasaje Marcial<\/span><\/p>\n<p><span style=\"font-size: 10pt;\"><strong>Tel\u00e9fono:<br \/><\/strong>02 2343 500<br \/><strong><br \/><\/strong><strong>Correo electr\u00f3nico:<\/strong><br \/>contacto@balanceproducts.com.ec<\/span><\/p>\n<p>\n<\/div><\/div><\/div><div class=\"kc-elm kc-css-96972 kc_col-sm-3 kc_column kc_col-sm-3\"><div class=\"kc-col-container\"><div class=\"kc-elm kc-css-995932 kc_google_maps kc_shortcode\"><div style=\"height: 350px\" class=\"kc-google-maps\"><iframe src=\"https:\/\/www.google.com\/maps\/embed?pb=!1m18!1m12!1m3!1d4246.588050383301!2d-78.48282210589977!3d-0.2927656035353127!2m3!1f0!2f0!3f0!3m2!1i1024!2i768!4f13.1!3m3!1m2!1s0x91d5990456a0d493%3A0xb23e7056f97ea77e!2sBalance%20Products!5e0!3m2!1ses!2sec!4v1610571631580!5m2!1ses!2sec\" width=\"100%\" height=\"350\" frameborder=\"0\" style=\"border:0;\" allowfullscreen=\"\" aria-hidden=\"false\" tabindex=\"0\"><\/iframe><\/div><\/div><\/div><\/div><\/div><\/div><\/section><section class=\"kc-elm kc-css-470496 kc_row\"><div class=\"kc-row-container  kc-container\"><div class=\"kc-wrap-columns\"><div class=\"kc-elm kc-css-261719 kc_col-sm-12 kc_column kc_col-sm-12\"><div class=\"kc-col-container\"><div class=\"kc-elm kc-css-970626\" style=\"height: 20px; clear: both; width:100%;\"><\/div><div class=\"kc-elm kc-css-522044\" style=\"height: 20px; clear: both; width:100%;\"><\/div><div class=\"kc-elm kc-css-951649\" style=\"height: 20px; clear: both; width:100%;\"><\/div><\/div><\/div><\/div><\/div><\/section><\/p>\n","protected":false},"excerpt":{"rendered":"","protected":false},"author":2,"featured_media":0,"parent":0,"menu_order":0,"comment_status":"closed","ping_status":"closed","template":"","meta":{"_joinchat":[],"footnotes":""},"class_list":["post-7033","page","type-page","status-publish","hentry"],"_links":{"self":[{"href":"https:\/\/balanceproducts.com.ec\/site\/wp-json\/wp\/v2\/pages\/7033","targetHints":{"allow":["GET"]}}],"collection":[{"href":"https:\/\/balanceproducts.com.ec\/site\/wp-json\/wp\/v2\/pages"}],"about":[{"href":"https:\/\/balanceproducts.com.ec\/site\/wp-json\/wp\/v2\/types\/page"}],"author":[{"embeddable":true,"href":"https:\/\/balanceproducts.com.ec\/site\/wp-json\/wp\/v2\/users\/2"}],"replies":[{"embeddable":true,"href":"https:\/\/balanceproducts.com.ec\/site\/wp-json\/wp\/v2\/comments?post=7033"}],"version-history":[{"count":25,"href":"https:\/\/balanceproducts.com.ec\/site\/wp-json\/wp\/v2\/pages\/7033\/revisions"}],"predecessor-version":[{"id":13342,"href":"https:\/\/balanceproducts.com.ec\/site\/wp-json\/wp\/v2\/pages\/7033\/revisions\/13342"}],"wp:attachment":[{"href":"https:\/\/balanceproducts.com.ec\/site\/wp-json\/wp\/v2\/media?parent=7033"}],"curies":[{"name":"wp","href":"https:\/\/api.w.org\/{rel}","templated":true}]}}