{"id":7035,"date":"2020-12-28T12:24:36","date_gmt":"2020-12-28T17:24:36","guid":{"rendered":"https:\/\/balanceproducts.com.ec\/site\/?page_id=7035"},"modified":"2023-01-23T15:15:51","modified_gmt":"2023-01-23T20:15:51","slug":"proteina","status":"publish","type":"page","link":"https:\/\/balanceproducts.com.ec\/site\/proteina\/","title":{"rendered":"Prote\u00edna"},"content":{"rendered":"<p><section class=\"kc-elm kc-css-767538 kc_row\"><div class=\"kc-row-container  kc-container\"><div class=\"kc-wrap-columns\"><div class=\"kc-elm kc-css-879816 kc_col-sm-6 kc_column kc_col-sm-6\"><div class=\"kc-col-container\"><div class=\"kc-elm kc-css-943019 kc_shortcode kc_single_image\">\n\n        <img decoding=\"async\" src=\"https:\/\/balanceproducts.com.ec\/site\/wp-content\/uploads\/2020\/12\/Foto-interna-proteina-2.jpg\" class=\"\" alt=\"\" \/>    <\/div>\n<\/div><\/div><div class=\"kc-elm kc-css-536535 kc_col-sm-1 kc_column kc_col-sm-1\"><div class=\"kc-col-container\"><\/div><\/div><div class=\"kc-elm kc-css-491783 kc_col-sm-6 kc_column kc_col-sm-6\"><div class=\"kc-col-container\"><div class=\"kc-elm kc-css-575591 kc_text_block\"><\/p>\n<div align=\"justify\"><span style=\"font-family: Verdana, Geneva; font-size: 14pt;\">La\u00a0<strong>prote\u00edna aislada de suero de leche<\/strong>\u00a0o\u00a0<strong>WPI<\/strong>\u00a0(por sus siglas en ingl\u00e9s)\u00a0es\u00a0una fuente de <strong>amino\u00e1cidos esenciales<\/strong> que promueven el <strong>crecimiento muscular<\/strong>, son ideales para elaborar suplementos alimenticios especializados, por ser una fuente de\u00a0prote\u00ednas\u00a0<strong>sin grasa<\/strong> y puede ser consumida por personas intolerantes a la lactosa.<\/span><\/div>\n<\/p>\n<p>\n<\/div><\/div><\/div><\/div><\/div><\/section><section class=\"kc-elm kc-css-885622 kc_row\"><div class=\"kc-row-container  kc-container\"><div class=\"kc-wrap-columns\"><div class=\"kc-elm kc-css-907036 kc_col-sm-12 kc_column kc_col-sm-12\"><div class=\"kc-col-container\"><div class=\"kc-elm kc-css-828373\" style=\"height: 20px; clear: both; width:100%;\"><\/div><div class=\"kc-elm kc-css-320397\" style=\"height: 20px; clear: both; width:100%;\"><\/div><div class=\"kc-elm kc-css-953387\" style=\"height: 20px; clear: both; width:100%;\"><\/div><\/div><\/div><\/div><\/div><\/section><section class=\"kc-elm kc-css-146007 kc_row\"><div class=\"kc-row-container  kc-container\"><div class=\"kc-wrap-columns\"><div class=\"kc-elm kc-css-773993 kc_col-sm-5 kc_column kc_col-sm-5\"><div class=\"kc-col-container\"><div class=\"kc-elm kc-css-805542\" style=\"height: 20px; clear: both; width:100%;\"><\/div><div class=\"kc-elm kc-css-67447\" style=\"height: 7px; clear: both; width:100%;\"><\/div><div class=\"kc-elm kc-css-855189 kc_text_block\"><\/p>\n<div align=\"justify\">\n<div class=\"uk-grid uk-text-left uk-flex-middle\" data-uk-grid-match=\"\" data-uk-margin=\"{cls:&#039;uk-margin-top&#039;}\">\n<div class=\"uk-width-medium-1-2 uk-scrollspy-inview uk-animation-slide-left\" data-uk-scrollspy-cls=\"uk-animation-slide-left uk-invisible\">\n<div class=\"uk-panel uk-panel-space uk-width-1-1\">\n<div class=\"uk-margin\">\n<div align=\"justify\">\n<p><span style=\"font-family: Verdana, Geneva; font-size: 14pt;\">El <strong>aislado de prote\u00edna de suero de leche<\/strong> se consigue a partir del concentrado de prote\u00edna de suero de leche, se\u00a0 <strong>elimina a\u00fan m\u00e1s<\/strong> todo lo que no sean prote\u00ednas, para ello hay dos m\u00e9todos: (1) por un filtrado a\u00fan m\u00e1s fino o (2) por intercambio i\u00f3nico.<\/span><\/p>\n<p><span style=\"font-family: Verdana, Geneva; font-size: 14pt;\"><strong>Las prote\u00ednas resultantes<\/strong> tienen menos grasas y <strong>menos lactosa<\/strong> que el WPC. Se caracterizan por una <strong>excelente capacidad de absorci\u00f3n<\/strong> (30-60 min), por lo que son ideales para el post entrenamiento<\/span>.<\/p>\n<\/div>\n<\/div>\n<\/div>\n<\/div>\n<\/div>\n<\/div>\n<p>\n<\/div><\/div><\/div><div class=\"kc-elm kc-css-206177 kc_col-sm-1 kc_column kc_col-sm-1\"><div class=\"kc-col-container\"><div class=\"kc-elm kc-css-745858\" style=\"height: 6px; clear: both; width:100%;\"><\/div><\/div><\/div><div class=\"kc-elm kc-css-60315 kc_col-sm-6 kc_column kc_col-sm-6\"><div class=\"kc-col-container\"><div class=\"kc-elm kc-css-776833\" style=\"height: 20px; clear: both; width:100%;\"><\/div><div class=\"kc-elm kc-css-503445 kc_shortcode kc_single_image\">\n\n        <img decoding=\"async\" src=\"https:\/\/balanceproducts.com.ec\/site\/wp-content\/uploads\/2020\/12\/Foto-interna-proteina-1.jpg\" class=\"\" alt=\"\" \/>    <\/div>\n<\/div><\/div><\/div><\/div><\/section><section class=\"kc-elm kc-css-871227 kc_row\"><div class=\"kc-row-container  kc-container\"><div class=\"kc-wrap-columns\"><div class=\"kc-elm kc-css-530287 kc_col-sm-12 kc_column kc_col-sm-12\"><div class=\"kc-col-container\"><div class=\"kc-elm kc-css-343616\" style=\"height: 20px; clear: both; width:100%;\"><\/div><div class=\"kc-elm kc-css-863136\" style=\"height: 20px; clear: both; width:100%;\"><\/div><div class=\"kc-elm kc-css-532412\" style=\"height: 20px; clear: both; width:100%;\"><\/div>\n<div class=\"kc-elm kc-css-237820 kc-pro-button kc-button-3\">\n\t<a href=\"https:\/\/balanceproducts.com.ec\/site\/materiasprimas\/\" title=\"VOLVER ATR\u00c1S\">\n\t\t<span class=\"creative_title\">Volver atr\u00e1s<\/span>\t<\/a>\n<\/div>\n<\/div><\/div><\/div><\/div><\/section><section class=\"kc-elm kc-css-536524 kc_row\"><div class=\"kc-row-container  kc-container\"><div class=\"kc-wrap-columns\"><div class=\"kc-elm kc-css-50922 kc_col-sm-12 kc_column kc_col-sm-12\"><div class=\"kc-col-container\"><div class=\"kc-elm kc-css-477177\" style=\"height: 20px; clear: both; width:100%;\"><\/div><div class=\"kc-elm kc-css-4460\" style=\"height: 20px; clear: both; width:100%;\"><\/div><div class=\"kc-elm kc-css-379226\" style=\"height: 20px; clear: both; width:100%;\"><\/div><div class=\"kc-elm kc-css-322030\" style=\"height: 20px; clear: both; width:100%;\"><\/div><div class=\"kc-elm kc-css-303934\" style=\"height: 20px; clear: both; width:100%;\"><\/div><div class=\"kc-elm kc-css-916454\" style=\"height: 20px; clear: both; width:100%;\"><\/div><\/div><\/div><\/div><\/div><\/section><section class=\"kc-elm kc-css-152040 kc_row\"><div class=\"kc-row-container  kc-container\"><div class=\"kc-wrap-columns\"><div class=\"kc-elm kc-css-979490 kc_col-sm-3 kc_column kc_col-sm-3\"><div class=\"kc-col-container\"><div class=\"kc-elm kc-css-26563 kc_shortcode kc_single_image\">\n\n        <img decoding=\"async\" src=\"https:\/\/balanceproducts.com.ec\/site\/wp-content\/uploads\/2018\/11\/logo_celular.png\" class=\"\" alt=\"\" \/>    <\/div>\n<\/div><\/div><div class=\"kc-elm kc-css-868995 kc_col-sm-3 kc_column kc_col-sm-3\"><div class=\"kc-col-container\"><div class=\"kc-elm kc-css-175943 kc_text_block\"><\/p>\n<p><span style=\"font-size: 10pt;\"><a href=\"https:\/\/balanceproducts.com.ec\/site\/nosotros\/\">Nosotros<\/a><\/span><\/p>\n<p><a href=\"https:\/\/balanceproducts.com.ec\/site\/materiasprimas\/\"><span style=\"font-size: 10pt;\">Materias Primas<\/span><\/a><\/p>\n<p><a href=\"https:\/\/balanceproducts.com.ec\/site\/tienda\/\"><span style=\"font-size: 10pt;\">Tienda Electr\u00f3nica<\/span><\/a><\/p>\n<p><span style=\"font-size: 10pt;\">Productos<\/span><\/p>\n<p><a href=\"https:\/\/balanceproducts.com.ec\/site\/programas\/\"><span style=\"font-size: 10pt;\">Programas<\/span><\/a><\/p>\n<p><a href=\"https:\/\/balanceproducts.com.ec\/site\/contacto\/\"><span style=\"font-size: 10pt;\">Contacto<\/span><\/a><\/p>\n<p>\n<\/div><\/div><\/div><div class=\"kc-elm kc-css-701339 kc_col-sm-3 kc_column kc_col-sm-3\"><div class=\"kc-col-container\"><div class=\"kc-elm kc-css-13021 kc_text_block\"><\/p>\n<p><strong><span style=\"font-size: 10pt;\">Contactos<\/span><\/strong><\/p>\n<p><span style=\"font-size: 10pt;\"><b>Direcci\u00f3n:<br \/><\/b><\/span><span style=\"font-size: 10pt;\">Av. Ponce <\/span><span style=\"font-size: 10pt;\">Enriquez<\/span><span style=\"font-size: 10pt;\">&nbsp;OE1-309 y Pasaje Marcial<\/span><\/p>\n<p><span style=\"font-size: 10pt;\"><strong>Tel\u00e9fono:<br \/><\/strong>02 2343 500<br \/><strong><br \/><\/strong><strong>Correo electr\u00f3nico:<\/strong><br \/>contacto@balanceproducts.com.ec<\/span><\/p>\n<p>\n<\/div><\/div><\/div><div class=\"kc-elm kc-css-416788 kc_col-sm-3 kc_column kc_col-sm-3\"><div class=\"kc-col-container\"><div class=\"kc-elm kc-css-596294 kc_google_maps kc_shortcode\"><div style=\"height: 350px\" class=\"kc-google-maps\"><iframe src=\"https:\/\/www.google.com\/maps\/embed?pb=!1m18!1m12!1m3!1d4246.588050383301!2d-78.48282210589977!3d-0.2927656035353127!2m3!1f0!2f0!3f0!3m2!1i1024!2i768!4f13.1!3m3!1m2!1s0x91d5990456a0d493%3A0xb23e7056f97ea77e!2sBalance%20Products!5e0!3m2!1ses!2sec!4v1610571631580!5m2!1ses!2sec\" width=\"100%\" height=\"350\" frameborder=\"0\" style=\"border:0;\" allowfullscreen=\"\" aria-hidden=\"false\" tabindex=\"0\"><\/iframe><\/div><\/div><\/div><\/div><\/div><\/div><\/section><section class=\"kc-elm kc-css-879641 kc_row\"><div class=\"kc-row-container  kc-container\"><div class=\"kc-wrap-columns\"><div class=\"kc-elm kc-css-258926 kc_col-sm-12 kc_column kc_col-sm-12\"><div class=\"kc-col-container\"><div class=\"kc-elm kc-css-338876\" style=\"height: 20px; clear: both; width:100%;\"><\/div><div class=\"kc-elm kc-css-908600\" style=\"height: 20px; clear: both; width:100%;\"><\/div><div class=\"kc-elm kc-css-516358\" style=\"height: 20px; clear: both; width:100%;\"><\/div><\/div><\/div><\/div><\/div><\/section><\/p>\n","protected":false},"excerpt":{"rendered":"","protected":false},"author":2,"featured_media":0,"parent":0,"menu_order":0,"comment_status":"closed","ping_status":"closed","template":"","meta":{"_joinchat":[],"footnotes":""},"class_list":["post-7035","page","type-page","status-publish","hentry"],"_links":{"self":[{"href":"https:\/\/balanceproducts.com.ec\/site\/wp-json\/wp\/v2\/pages\/7035","targetHints":{"allow":["GET"]}}],"collection":[{"href":"https:\/\/balanceproducts.com.ec\/site\/wp-json\/wp\/v2\/pages"}],"about":[{"href":"https:\/\/balanceproducts.com.ec\/site\/wp-json\/wp\/v2\/types\/page"}],"author":[{"embeddable":true,"href":"https:\/\/balanceproducts.com.ec\/site\/wp-json\/wp\/v2\/users\/2"}],"replies":[{"embeddable":true,"href":"https:\/\/balanceproducts.com.ec\/site\/wp-json\/wp\/v2\/comments?post=7035"}],"version-history":[{"count":18,"href":"https:\/\/balanceproducts.com.ec\/site\/wp-json\/wp\/v2\/pages\/7035\/revisions"}],"predecessor-version":[{"id":11193,"href":"https:\/\/balanceproducts.com.ec\/site\/wp-json\/wp\/v2\/pages\/7035\/revisions\/11193"}],"wp:attachment":[{"href":"https:\/\/balanceproducts.com.ec\/site\/wp-json\/wp\/v2\/media?parent=7035"}],"curies":[{"name":"wp","href":"https:\/\/api.w.org\/{rel}","templated":true}]}}