{"id":7323,"date":"2020-06-28T22:05:16","date_gmt":"2020-06-29T03:05:16","guid":{"rendered":"https:\/\/balanceproducts.com.ec\/site\/guayusa_mp-3-2-2-2-2\/"},"modified":"2025-02-28T09:41:05","modified_gmt":"2025-02-28T14:41:05","slug":"flavordrops","status":"publish","type":"page","link":"https:\/\/balanceproducts.com.ec\/site\/flavordrops\/","title":{"rendered":"Flavor Drops"},"content":{"rendered":"<p><section class=\"kc-elm kc-css-806467 kc_row\"><div class=\"kc-row-container  kc-container\"><div class=\"kc-wrap-columns\"><div class=\"kc-elm kc-css-409034 kc_col-sm-6 kc_column kc_col-sm-6\"><div class=\"kc-col-container\"><div class=\"kc-elm kc-css-37878 kc_shortcode kc_single_image\">\n\n        <img decoding=\"async\" src=\"https:\/\/balanceproducts.com.ec\/site\/wp-content\/uploads\/2023\/01\/Flavor-Drops-05-1024x1024.png\" class=\"\" alt=\"\" \/>    <\/div>\n<\/div><\/div><div class=\"kc-elm kc-css-313320 kc_col-sm-1 kc_column kc_col-sm-1\"><div class=\"kc-col-container\"><div class=\"kc-elm kc-css-611738\" style=\"height: 0px; clear: both; width:100%;\"><\/div><\/div><\/div><div class=\"kc-elm kc-css-20126 kc_col-sm-5 kc_column kc_col-sm-5\"><div class=\"kc-col-container\"><div class=\"kc-elm kc-css-660857\" style=\"height: 20px; clear: both; width:100%;\"><\/div>\n<div class=\"kc-elm kc-css-182320 kc-title-wrap \">\n\n\t<div class=\"kc_title\">DESCRIPCI\u00d3N<\/div>\n<\/div>\n<div class=\"kc-elm kc-css-599300\" style=\"height: 7px; clear: both; width:100%;\"><\/div><div class=\"kc-elm kc-css-851130 kc_text_block\"><\/p>\n<div align=\"justify\">\n<p><span style=\"font-family: Verdana, Geneva; font-size: 14pt; font-style: inherit;\"><strong>Flavor Drops<\/strong> es nuestra l\u00ednea de concentrados l\u00edquidos dise\u00f1ados para transformar tu agua en una explosi\u00f3n de sabor, sin calor\u00edas y con los beneficios adicionales de la Vitamina C.<\/span><\/p>\n<p><span style=\"font-family: Verdana, Geneva; font-size: 14pt; font-style: inherit;\"> Gracias a su envase port\u00e1til con tecnolog\u00eda <strong>EURODROP<\/strong>, puedes llevarlos contigo y disfrutar de su sabor en cualquier momento y lugar.<\/span><\/p>\n<\/div>\n<p>\n<\/div><\/div><\/div><\/div><\/div><\/section><section class=\"kc-elm kc-css-987362 kc_row\"><div class=\"kc-row-container  kc-container\"><div class=\"kc-wrap-columns\"><div class=\"kc-elm kc-css-395898 kc_col-sm-12 kc_column kc_col-sm-12\"><div class=\"kc-col-container\"><div class=\"kc-elm kc-css-943018\" style=\"height: 20px; clear: both; width:100%;\"><\/div><\/div><\/div><\/div><\/div><\/section><section class=\"kc-elm kc-css-900276 kc_row\"><div class=\"kc-row-container  kc-container\"><div class=\"kc-wrap-columns\"><div class=\"kc-elm kc-css-547745 kc_col-sm-5 kc_column kc_col-sm-5\"><div class=\"kc-col-container\"><div class=\"kc-elm kc-css-190579\" style=\"height: 20px; clear: both; width:100%;\"><\/div>\n<div class=\"kc-elm kc-css-627631 kc-title-wrap \">\n\n\t<div class=\"kc_title\">BENEFICIOS:<\/div>\n<\/div>\n<div class=\"kc-elm kc-css-664632\" style=\"height: 7px; clear: both; width:100%;\"><\/div><div class=\"kc-elm kc-css-973003 kc_text_block\"><\/p>\n<div align=\"justify\">\n<p><span style=\"font-family: Verdana, Geneva; font-size: 14pt; font-style: inherit;\"><strong>Ponle sabor a tu agua con Flavor Drops<\/strong><\/span><\/p>\n<p><span style=\"font-family: Verdana, Geneva; font-size: 14pt; font-style: inherit;\"> Olv\u00eddate del agua aburrida y dale un giro refrescante con <strong data-start=\"246\" data-end=\"262\">Flavor Drops<\/strong>, los concentrados l\u00edquidos que transforman cada sorbo en una experiencia \u00fanica. Dise\u00f1ados para quienes buscan hidrataci\u00f3n con un toque delicioso y sin calor\u00edas, nuestros sabores intensos y naturales te acompa\u00f1an donde vayas.<\/span><\/p>\n<p><span style=\"font-family: Verdana, Geneva; font-size: 14pt; font-style: inherit;\"><strong data-start=\"441\" data-end=\"461\" data-is-only-node=\"\">\u2022<\/strong>\u00a0<strong data-start=\"336\" data-end=\"363\">M\u00e1s sabor en cada gota:<\/strong> Un solo gotero de <strong data-start=\"382\" data-end=\"399\">Flavor Drops<\/strong> rinde hasta <strong data-start=\"412\" data-end=\"434\">7.5 litros de una deliciosa bebida<\/strong>.<br data-start=\"435\" data-end=\"438\" \/><strong data-start=\"441\" data-end=\"461\" data-is-only-node=\"\">\u2022 Refuerza tu d\u00eda:<\/strong> Con <strong data-start=\"466\" data-end=\"480\">Vitamina C<\/strong>, que contribuye al metabolismo energ\u00e9tico.<\/span><\/p>\n<p><span style=\"font-family: Verdana, Geneva; font-size: 14pt; font-style: inherit;\"><strong data-start=\"441\" data-end=\"461\" data-is-only-node=\"\">\u2022 Endulzados <\/strong>con<strong data-start=\"441\" data-end=\"461\" data-is-only-node=\"\"> stevia.<\/strong><\/span><\/p>\n<p><span style=\"font-family: Verdana, Geneva; font-size: 14pt; font-style: inherit;\"><strong data-start=\"611\" data-end=\"682\">Saboriza, refresca y haz del agua tu mejor aliada. \u00a1Pru\u00e9balo ahora!<\/strong>\u00a0<\/span><\/p>\n<\/div>\n<p>\n<\/div><\/div><\/div><div class=\"kc-elm kc-css-627366 kc_col-sm-1 kc_column kc_col-sm-1\"><div class=\"kc-col-container\"><div class=\"kc-elm kc-css-845620\" style=\"height: 6px; clear: both; width:100%;\"><\/div><\/div><\/div><div class=\"kc-elm kc-css-390322 kc_col-sm-6 kc_column kc_col-sm-6\"><div class=\"kc-col-container\"><div class=\"kc-elm kc-css-243995\" style=\"height: 20px; clear: both; width:100%;\"><\/div><div class=\"kc-elm kc-css-224690 kc_shortcode kc_single_image\">\n\n        <img decoding=\"async\" src=\"https:\/\/balanceproducts.com.ec\/site\/wp-content\/uploads\/2025\/02\/Diseno-sin-titulo-17.jpg\" class=\"\" alt=\"\" \/>    <\/div>\n<\/div><\/div><\/div><\/div><\/section><section class=\"kc-elm kc-css-250579 kc_row\"><div class=\"kc-row-container  kc-container\"><div class=\"kc-wrap-columns\"><div class=\"kc-elm kc-css-637954 kc_col-sm-5 kc_column kc_col-sm-5\"><div class=\"kc-col-container\"><div class=\"kc-elm kc-css-583174\" style=\"height: 20px; clear: both; width:100%;\"><\/div><div class=\"kc-elm kc-css-439974\" style=\"height: 20px; clear: both; width:100%;\"><\/div><div class=\"kc-elm kc-css-853193\" style=\"height: 20px; clear: both; width:100%;\"><\/div>\n<div class=\"kc-elm kc-css-940810 kc-title-wrap \">\n\n\t<h1 class=\"kc_title\">Recomendaciones de uso<\/h1>\n<\/div>\n<div class=\"kc-elm kc-css-213705 kc_shortcode kc_single_image\">\n\n        <img decoding=\"async\" src=\"https:\/\/balanceproducts.com.ec\/site\/wp-content\/uploads\/2025\/02\/Diseno-sin-titulo-18.jpg\" class=\"\" alt=\"\" \/>    <\/div>\n<div class=\"kc-elm kc-css-368953\" style=\"height: 20px; clear: both; width:100%;\"><\/div><\/div><\/div><div class=\"kc-elm kc-css-329181 kc_col-sm-1 kc_column kc_col-sm-1\"><div class=\"kc-col-container\"><\/div><\/div><div class=\"kc-elm kc-css-26856 kc_col-sm-6 kc_column kc_col-sm-6\"><div class=\"kc-col-container\"><div class=\"kc-elm kc-css-838838\" style=\"height: 20px; clear: both; width:100%;\"><\/div><div class=\"kc-elm kc-css-966835\" style=\"height: 20px; clear: both; width:100%;\"><\/div><div class=\"kc-elm kc-css-945241\" style=\"height: 20px; clear: both; width:100%;\"><\/div><div class=\"kc-elm kc-css-157394\" style=\"height: 20px; clear: both; width:100%;\"><\/div><div class=\"kc-elm kc-css-174012 kc_text_block\"><\/p>\n<div align=\"justify\">\n<ul>\n<li><span style=\"font-family: Verdana, Geneva; font-size: 14pt;\"><span style=\"font-family: Verdana, Geneva; font-size: 14pt;\"><strong><strong data-start=\"37\" data-end=\"70\">Aprieta, dosifica y disfruta. <\/strong><\/strong>Solo presiona el gotero durante 1 segundo para lograr la mezcla perfecta con tu agua.<\/span><\/span><\/li>\n<li><span style=\"font-family: Verdana, Geneva; font-size: 14pt;\"><span style=\"font-family: Verdana, Geneva; font-size: 14pt;\">Dispensa directo del gotero en tu vaso de agua y disfruta al instante. <strong>\u00a1As\u00ed de f\u00e1cil!<\/strong>.<\/span><\/span><\/li>\n<\/ul>\n<\/div>\n<p>\n<\/div><div class=\"kc-elm kc-css-86953 kc_shortcode kc_single_image\">\n\n        <img decoding=\"async\" src=\"https:\/\/balanceproducts.com.ec\/site\/wp-content\/uploads\/2025\/02\/marcastienda-22-260x300.png\" class=\"\" alt=\"\" \/>    <\/div>\n<\/div><\/div><\/div><\/div><\/section><section class=\"kc-elm kc-css-984342 kc_row\"><div class=\"kc-row-container  kc-container\"><div class=\"kc-wrap-columns\"><div class=\"kc-elm kc-css-907037 kc_col-sm-12 kc_column kc_col-sm-12\"><div class=\"kc-col-container\"><div class=\"kc-elm kc-css-109982\" style=\"height: 20px; clear: both; width:100%;\"><\/div><div class=\"kc-elm kc-css-991169\" style=\"height: 20px; clear: both; width:100%;\"><\/div><div class=\"kc-elm kc-css-656230\" style=\"height: 20px; clear: both; width:100%;\"><\/div><div class=\"kc-elm kc-css-461931\" style=\"height: 20px; clear: both; width:100%;\"><\/div><div class=\"kc-elm kc-css-248227\" style=\"height: 20px; clear: both; width:100%;\"><\/div><div class=\"kc-elm kc-css-963787 kc_text_block\"><\/p>\n<div align=\"justify\">\n<h1 style=\"text-align: center;\"><span style=\"font-family: &#039;Times New Roman&#039;, Times; font-size: 36pt;\">PRESENTACIONES<\/span><\/h1>\n<\/div>\n<p>\n<\/div><div class=\"kc-elm kc-css-711088\" style=\"height: 20px; clear: both; width:100%;\"><\/div><div class=\"kc-elm kc-css-642680\" style=\"height: 20px; clear: both; width:100%;\"><\/div><div class=\"kc-elm kc-css-111630\" style=\"height: 20px; clear: both; width:100%;\"><\/div><\/div><\/div><\/div><\/div><\/section><section class=\"kc-elm kc-css-795103 kc_row\"><div class=\"kc-row-container  kc-container\"><div class=\"kc-wrap-columns\"><div class=\"kc-elm kc-css-392189 kc_col-sm-6 kc_column kc_col-sm-6\"><div class=\"kc-col-container\"><div class=\"kc-elm kc-css-9310\" style=\"height: 20px; clear: both; width:100%;\"><\/div><div class=\"kc-elm kc-css-751220\" style=\"height: 20px; clear: both; width:100%;\"><\/div><div class=\"kc-elm kc-css-812252\" style=\"height: 20px; clear: both; width:100%;\"><\/div><div class=\"kc-elm kc-css-466148\" style=\"height: 20px; clear: both; width:100%;\"><\/div><div class=\"kc-elm kc-css-829487\" style=\"height: 20px; clear: both; width:100%;\"><\/div><div class=\"kc-elm kc-css-607932 kc_text_block\"><\/p>\n<div align=\"justify\">\n<div align=\"justify\">\n<p style=\"text-align: center;\"><span style=\"font-size: 24pt;\"><strong><span style=\"font-family: Times New Roman, Times;\">GOTEROS<\/span><\/strong><\/span><\/p>\n<\/div>\n<p style=\"text-align: center;\"><span style=\"font-size: 18.6667px;\">60 ml\u00a0<\/span><\/p>\n<div align=\"justify\">\n<p style=\"text-align: center;\"><span style=\"font-size: 24pt;\"><strong><span style=\"font-family: Times New Roman, Times;\">SABORES<\/span><\/strong><\/span><\/p>\n<\/div>\n<p style=\"text-align: center;\"><span style=\"font-size: 14pt;\">Mora<\/span><br \/><span style=\"font-size: 14pt;\">Pi\u00f1a-Coco<\/span><br \/><span style=\"font-size: 14pt;\">Manzana-Canela<\/span><br \/><span style=\"font-size: 14pt;\">Lim\u00f3n-Mandarina<\/span><\/p>\n<\/div>\n<p style=\"text-align: center;\">\n<\/div>\n<div class=\"kc-elm kc-css-403700 kc-pro-button kc-button-6\">\n\t<a href=\"https:\/\/balanceproducts.com.ec\/site\/tienda\/\">\n\t\t<span class=\"creative_title\">COMPRAR AQU\u00cd<\/span>\t<\/a>\n<\/div>\n<\/div><\/div><div class=\"kc-elm kc-css-256996 kc_col-sm-6 kc_column kc_col-sm-6\"><div class=\"kc-col-container\"><div class=\"kc-elm kc-css-736559 kc_shortcode kc_single_image\">\n\n        <img decoding=\"async\" src=\"https:\/\/balanceproducts.com.ec\/site\/wp-content\/uploads\/2021\/06\/Flavor-drops-en-grupo-saborizantes-de-agua-concentrados-de-sabor-ecofriendly-gotas-de-sabor-.png\" class=\"\" alt=\"\" \/>    <\/div>\n<div class=\"kc-elm kc-css-105955\" style=\"height: 20px; clear: both; width:100%;\"><\/div><div class=\"kc-elm kc-css-575173\" style=\"height: 20px; clear: both; width:100%;\"><\/div><div class=\"kc-elm kc-css-112890\" style=\"height: 20px; clear: both; width:100%;\"><\/div><div class=\"kc-elm kc-css-192400\" style=\"height: 20px; clear: both; width:100%;\"><\/div><\/div><\/div><\/div><\/div><\/section><section class=\"kc-elm kc-css-723544 kc_row\"><div class=\"kc-row-container  kc-container\"><div class=\"kc-wrap-columns\"><div class=\"kc-elm kc-css-626568 kc_col-sm-12 kc_column kc_col-sm-12\"><div class=\"kc-col-container\"><div class=\"kc-elm kc-css-402056\" style=\"height: 20px; clear: both; width:100%;\"><\/div><div class=\"kc-elm kc-css-371451\" style=\"height: 20px; clear: both; width:100%;\"><\/div><div class=\"kc-elm kc-css-16425\" style=\"height: 20px; clear: both; width:100%;\"><\/div>\n<div class=\"kc-elm kc-css-336554 kc-pro-button kc-button-3\">\n\t<a href=\"https:\/\/balanceproducts.com.ec\/site\/balancedrops\/\" title=\"VOLVER ATR\u00c1S\">\n\t\t<span class=\"creative_title\">Volver atr\u00e1s<\/span>\t<\/a>\n<\/div>\n<\/div><\/div><\/div><\/div><\/section><section class=\"kc-elm kc-css-57254 kc_row\"><div class=\"kc-row-container  kc-container\"><div class=\"kc-wrap-columns\"><div class=\"kc-elm kc-css-42301 kc_col-sm-4 kc_column kc_col-sm-4\"><div class=\"kc-col-container\"><\/div><\/div><div class=\"kc-elm kc-css-344289 kc_col-sm-4 kc_column kc_col-sm-4\"><div class=\"kc-col-container\"><div class=\"kc-elm kc-css-218628 kc_shortcode kc_single_image\">\n\n        <img decoding=\"async\" src=\"https:\/\/balanceproducts.com.ec\/site\/wp-content\/uploads\/2021\/10\/Encuentranos-en-1.jpg\" class=\"\" alt=\"\" \/>    <\/div>\n<\/div><\/div><div class=\"kc-elm kc-css-365104 kc_col-sm-4 kc_column kc_col-sm-4\"><div class=\"kc-col-container\"><\/div><\/div><\/div><\/div><\/section><section class=\"kc-elm kc-css-526593 kc_row\"><div class=\"kc-row-container  kc-container\"><div class=\"kc-wrap-columns\"><div class=\"kc-elm kc-css-254737 kc_col-sm-12 kc_column kc_col-sm-12\"><div class=\"kc-col-container\"><div class=\"kc-elm kc-css-718259\" style=\"height: 20px; clear: both; width:100%;\"><\/div><div class=\"kc-elm kc-css-510377\" style=\"height: 20px; clear: both; width:100%;\"><\/div><div class=\"kc-elm kc-css-941271\" style=\"height: 20px; clear: both; width:100%;\"><\/div><\/div><\/div><\/div><\/div><\/section><section class=\"kc-elm kc-css-731674 kc_row\"><div class=\"kc-row-container  kc-container\"><div class=\"kc-wrap-columns\"><div class=\"kc-elm kc-css-993461 kc_col-sm-3 kc_column kc_col-sm-3\"><div class=\"kc-col-container\"><\/div><\/div><div class=\"kc-elm kc-css-501642 kc_col-sm-3 kc_column kc_col-sm-3\"><div class=\"kc-col-container\"><div class=\"kc-elm kc-css-548029 kc_shortcode kc_single_image\">\n\n        <img decoding=\"async\" src=\"https:\/\/balanceproducts.com.ec\/site\/wp-content\/uploads\/2018\/11\/marcastienda-02.jpg\" class=\"\" alt=\"\" \/>    <\/div>\n<\/div><\/div><div class=\"kc-elm kc-css-635837 kc_col-sm-3 kc_column kc_col-sm-3\"><div class=\"kc-col-container\"><div class=\"kc-elm kc-css-803835 kc_shortcode kc_single_image\">\n\n        <img decoding=\"async\" src=\"https:\/\/balanceproducts.com.ec\/site\/wp-content\/uploads\/2018\/11\/marcastienda-03.jpg\" class=\"\" alt=\"\" \/>    <\/div>\n<\/div><\/div><div class=\"kc-elm kc-css-750847 kc_col-sm-3 kc_column kc_col-sm-3\"><div class=\"kc-col-container\"><\/div><\/div><\/div><\/div><\/section><section class=\"kc-elm kc-css-226036 kc_row\"><div class=\"kc-row-container  kc-container\"><div class=\"kc-wrap-columns\"><div class=\"kc-elm kc-css-757569 kc_col-sm-12 kc_column kc_col-sm-12\"><div class=\"kc-col-container\"><div class=\"kc-elm kc-css-444409\" style=\"height: 20px; clear: both; width:100%;\"><\/div><div class=\"kc-elm kc-css-808465\" style=\"height: 20px; clear: both; width:100%;\"><\/div><div class=\"kc-elm kc-css-184506\" style=\"height: 20px; clear: both; width:100%;\"><\/div><div class=\"kc-elm kc-css-193236\" style=\"height: 20px; clear: both; width:100%;\"><\/div><div class=\"kc-elm kc-css-910482\" style=\"height: 20px; clear: both; width:100%;\"><\/div><div class=\"kc-elm kc-css-93182\" style=\"height: 20px; clear: both; width:100%;\"><\/div><\/div><\/div><\/div><\/div><\/section><section class=\"kc-elm kc-css-641727 kc_row\"><div class=\"kc-row-container  kc-container\"><div class=\"kc-wrap-columns\"><div class=\"kc-elm kc-css-661683 kc_col-sm-3 kc_column kc_col-sm-3\"><div class=\"kc-col-container\"><div class=\"kc-elm kc-css-204805 kc_shortcode kc_single_image\">\n\n        <img decoding=\"async\" src=\"https:\/\/balanceproducts.com.ec\/site\/wp-content\/uploads\/2018\/11\/logo_celular.png\" class=\"\" alt=\"\" \/>    <\/div>\n<\/div><\/div><div class=\"kc-elm kc-css-786948 kc_col-sm-3 kc_column kc_col-sm-3\"><div class=\"kc-col-container\"><div class=\"kc-elm kc-css-1894 kc_text_block\"><\/p>\n<p><span style=\"font-size: 10pt;\"><a href=\"https:\/\/balanceproducts.com.ec\/site\/nosotros\/\">Nosotros<\/a><\/span><\/p>\n<p><a href=\"https:\/\/balanceproducts.com.ec\/site\/materiasprimas\/\"><span style=\"font-size: 10pt;\">Materias Primas<\/span><\/a><\/p>\n<p><a href=\"https:\/\/balanceproducts.com.ec\/site\/tienda\/\"><span style=\"font-size: 10pt;\">Tienda Electr\u00f3nica<\/span><\/a><\/p>\n<p><span style=\"font-size: 10pt;\">Productos<\/span><\/p>\n<p><a href=\"https:\/\/balanceproducts.com.ec\/site\/programas\/\"><span style=\"font-size: 10pt;\">Programas<\/span><\/a><\/p>\n<p><a href=\"https:\/\/balanceproducts.com.ec\/site\/contacto\/\"><span style=\"font-size: 10pt;\">Contacto<\/span><\/a><\/p>\n<p>\n<\/div><\/div><\/div><div class=\"kc-elm kc-css-924458 kc_col-sm-3 kc_column kc_col-sm-3\"><div class=\"kc-col-container\"><div class=\"kc-elm kc-css-934476 kc_text_block\"><\/p>\n<p><strong><span style=\"font-size: 10pt;\">Contactos<\/span><\/strong><\/p>\n<p><span style=\"font-size: 10pt;\"><b>Direcci\u00f3n:<br \/><\/b><\/span><span style=\"font-size: 10pt;\">Av. Ponce <\/span><span style=\"font-size: 10pt;\">Enriquez<\/span><span style=\"font-size: 10pt;\">\u00a0OE1-309 y Pasaje Marcial<\/span><\/p>\n<p><span style=\"font-size: 10pt;\"><strong>Tel\u00e9fono:<br \/><\/strong>02 2343 500<br \/><strong><br \/><\/strong><strong>Correo electr\u00f3nico:<\/strong><br \/>contacto@balanceproducts.com.ec<\/span><\/p>\n<p>\n<\/div><\/div><\/div><div class=\"kc-elm kc-css-176400 kc_col-sm-3 kc_column kc_col-sm-3\"><div class=\"kc-col-container\"><div class=\"kc-elm kc-css-425722 kc_google_maps kc_shortcode\"><div style=\"height: 350px\" class=\"kc-google-maps\"><iframe src=\"https:\/\/www.google.com\/maps\/embed?pb=!1m18!1m12!1m3!1d4246.588050383301!2d-78.48282210589977!3d-0.2927656035353127!2m3!1f0!2f0!3f0!3m2!1i1024!2i768!4f13.1!3m3!1m2!1s0x91d5990456a0d493%3A0xb23e7056f97ea77e!2sBalance%20Products!5e0!3m2!1ses!2sec!4v1610571631580!5m2!1ses!2sec\" width=\"100%\" height=\"350\" frameborder=\"0\" style=\"border:0;\" allowfullscreen=\"\" aria-hidden=\"false\" tabindex=\"0\"><\/iframe><\/div><\/div><\/div><\/div><\/div><\/div><\/section><section class=\"kc-elm kc-css-483266 kc_row\"><div class=\"kc-row-container  kc-container\"><div class=\"kc-wrap-columns\"><div class=\"kc-elm kc-css-49516 kc_col-sm-12 kc_column kc_col-sm-12\"><div class=\"kc-col-container\"><div class=\"kc-elm kc-css-770948\" style=\"height: 20px; clear: both; width:100%;\"><\/div><div class=\"kc-elm kc-css-288980\" style=\"height: 20px; clear: both; width:100%;\"><\/div><div class=\"kc-elm kc-css-259370\" style=\"height: 20px; clear: both; width:100%;\"><\/div><\/div><\/div><\/div><\/div><\/section><\/p>\n","protected":false},"excerpt":{"rendered":"","protected":false},"author":2,"featured_media":0,"parent":0,"menu_order":0,"comment_status":"closed","ping_status":"closed","template":"","meta":{"_joinchat":[],"footnotes":""},"class_list":["post-7323","page","type-page","status-publish","hentry"],"_links":{"self":[{"href":"https:\/\/balanceproducts.com.ec\/site\/wp-json\/wp\/v2\/pages\/7323","targetHints":{"allow":["GET"]}}],"collection":[{"href":"https:\/\/balanceproducts.com.ec\/site\/wp-json\/wp\/v2\/pages"}],"about":[{"href":"https:\/\/balanceproducts.com.ec\/site\/wp-json\/wp\/v2\/types\/page"}],"author":[{"embeddable":true,"href":"https:\/\/balanceproducts.com.ec\/site\/wp-json\/wp\/v2\/users\/2"}],"replies":[{"embeddable":true,"href":"https:\/\/balanceproducts.com.ec\/site\/wp-json\/wp\/v2\/comments?post=7323"}],"version-history":[{"count":63,"href":"https:\/\/balanceproducts.com.ec\/site\/wp-json\/wp\/v2\/pages\/7323\/revisions"}],"predecessor-version":[{"id":13278,"href":"https:\/\/balanceproducts.com.ec\/site\/wp-json\/wp\/v2\/pages\/7323\/revisions\/13278"}],"wp:attachment":[{"href":"https:\/\/balanceproducts.com.ec\/site\/wp-json\/wp\/v2\/media?parent=7323"}],"curies":[{"name":"wp","href":"https:\/\/api.w.org\/{rel}","templated":true}]}}