{"id":7329,"date":"2020-06-28T22:05:16","date_gmt":"2020-06-29T03:05:16","guid":{"rendered":"https:\/\/balanceproducts.com.ec\/site\/guayusa_mp-3-2-2-2-2-2\/"},"modified":"2025-09-24T11:37:31","modified_gmt":"2025-09-24T16:37:31","slug":"energydrops","status":"publish","type":"page","link":"https:\/\/balanceproducts.com.ec\/site\/energydrops\/","title":{"rendered":"Energy Drops"},"content":{"rendered":"<p><section class=\"kc-elm kc-css-66264 kc_row\"><div class=\"kc-row-container  kc-container\"><div class=\"kc-wrap-columns\"><div class=\"kc-elm kc-css-871380 kc_col-sm-6 kc_column kc_col-sm-6\"><div class=\"kc-col-container\"><div class=\"kc-elm kc-css-429129 kc_shortcode kc_single_image\">\n\n        <img decoding=\"async\" src=\"https:\/\/balanceproducts.com.ec\/site\/wp-content\/uploads\/2021\/01\/logo-energy.png\" class=\"\" alt=\"\" \/>    <\/div>\n<\/div><\/div><div class=\"kc-elm kc-css-210367 kc_col-sm-1 kc_column kc_col-sm-1\"><div class=\"kc-col-container\"><div class=\"kc-elm kc-css-693344\" style=\"height: 0px; clear: both; width:100%;\"><\/div><\/div><\/div><div class=\"kc-elm kc-css-819487 kc_col-sm-5 kc_column kc_col-sm-5\"><div class=\"kc-col-container\"><div class=\"kc-elm kc-css-845973\" style=\"height: 20px; clear: both; width:100%;\"><\/div>\n<div class=\"kc-elm kc-css-631138 kc-title-wrap \">\n\n\t<div class=\"kc_title\">DESCRIPCI\u00d3N<\/div>\n<\/div>\n<div class=\"kc-elm kc-css-317432\" style=\"height: 7px; clear: both; width:100%;\"><\/div><div class=\"kc-elm kc-css-60625 kc_text_block\"><\/p>\n<div align=\"justify\">\n<p><span style=\"font-family: Verdana, Geneva; font-size: 14pt;\">Convierte tu agua en un impulso de energ\u00eda con <strong>Energy Drops<\/strong>, los concentrados l\u00edquidos dise\u00f1ados para brindarte toda la potencia natural de la <strong>Guayusa y el Guaran\u00e1<\/strong> en cada gota.<\/span><\/p>\n<p><span style=\"font-family: Verdana, Geneva; font-size: 14pt;\">Su f\u00f3rmula sin calor\u00edas y con cafe\u00edna natural te ayuda a mantenerte enfocado y activo en cualquier momento del d\u00eda, mientras que su pr\u00e1ctico envase con tecnolog\u00eda <strong>EURODROP<\/strong> te permite llevarlo contigo y disfrutarlo donde y cuando quieras.<\/span><\/p>\n<\/div>\n<p>\n<\/div><\/div><\/div><\/div><\/div><\/section><section class=\"kc-elm kc-css-108374 kc_row\"><div class=\"kc-row-container  kc-container\"><div class=\"kc-wrap-columns\"><div class=\"kc-elm kc-css-450900 kc_col-sm-12 kc_column kc_col-sm-12\"><div class=\"kc-col-container\"><div class=\"kc-elm kc-css-320352\" style=\"height: 20px; clear: both; width:100%;\"><\/div><div class=\"kc-elm kc-css-885347\" style=\"height: 20px; clear: both; width:100%;\"><\/div><div class=\"kc-elm kc-css-944192\" style=\"height: 20px; clear: both; width:100%;\"><\/div><\/div><\/div><\/div><\/div><\/section><section class=\"kc-elm kc-css-478495 kc_row\"><div class=\"kc-row-container  kc-container\"><div class=\"kc-wrap-columns\"><div class=\"kc-elm kc-css-756746 kc_col-sm-5 kc_column kc_col-sm-5\"><div class=\"kc-col-container\"><div class=\"kc-elm kc-css-927456\" style=\"height: 20px; clear: both; width:100%;\"><\/div>\n<div class=\"kc-elm kc-css-122369 kc-title-wrap \">\n\n\t<div class=\"kc_title\">BENEFICIOS:<\/div>\n<\/div>\n<div class=\"kc-elm kc-css-402732\" style=\"height: 7px; clear: both; width:100%;\"><\/div><div class=\"kc-elm kc-css-520764 kc_text_block\"><\/p>\n<div align=\"justify\">\n<p><span style=\"font-size: 14pt;\"><strong><span style=\"font-family: Verdana, Geneva;\">TU IMPULSO DE ENERG\u00cdA EN CADA GOTA<\/span><\/strong><\/span><\/p>\n<p><span style=\"font-family: Verdana, Geneva; font-size: 14pt;\">Descubre la energ\u00eda en cada gota con <strong data-start=\"90\" data-end=\"106\">Energy Drops<\/strong>. Disfruta de sus <strong data-start=\"124\" data-end=\"146\">2 sabores intensos<\/strong>, perfectos para combinar con tu agua fr\u00eda o caliente favorita.<\/span><\/p>\n<ul>\n<li><span style=\"font-family: Verdana, Geneva; font-size: 14pt;\"><strong data-start=\"216\" data-end=\"238\">Energ\u00eda que rinde:<\/strong> Un solo gotero de <strong data-start=\"257\" data-end=\"274\">Energy Drops<\/strong> rinde hasta <strong data-start=\"287\" data-end=\"309\">7.5 litros de una deliciosa bebida<\/strong>.<\/span><\/li>\n<li><span style=\"font-family: Verdana, Geneva; font-size: 14pt;\"><strong data-start=\"316\" data-end=\"336\">Impulso natural:<\/strong> El <strong data-start=\"340\" data-end=\"351\">Guaran\u00e1<\/strong> ayuda a mejorar el rendimiento y mantener la vitalidad.<\/span><\/li>\n<li><span style=\"font-family: Verdana, Geneva; font-size: 14pt;\"><strong data-start=\"412\" data-end=\"436\">Energ\u00eda equilibrada:<\/strong> La <strong data-start=\"440\" data-end=\"451\">Guayusa<\/strong> libera cafe\u00edna de forma gradual, brind\u00e1ndote un impulso constante durante el d\u00eda.<\/span><\/li>\n<li><span style=\"font-family: Verdana, Geneva; font-size: 14pt;\"><strong>Endulzado<\/strong> con <strong>stevia.\u00a0<\/strong><\/span><\/li>\n<\/ul>\n<\/div>\n<p>\n<\/div><\/div><\/div><div class=\"kc-elm kc-css-135982 kc_col-sm-1 kc_column kc_col-sm-1\"><div class=\"kc-col-container\"><div class=\"kc-elm kc-css-73119\" style=\"height: 6px; clear: both; width:100%;\"><\/div><\/div><\/div><div class=\"kc-elm kc-css-243641 kc_col-sm-6 kc_column kc_col-sm-6\"><div class=\"kc-col-container\"><div class=\"kc-elm kc-css-192318\" style=\"height: 20px; clear: both; width:100%;\"><\/div><div class=\"kc-elm kc-css-434507 kc_shortcode kc_single_image\">\n\n        <img decoding=\"async\" src=\"https:\/\/balanceproducts.com.ec\/site\/wp-content\/uploads\/2025\/02\/Diseno-sin-titulo-20.jpg\" class=\"\" alt=\"\" \/>    <\/div>\n<\/div><\/div><\/div><\/div><\/section><section class=\"kc-elm kc-css-298826 kc_row\"><div class=\"kc-row-container  kc-container\"><div class=\"kc-wrap-columns\"><div class=\"kc-elm kc-css-198455 kc_col-sm-5 kc_column kc_col-sm-5\"><div class=\"kc-col-container\"><div class=\"kc-elm kc-css-565164\" style=\"height: 20px; clear: both; width:100%;\"><\/div><div class=\"kc-elm kc-css-822939\" style=\"height: 20px; clear: both; width:100%;\"><\/div><div class=\"kc-elm kc-css-694556\" style=\"height: 20px; clear: both; width:100%;\"><\/div>\n<div class=\"kc-elm kc-css-540979 kc-title-wrap \">\n\n\t<h1 class=\"kc_title\">Recomendaciones de uso<\/h1>\n<\/div>\n<div class=\"kc-elm kc-css-898971 kc_shortcode kc_single_image\">\n\n        <img decoding=\"async\" src=\"https:\/\/balanceproducts.com.ec\/site\/wp-content\/uploads\/2025\/02\/Diseno-sin-titulo-19.jpg\" class=\"\" alt=\"\" \/>    <\/div>\n<\/div><\/div><div class=\"kc-elm kc-css-399057 kc_col-sm-1 kc_column kc_col-sm-1\"><div class=\"kc-col-container\"><\/div><\/div><div class=\"kc-elm kc-css-472292 kc_col-sm-5 kc_column kc_col-sm-5\"><div class=\"kc-col-container\"><div class=\"kc-elm kc-css-136215\" style=\"height: 20px; clear: both; width:100%;\"><\/div><div class=\"kc-elm kc-css-568311\" style=\"height: 20px; clear: both; width:100%;\"><\/div><div class=\"kc-elm kc-css-113079\" style=\"height: 20px; clear: both; width:100%;\"><\/div><div class=\"kc-elm kc-css-753089 kc_text_block\"><\/p>\n<ul>\n<li><span style=\"font-family: Verdana, Geneva; font-size: 14pt;\"><strong>Aprieta, dosifica y disfruta.<\/strong>Solo presiona el gotero durante 1 segundo para lograr la mezcla perfecta con tu agua.<\/span><\/li>\n<li><span style=\"font-family: Verdana, Geneva; font-size: 14pt;\">Dispensa directo del gotero en tu vaso de agua y disfruta al instante. <strong>\u00a1As\u00ed de f\u00e1cil!<\/strong>.<\/span><\/li>\n<\/ul>\n<p>\n<\/div><div class=\"kc-elm kc-css-487067 kc_shortcode kc_single_image\">\n\n        <img decoding=\"async\" src=\"https:\/\/balanceproducts.com.ec\/site\/wp-content\/uploads\/2025\/02\/marcastienda-21-260x300.png\" class=\"\" alt=\"\" \/>    <\/div>\n<\/div><\/div><\/div><\/div><\/section><section class=\"kc-elm kc-css-184508 kc_row\"><div class=\"kc-row-container  kc-container\"><div class=\"kc-wrap-columns\"><div class=\"kc-elm kc-css-248579 kc_col-sm-12 kc_column kc_col-sm-12\"><div class=\"kc-col-container\"><div class=\"kc-elm kc-css-519121\" style=\"height: 20px; clear: both; width:100%;\"><\/div><div class=\"kc-elm kc-css-394377\" style=\"height: 20px; clear: both; width:100%;\"><\/div><div class=\"kc-elm kc-css-546976\" style=\"height: 20px; clear: both; width:100%;\"><\/div><div class=\"kc-elm kc-css-755606\" style=\"height: 20px; clear: both; width:100%;\"><\/div><div class=\"kc-elm kc-css-216987\" style=\"height: 20px; clear: both; width:100%;\"><\/div><div class=\"kc-elm kc-css-996468 kc_text_block\"><\/p>\n<div align=\"justify\">\n<p style=\"text-align: center;\"><span style=\"font-family: &#039;Times New Roman&#039;, Times; font-size: 36pt;\"><b>PRESENTACIONES<\/b><\/span><\/p>\n<\/div>\n<p>\n<\/div><div class=\"kc-elm kc-css-555751\" style=\"height: 20px; clear: both; width:100%;\"><\/div><div class=\"kc-elm kc-css-440615\" style=\"height: 20px; clear: both; width:100%;\"><\/div><div class=\"kc-elm kc-css-296963\" style=\"height: 20px; clear: both; width:100%;\"><\/div><\/div><\/div><\/div><\/div><\/section><section class=\"kc-elm kc-css-727720 kc_row\"><div class=\"kc-row-container  kc-container\"><div class=\"kc-wrap-columns\"><div class=\"kc-elm kc-css-281150 kc_col-sm-6 kc_column kc_col-sm-6\"><div class=\"kc-col-container\"><div class=\"kc-elm kc-css-256974\" style=\"height: 20px; clear: both; width:100%;\"><\/div><div class=\"kc-elm kc-css-776689\" style=\"height: 20px; clear: both; width:100%;\"><\/div><div class=\"kc-elm kc-css-603106\" style=\"height: 20px; clear: both; width:100%;\"><\/div><div class=\"kc-elm kc-css-514060\" style=\"height: 20px; clear: both; width:100%;\"><\/div><div class=\"kc-elm kc-css-112535\" style=\"height: 20px; clear: both; width:100%;\"><\/div><div class=\"kc-elm kc-css-107659 kc_text_block\"><\/p>\n<div align=\"justify\">\n<p style=\"text-align: center;\"><span style=\"font-size: 24pt;\"><strong><span style=\"font-family: Times New Roman, Times;\">GOTEROS<\/span><\/strong><\/span><\/p>\n<\/div>\n<p style=\"text-align: center;\"><span style=\"font-size: 18.6667px;\">60 ml\u00a0<\/span><\/p>\n<div align=\"justify\">\n<p style=\"text-align: center;\"><span style=\"font-size: 24pt;\"><strong><span style=\"font-family: Times New Roman, Times;\">SABORES<\/span><\/strong><\/span><\/p>\n<\/div>\n<p style=\"text-align: center;\"><span style=\"font-size: 14pt;\">Guaran\u00e1 &#8211; Guayusa<br \/>Frutos Rojos<\/span><\/p>\n<p>\n<\/div>\n<div class=\"kc-elm kc-css-248848 kc-pro-button kc-button-6\">\n\t<a href=\"https:\/\/balanceproducts.com.ec\/site\/tienda\/\">\n\t\t<span class=\"creative_title\">COMPRAR AQU\u00cd<\/span>\t<\/a>\n<\/div>\n<\/div><\/div><div class=\"kc-elm kc-css-291218 kc_col-sm-6 kc_column kc_col-sm-6\"><div class=\"kc-col-container\"><div class=\"kc-elm kc-css-858994 kc_shortcode kc_single_image\">\n\n        <img decoding=\"async\" src=\"https:\/\/balanceproducts.com.ec\/site\/wp-content\/uploads\/2021\/01\/Energy-drops.png\" class=\"\" alt=\"\" \/>    <\/div>\n<div class=\"kc-elm kc-css-359247\" style=\"height: 20px; clear: both; width:100%;\"><\/div><div class=\"kc-elm kc-css-167431\" style=\"height: 20px; clear: both; width:100%;\"><\/div><div class=\"kc-elm kc-css-273923\" style=\"height: 20px; clear: both; width:100%;\"><\/div><div class=\"kc-elm kc-css-65764\" style=\"height: 20px; clear: both; width:100%;\"><\/div><\/div><\/div><\/div><\/div><\/section><section class=\"kc-elm kc-css-795379 kc_row\"><div class=\"kc-row-container  kc-container\"><div class=\"kc-wrap-columns\"><div class=\"kc-elm kc-css-520089 kc_col-sm-12 kc_column kc_col-sm-12\"><div class=\"kc-col-container\"><div class=\"kc-elm kc-css-330404\" style=\"height: 20px; clear: both; width:100%;\"><\/div><div class=\"kc-elm kc-css-363365\" style=\"height: 20px; clear: both; width:100%;\"><\/div><div class=\"kc-elm kc-css-780597\" style=\"height: 20px; clear: both; width:100%;\"><\/div><div class=\"kc-elm kc-css-735626 kc_shortcode kc_single_image\">\n\n        <img decoding=\"async\" src=\"https:\/\/balanceproducts.com.ec\/site\/wp-content\/uploads\/2022\/06\/Encuentranos-en-1.jpg\" class=\"\" alt=\"\" \/>    <\/div>\n<\/div><\/div><\/div><\/div><\/section><section class=\"kc-elm kc-css-812891 kc_row\"><div class=\"kc-row-container  kc-container\"><div class=\"kc-wrap-columns\"><div class=\"kc-elm kc-css-618403 kc_col-sm-3 kc_column kc_col-sm-3\"><div class=\"kc-col-container\"><div class=\"kc-elm kc-css-378974 kc_shortcode kc_single_image\">\n\n        <img decoding=\"async\" src=\"https:\/\/balanceproducts.com.ec\/site\/wp-content\/uploads\/2018\/11\/marcastienda-03.jpg\" class=\"\" alt=\"\" \/>    <\/div>\n<\/div><\/div><div class=\"kc-elm kc-css-341797 kc_col-sm-3 kc_column kc_col-sm-3\"><div class=\"kc-col-container\"><div class=\"kc-elm kc-css-382617 kc_shortcode kc_single_image\">\n\n        <img decoding=\"async\" src=\"https:\/\/balanceproducts.com.ec\/site\/wp-content\/uploads\/2018\/11\/marcastienda-02.jpg\" class=\"\" alt=\"\" \/>    <\/div>\n<\/div><\/div><div class=\"kc-elm kc-css-920358 kc_col-sm-3 kc_column kc_col-sm-3\"><div class=\"kc-col-container\"><\/div><\/div><div class=\"kc-elm kc-css-392352 kc_col-sm-3 kc_column kc_col-sm-3\"><div class=\"kc-col-container\"><\/div><\/div><\/div><\/div><\/section><section class=\"kc-elm kc-css-618282 kc_row\"><div class=\"kc-row-container  kc-container\"><div class=\"kc-wrap-columns\"><div class=\"kc-elm kc-css-176142 kc_col-sm-12 kc_column kc_col-sm-12\"><div class=\"kc-col-container\"><div class=\"kc-elm kc-css-847696\" style=\"height: 20px; clear: both; width:100%;\"><\/div><div class=\"kc-elm kc-css-823368\" style=\"height: 20px; clear: both; width:100%;\"><\/div><div class=\"kc-elm kc-css-139232\" style=\"height: 20px; clear: both; width:100%;\"><\/div>\n<div class=\"kc-elm kc-css-357673 kc-pro-button kc-button-3\">\n\t<a href=\"https:\/\/balanceproducts.com.ec\/site\/balancedrops\/\" title=\"VOLVER ATR\u00c1S\">\n\t\t<span class=\"creative_title\">Volver atr\u00e1s<\/span>\t<\/a>\n<\/div>\n<\/div><\/div><\/div><\/div><\/section><section class=\"kc-elm kc-css-792699 kc_row\"><div class=\"kc-row-container  kc-container\"><div class=\"kc-wrap-columns\"><div class=\"kc-elm kc-css-701692 kc_col-sm-12 kc_column kc_col-sm-12\"><div class=\"kc-col-container\"><div class=\"kc-elm kc-css-661539\" style=\"height: 20px; clear: both; width:100%;\"><\/div><div class=\"kc-elm kc-css-26752\" style=\"height: 20px; clear: both; width:100%;\"><\/div><div class=\"kc-elm kc-css-723369\" style=\"height: 20px; clear: both; width:100%;\"><\/div><div class=\"kc-elm kc-css-356818\" style=\"height: 20px; clear: both; width:100%;\"><\/div><div class=\"kc-elm kc-css-871462\" style=\"height: 20px; clear: both; width:100%;\"><\/div><div class=\"kc-elm kc-css-39569\" style=\"height: 20px; clear: both; width:100%;\"><\/div><\/div><\/div><\/div><\/div><\/section><section class=\"kc-elm kc-css-292472 kc_row\"><div class=\"kc-row-container  kc-container\"><div class=\"kc-wrap-columns\"><div class=\"kc-elm kc-css-151379 kc_col-sm-3 kc_column kc_col-sm-3\"><div class=\"kc-col-container\"><div class=\"kc-elm kc-css-88903 kc_shortcode kc_single_image\">\n\n        <img decoding=\"async\" src=\"https:\/\/balanceproducts.com.ec\/site\/wp-content\/uploads\/2018\/11\/logo_celular.png\" class=\"\" alt=\"\" \/>    <\/div>\n<\/div><\/div><div class=\"kc-elm kc-css-975158 kc_col-sm-3 kc_column kc_col-sm-3\"><div class=\"kc-col-container\"><div class=\"kc-elm kc-css-108805 kc_text_block\"><\/p>\n<p><span style=\"font-size: 10pt;\"><a href=\"https:\/\/balanceproducts.com.ec\/site\/nosotros\/\">Nosotros<\/a><\/span><\/p>\n<p><a href=\"https:\/\/balanceproducts.com.ec\/site\/materiasprimas\/\"><span style=\"font-size: 10pt;\">Materias Primas<\/span><\/a><\/p>\n<p><a href=\"https:\/\/balanceproducts.com.ec\/site\/tienda\/\"><span style=\"font-size: 10pt;\">Tienda Electr\u00f3nica<\/span><\/a><\/p>\n<p><span style=\"font-size: 10pt;\">Productos<\/span><\/p>\n<p><a href=\"https:\/\/balanceproducts.com.ec\/site\/programas\/\"><span style=\"font-size: 10pt;\">Programas<\/span><\/a><\/p>\n<p><a href=\"https:\/\/balanceproducts.com.ec\/site\/contacto\/\"><span style=\"font-size: 10pt;\">Contacto<\/span><\/a><\/p>\n<p>\n<\/div><\/div><\/div><div class=\"kc-elm kc-css-204112 kc_col-sm-3 kc_column kc_col-sm-3\"><div class=\"kc-col-container\"><div class=\"kc-elm kc-css-755911 kc_text_block\"><\/p>\n<p><strong><span style=\"font-size: 10pt;\">Contactos<\/span><\/strong><\/p>\n<p><span style=\"font-size: 10pt;\"><b>Direcci\u00f3n:<br \/><\/b><\/span><span style=\"font-size: 10pt;\">Av. Ponce <\/span><span style=\"font-size: 10pt;\">Enriquez<\/span><span style=\"font-size: 10pt;\">\u00a0OE1-309 y Pasaje Marcial<\/span><\/p>\n<p><span style=\"font-size: 10pt;\"><strong>Tel\u00e9fono:<br \/><\/strong>02 2343 500<br \/><strong><br \/><\/strong><strong>Correo electr\u00f3nico:<\/strong><br \/>contacto@balanceproducts.com.ec<\/span><\/p>\n<p>\n<\/div><\/div><\/div><div class=\"kc-elm kc-css-434554 kc_col-sm-3 kc_column kc_col-sm-3\"><div class=\"kc-col-container\"><div class=\"kc-elm kc-css-858847 kc_google_maps kc_shortcode\"><div style=\"height: 350px\" class=\"kc-google-maps\"><iframe src=\"https:\/\/www.google.com\/maps\/embed?pb=!1m18!1m12!1m3!1d4246.588050383301!2d-78.48282210589977!3d-0.2927656035353127!2m3!1f0!2f0!3f0!3m2!1i1024!2i768!4f13.1!3m3!1m2!1s0x91d5990456a0d493%3A0xb23e7056f97ea77e!2sBalance%20Products!5e0!3m2!1ses!2sec!4v1610571631580!5m2!1ses!2sec\" width=\"100%\" height=\"350\" frameborder=\"0\" style=\"border:0;\" allowfullscreen=\"\" aria-hidden=\"false\" tabindex=\"0\"><\/iframe><\/div><\/div><\/div><\/div><\/div><\/div><\/section><section class=\"kc-elm kc-css-271775 kc_row\"><div class=\"kc-row-container  kc-container\"><div class=\"kc-wrap-columns\"><div class=\"kc-elm kc-css-347056 kc_col-sm-12 kc_column kc_col-sm-12\"><div class=\"kc-col-container\"><div class=\"kc-elm kc-css-275908\" style=\"height: 20px; clear: both; width:100%;\"><\/div><div class=\"kc-elm kc-css-348878\" style=\"height: 20px; clear: both; width:100%;\"><\/div><div class=\"kc-elm kc-css-574152\" style=\"height: 20px; clear: both; width:100%;\"><\/div><\/div><\/div><\/div><\/div><\/section><\/p>\n","protected":false},"excerpt":{"rendered":"","protected":false},"author":2,"featured_media":0,"parent":0,"menu_order":0,"comment_status":"closed","ping_status":"closed","template":"","meta":{"_joinchat":[],"footnotes":""},"class_list":["post-7329","page","type-page","status-publish","hentry"],"_links":{"self":[{"href":"https:\/\/balanceproducts.com.ec\/site\/wp-json\/wp\/v2\/pages\/7329","targetHints":{"allow":["GET"]}}],"collection":[{"href":"https:\/\/balanceproducts.com.ec\/site\/wp-json\/wp\/v2\/pages"}],"about":[{"href":"https:\/\/balanceproducts.com.ec\/site\/wp-json\/wp\/v2\/types\/page"}],"author":[{"embeddable":true,"href":"https:\/\/balanceproducts.com.ec\/site\/wp-json\/wp\/v2\/users\/2"}],"replies":[{"embeddable":true,"href":"https:\/\/balanceproducts.com.ec\/site\/wp-json\/wp\/v2\/comments?post=7329"}],"version-history":[{"count":71,"href":"https:\/\/balanceproducts.com.ec\/site\/wp-json\/wp\/v2\/pages\/7329\/revisions"}],"predecessor-version":[{"id":13362,"href":"https:\/\/balanceproducts.com.ec\/site\/wp-json\/wp\/v2\/pages\/7329\/revisions\/13362"}],"wp:attachment":[{"href":"https:\/\/balanceproducts.com.ec\/site\/wp-json\/wp\/v2\/media?parent=7329"}],"curies":[{"name":"wp","href":"https:\/\/api.w.org\/{rel}","templated":true}]}}