{"id":7564,"date":"2020-06-28T22:05:16","date_gmt":"2020-06-29T03:05:16","guid":{"rendered":"https:\/\/balanceproducts.com.ec\/site\/guayusamateriaprima-2\/"},"modified":"2023-01-23T15:15:11","modified_gmt":"2023-01-23T20:15:11","slug":"guayusamateriaprima-2","status":"publish","type":"page","link":"https:\/\/balanceproducts.com.ec\/site\/guayusamateriaprima-2\/","title":{"rendered":"Guayusa"},"content":{"rendered":"<p><section class=\"kc-elm kc-css-38975 kc_row\"><div class=\"kc-row-container  kc-container\"><div class=\"kc-wrap-columns\"><div class=\"kc-elm kc-css-531430 kc_col-sm-6 kc_column kc_col-sm-6\"><div class=\"kc-col-container\"><div class=\"kc-elm kc-css-356054 kc_shortcode kc_single_image\">\n\n        <img decoding=\"async\" src=\"https:\/\/balanceproducts.com.ec\/site\/wp-content\/uploads\/2020\/12\/Foto-interna-guayusa-1.jpg\" class=\"\" alt=\"\" \/>    <\/div>\n<\/div><\/div><div class=\"kc-elm kc-css-346296 kc_col-sm-1 kc_column kc_col-sm-1\"><div class=\"kc-col-container\"><\/div><\/div><div class=\"kc-elm kc-css-960197 kc_col-sm-6 kc_column kc_col-sm-6\"><div class=\"kc-col-container\"><div class=\"kc-elm kc-css-485733 kc_text_block\"><\/p>\n<div align=\"justify\"><span style=\"font-family: Verdana, Geneva; font-size: 14pt;\">La <strong>biodiversidad de la Amazon\u00eda<\/strong> ecuatoriana no deja de sorprender. <\/span><\/div>\n<h2><span style=\"font-family: Verdana, Geneva; font-size: 14pt;\">La\u00a0<strong>hoja de GUAYUSA<\/strong>\u00a0es consumida a manera de infusi\u00f3n desde\u00a0hace m\u00e1s de<strong> 1.000 a\u00f1os<\/strong>\u00a0por los\u00a0<strong>ind\u00edgenas amaz\u00f3nicos<\/strong>\u00a0del Ecuador como bebida energizante y antioxidante.<\/span><\/h2>\n<p><span style=\"font-family: Verdana, Geneva; font-size: 14pt;\">A lo largo de los a\u00f1os se han realizado varias investigaciones que demostrar\u00edan la\u00a0<strong>versatilidad de las propiedades curativas<\/strong>\u00a0que postula el saber ind\u00edgena.<\/span><\/p>\n<p>\n<\/div><\/div><\/div><\/div><\/div><\/section><section class=\"kc-elm kc-css-35904 kc_row\"><div class=\"kc-row-container  kc-container\"><div class=\"kc-wrap-columns\"><div class=\"kc-elm kc-css-903665 kc_col-sm-12 kc_column kc_col-sm-12\"><div class=\"kc-col-container\"><div class=\"kc-elm kc-css-472581\" style=\"height: 20px; clear: both; width:100%;\"><\/div><div class=\"kc-elm kc-css-648066\" style=\"height: 20px; clear: both; width:100%;\"><\/div><div class=\"kc-elm kc-css-217226\" style=\"height: 20px; clear: both; width:100%;\"><\/div><\/div><\/div><\/div><\/div><\/section><section class=\"kc-elm kc-css-409409 kc_row\"><div class=\"kc-row-container  kc-container\"><div class=\"kc-wrap-columns\"><div class=\"kc-elm kc-css-947438 kc_col-sm-5 kc_column kc_col-sm-5\"><div class=\"kc-col-container\"><div class=\"kc-elm kc-css-375511\" style=\"height: 20px; clear: both; width:100%;\"><\/div><div class=\"kc-elm kc-css-629438\" style=\"height: 7px; clear: both; width:100%;\"><\/div><div class=\"kc-elm kc-css-998251 kc_text_block\"><\/p>\n<div align=\"justify\">\n<div class=\"uk-grid uk-text-left uk-flex-middle\" data-uk-grid-match=\"\" data-uk-margin=\"{cls:&#039;uk-margin-top&#039;}\">\n<div class=\"uk-width-medium-1-2 uk-scrollspy-inview uk-animation-slide-left\" data-uk-scrollspy-cls=\"uk-animation-slide-left uk-invisible\">\n<div class=\"uk-panel uk-panel-space uk-width-1-1\">\n<div class=\"uk-margin\">\n<div align=\"justify\"><span style=\"font-family: Verdana, Geneva; font-size: 14pt;\">La <strong>energ\u00eda de la Guayusa Amaz\u00f3nica<\/strong> es diferente a la del caf\u00e9 o las bebidas energ\u00e9ticas tradicionales, los cazadores y guerreros amaz\u00f3nicos la describen como <strong>\u201cfuerza mental y coraje\u201d<\/strong>, ya que permite estar enfocado por largo tiempo sin alterar tu sistema nervioso. El alto contenido de cafe\u00edna natural en las hojas de guayusa, le permite generar este beneficio hacia sus consumidores.<\/span><\/div>\n<div align=\"justify\">\u00a0<\/div>\n<\/div>\n<\/div>\n<\/div>\n<\/div>\n<div class=\"uk-grid uk-text-left uk-flex-middle\" data-uk-grid-match=\"\" data-uk-margin=\"{cls:&#039;uk-margin-top&#039;}\">\n<div class=\"uk-width-1-1 uk-scrollspy-inview uk-animation-slide-right\" data-uk-scrollspy-cls=\"uk-animation-slide-right uk-invisible\">\n<div class=\"uk-panel uk-panel-space uk-width-1-1\">\n<div class=\"uk-margin\">\n<div align=\"justify\"><span style=\"font-family: Verdana, Geneva; font-size: 14pt;\">Por otro lado, la <strong>capacidad antioxidant<\/strong>e de la Guayusa, ayuda al <strong>bienestar de los pueblos amaz\u00f3nicos<\/strong>, ya que neutraliza la acci\u00f3n negativa para el ser humano de los radicales libres y ayuda a <strong>prevenir el envejecimiento prematuro.<\/strong><\/span><\/div>\n<\/div>\n<\/div>\n<\/div>\n<\/div>\n<\/div>\n<p>\n<\/div><\/div><\/div><div class=\"kc-elm kc-css-323550 kc_col-sm-1 kc_column kc_col-sm-1\"><div class=\"kc-col-container\"><div class=\"kc-elm kc-css-795127\" style=\"height: 6px; clear: both; width:100%;\"><\/div><\/div><\/div><div class=\"kc-elm kc-css-662141 kc_col-sm-6 kc_column kc_col-sm-6\"><div class=\"kc-col-container\"><div class=\"kc-elm kc-css-685226\" style=\"height: 20px; clear: both; width:100%;\"><\/div><div class=\"kc-elm kc-css-630168 kc_shortcode kc_single_image\">\n\n        <img decoding=\"async\" src=\"https:\/\/balanceproducts.com.ec\/site\/wp-content\/uploads\/2020\/12\/Foto-interna-guayusa-2.jpg\" class=\"\" alt=\"\" \/>    <\/div>\n<\/div><\/div><\/div><\/div><\/section><section class=\"kc-elm kc-css-235204 kc_row\"><div class=\"kc-row-container  kc-container\"><div class=\"kc-wrap-columns\"><div class=\"kc-elm kc-css-467728 kc_col-sm-12 kc_column kc_col-sm-12\"><div class=\"kc-col-container\"><div class=\"kc-elm kc-css-964553\" style=\"height: 20px; clear: both; width:100%;\"><\/div><div class=\"kc-elm kc-css-329639\" style=\"height: 20px; clear: both; width:100%;\"><\/div><div class=\"kc-elm kc-css-695312\" style=\"height: 20px; clear: both; width:100%;\"><\/div>\n<div class=\"kc-elm kc-css-538136 kc-pro-button kc-button-3\">\n\t<a href=\"https:\/\/balanceproducts.com.ec\/site\/materiasprimas\/\" title=\"VOLVER ATR\u00c1S\">\n\t\t<span class=\"creative_title\">Volver atr\u00e1s<\/span>\t<\/a>\n<\/div>\n<\/div><\/div><\/div><\/div><\/section><section class=\"kc-elm kc-css-331072 kc_row\"><div class=\"kc-row-container  kc-container\"><div class=\"kc-wrap-columns\"><div class=\"kc-elm kc-css-594160 kc_col-sm-12 kc_column kc_col-sm-12\"><div class=\"kc-col-container\"><div class=\"kc-elm kc-css-733659\" style=\"height: 20px; clear: both; width:100%;\"><\/div><div class=\"kc-elm kc-css-373778\" style=\"height: 20px; clear: both; width:100%;\"><\/div><div class=\"kc-elm kc-css-627180\" style=\"height: 20px; clear: both; width:100%;\"><\/div><div class=\"kc-elm kc-css-401951\" style=\"height: 20px; clear: both; width:100%;\"><\/div><div class=\"kc-elm kc-css-976376\" style=\"height: 20px; clear: both; width:100%;\"><\/div><div class=\"kc-elm kc-css-895597\" style=\"height: 20px; clear: both; width:100%;\"><\/div><\/div><\/div><\/div><\/div><\/section><section class=\"kc-elm kc-css-245942 kc_row\"><div class=\"kc-row-container  kc-container\"><div class=\"kc-wrap-columns\"><div class=\"kc-elm kc-css-669444 kc_col-sm-3 kc_column kc_col-sm-3\"><div class=\"kc-col-container\"><div class=\"kc-elm kc-css-185156 kc_shortcode kc_single_image\">\n\n        <img decoding=\"async\" src=\"https:\/\/balanceproducts.com.ec\/site\/wp-content\/uploads\/2018\/11\/logo_celular.png\" class=\"\" alt=\"\" \/>    <\/div>\n<\/div><\/div><div class=\"kc-elm kc-css-224453 kc_col-sm-3 kc_column kc_col-sm-3\"><div class=\"kc-col-container\"><div class=\"kc-elm kc-css-133836 kc_text_block\"><\/p>\n<p><span style=\"font-size: 10pt;\"><a href=\"https:\/\/balanceproducts.com.ec\/site\/nosotros\/\">Nosotros<\/a><\/span><\/p>\n<p><a href=\"https:\/\/balanceproducts.com.ec\/site\/materiasprimas\/\"><span style=\"font-size: 10pt;\">Materias Primas<\/span><\/a><\/p>\n<p><a href=\"https:\/\/balanceproducts.com.ec\/site\/tienda\/\"><span style=\"font-size: 10pt;\">Tienda Electr\u00f3nica<\/span><\/a><\/p>\n<p><span style=\"font-size: 10pt;\">Productos<\/span><\/p>\n<p><a href=\"https:\/\/balanceproducts.com.ec\/site\/programas\/\"><span style=\"font-size: 10pt;\">Programas<\/span><\/a><\/p>\n<p><a href=\"https:\/\/balanceproducts.com.ec\/site\/contacto\/\"><span style=\"font-size: 10pt;\">Contacto<\/span><\/a><\/p>\n<p>\n<\/div><\/div><\/div><div class=\"kc-elm kc-css-759907 kc_col-sm-3 kc_column kc_col-sm-3\"><div class=\"kc-col-container\"><div class=\"kc-elm kc-css-117985 kc_text_block\"><\/p>\n<p><strong><span style=\"font-size: 10pt;\">Contactos<\/span><\/strong><\/p>\n<p><span style=\"font-size: 10pt;\"><b>Direcci\u00f3n:<br \/><\/b><\/span><span style=\"font-size: 10pt;\">Av. Ponce <\/span><span style=\"font-size: 10pt;\">Enriquez<\/span><span style=\"font-size: 10pt;\">&nbsp;OE1-309 y Pasaje Marcial<\/span><\/p>\n<p><span style=\"font-size: 10pt;\"><strong>Tel\u00e9fono:<br \/><\/strong>02 2343 500<br \/><strong><br \/><\/strong><strong>Correo electr\u00f3nico:<\/strong><br \/>contacto@balanceproducts.com.ec<\/span><\/p>\n<p>\n<\/div><\/div><\/div><div class=\"kc-elm kc-css-387865 kc_col-sm-3 kc_column kc_col-sm-3\"><div class=\"kc-col-container\"><div class=\"kc-elm kc-css-462499 kc_google_maps kc_shortcode\"><div style=\"height: 350px\" class=\"kc-google-maps\"><iframe src=\"https:\/\/www.google.com\/maps\/embed?pb=!1m18!1m12!1m3!1d4246.588050383301!2d-78.48282210589977!3d-0.2927656035353127!2m3!1f0!2f0!3f0!3m2!1i1024!2i768!4f13.1!3m3!1m2!1s0x91d5990456a0d493%3A0xb23e7056f97ea77e!2sBalance%20Products!5e0!3m2!1ses!2sec!4v1610571631580!5m2!1ses!2sec\" width=\"100%\" height=\"350\" frameborder=\"0\" style=\"border:0;\" allowfullscreen=\"\" aria-hidden=\"false\" tabindex=\"0\"><\/iframe><\/div><\/div><\/div><\/div><\/div><\/div><\/section><section class=\"kc-elm kc-css-784646 kc_row\"><div class=\"kc-row-container  kc-container\"><div class=\"kc-wrap-columns\"><div class=\"kc-elm kc-css-200890 kc_col-sm-12 kc_column kc_col-sm-12\"><div class=\"kc-col-container\"><div class=\"kc-elm kc-css-677263\" style=\"height: 20px; clear: both; width:100%;\"><\/div><div class=\"kc-elm kc-css-476933\" style=\"height: 20px; clear: both; width:100%;\"><\/div><div class=\"kc-elm kc-css-756597\" style=\"height: 20px; clear: both; width:100%;\"><\/div><\/div><\/div><\/div><\/div><\/section><\/p>\n","protected":false},"excerpt":{"rendered":"","protected":false},"author":2,"featured_media":0,"parent":0,"menu_order":0,"comment_status":"closed","ping_status":"closed","template":"","meta":{"_joinchat":[],"footnotes":""},"class_list":["post-7564","page","type-page","status-publish","hentry"],"_links":{"self":[{"href":"https:\/\/balanceproducts.com.ec\/site\/wp-json\/wp\/v2\/pages\/7564","targetHints":{"allow":["GET"]}}],"collection":[{"href":"https:\/\/balanceproducts.com.ec\/site\/wp-json\/wp\/v2\/pages"}],"about":[{"href":"https:\/\/balanceproducts.com.ec\/site\/wp-json\/wp\/v2\/types\/page"}],"author":[{"embeddable":true,"href":"https:\/\/balanceproducts.com.ec\/site\/wp-json\/wp\/v2\/users\/2"}],"replies":[{"embeddable":true,"href":"https:\/\/balanceproducts.com.ec\/site\/wp-json\/wp\/v2\/comments?post=7564"}],"version-history":[{"count":13,"href":"https:\/\/balanceproducts.com.ec\/site\/wp-json\/wp\/v2\/pages\/7564\/revisions"}],"predecessor-version":[{"id":11192,"href":"https:\/\/balanceproducts.com.ec\/site\/wp-json\/wp\/v2\/pages\/7564\/revisions\/11192"}],"wp:attachment":[{"href":"https:\/\/balanceproducts.com.ec\/site\/wp-json\/wp\/v2\/media?parent=7564"}],"curies":[{"name":"wp","href":"https:\/\/api.w.org\/{rel}","templated":true}]}}