{"id":9494,"date":"2020-06-28T22:05:16","date_gmt":"2020-06-29T03:05:16","guid":{"rendered":"https:\/\/balanceproducts.com.ec\/site\/el-cbd-y-el-sistema-cannabinoide-humano-2\/"},"modified":"2025-09-24T09:52:05","modified_gmt":"2025-09-24T14:52:05","slug":"el-cbd-y-el-sistema-cannabinoide-humano-2","status":"publish","type":"page","link":"https:\/\/balanceproducts.com.ec\/site\/el-cbd-y-el-sistema-cannabinoide-humano-2\/","title":{"rendered":"Canna Vitale CBD OIL"},"content":{"rendered":"<p><section class=\"kc-elm kc-css-214385 kc_row\"><div class=\"kc-row-container  kc-container\"><div class=\"kc-wrap-columns\"><div class=\"kc-elm kc-css-263744 kc_col-sm-5 kc_column kc_col-sm-5\"><div class=\"kc-col-container\"><div class=\"kc-elm kc-css-601821\" style=\"height: 7px; clear: both; width:100%;\"><\/div><div class=\"kc-elm kc-css-158813\" style=\"height: 7px; clear: both; width:100%;\"><\/div><div class=\"kc-elm kc-css-977905\" style=\"height: 7px; clear: both; width:100%;\"><\/div><div class=\"kc-elm kc-css-938876 kc_shortcode kc_single_image\">\n\n        <img decoding=\"async\" src=\"https:\/\/balanceproducts.com.ec\/site\/wp-content\/uploads\/2025\/03\/cboil-300x194.png\" class=\"\" alt=\"\" \/>    <\/div>\n<div class=\"kc-elm kc-css-127552\" style=\"height: 7px; clear: both; width:100%;\"><\/div><div class=\"kc-elm kc-css-938351\" style=\"height: 7px; clear: both; width:100%;\"><\/div><div class=\"kc-elm kc-css-595361\" style=\"height: 7px; clear: both; width:100%;\"><\/div><div class=\"kc-elm kc-css-876385\" style=\"height: 7px; clear: both; width:100%;\"><\/div><div class=\"kc-elm kc-css-131483 kc_shortcode kc_single_image\">\n\n        <img decoding=\"async\" src=\"https:\/\/balanceproducts.com.ec\/site\/wp-content\/uploads\/2025\/03\/c-300x92.png\" class=\"\" alt=\"\" \/>    <\/div>\n<\/div><\/div><div class=\"kc-elm kc-css-212457 kc_col-sm-1 kc_column kc_col-sm-1\"><div class=\"kc-col-container\"><div class=\"kc-elm kc-css-746477\" style=\"height: 0px; clear: both; width:100%;\"><\/div><\/div><\/div><div class=\"kc-elm kc-css-65438 kc_col-sm-6 kc_column kc_col-sm-6\"><div class=\"kc-col-container\">\n<div class=\"kc-elm kc-css-876279 kc-title-wrap \">\n\n\t<div class=\"kc_title\">Canna Vitale CBD Oil<\/div>\n<\/div>\n<div class=\"kc-elm kc-css-686175 kc_text_block\"><\/p>\n<div id=\"gpt4-chat-selected-text-parent-node\" align=\"justify\">\n<p><span style=\"font-family: Verdana, Geneva; font-size: 14pt; font-style: inherit;\">Es un extracto natural de c\u00e1\u00f1amo formulado para promover el bienestar y la relajaci\u00f3n. Gracias a su contenido de cannabidiol (CBD), ayuda a reducir el estr\u00e9s, mejorar la calidad del sue\u00f1o y aliviar molestias musculares o articulares, sin generar efectos psicoactivos. Canna Vitale ofrece una opci\u00f3n segura y de alta calidad para quienes buscan equilibrio y tranquilidad en su d\u00eda a d\u00eda.<\/span><b><\/b><\/p>\n<\/div>\n<p>\n<\/div><\/div><\/div><\/div><\/div><\/section><section class=\"kc-elm kc-css-928750 kc_row\"><div class=\"kc-row-container  kc-container\"><div class=\"kc-wrap-columns\"><div class=\"kc-elm kc-css-119693 kc_col-sm-12 kc_column kc_col-sm-12\"><div class=\"kc-col-container\"><div class=\"kc-elm kc-css-101010\" style=\"height: 67px; clear: both; width:100%;\"><\/div><\/div><\/div><\/div><\/div><\/section><section class=\"kc-elm kc-css-127112 kc_row\"><div class=\"kc-row-container  kc-container\"><div class=\"kc-wrap-columns\"><div class=\"kc-elm kc-css-71096 kc_col-sm-6 kc_column kc_col-sm-6\"><div class=\"kc-col-container\"><div class=\"kc-elm kc-css-423115\" style=\"height: 20px; clear: both; width:100%;\"><\/div><div class=\"kc-elm kc-css-487465\" style=\"height: 20px; clear: both; width:100%;\"><\/div><div class=\"kc-elm kc-css-21339 kc_text_block\"><\/p>\n<p><span style=\"font-family: gilroy-bold;\"><span style=\"font-size: 24px;\"><b>Canna Vitale contribuye a:<\/b><\/span><\/span><\/p>\n<p>\n<\/div><div class=\"kc-elm kc-css-947624 kc_text_block\"><\/p>\n<ul>\n<li><span style=\"font-family: Verdana, Geneva; font-size: 14pt;\"><strong>Disminuir<\/strong> el <strong>stress<\/strong> y la <strong>ansiedad<\/strong>.<\/span><\/li>\n<\/ul>\n<ul>\n<li><span style=\"font-family: Verdana, Geneva; font-size: 14pt;\">Un <strong>sue\u00f1o confortable<\/strong>.<\/span><\/li>\n<\/ul>\n<ul>\n<li><span style=\"font-family: Verdana, Geneva; font-size: 14pt;\"><strong>Disminuir<\/strong> <strong>dolores<\/strong> musculares y <strong>artr\u00edticos<\/strong>.<\/span><\/li>\n<\/ul>\n<ul>\n<li><span style=\"font-family: Verdana, Geneva; font-size: 14pt;\"><strong>Normal<\/strong> funcionamiento del <strong>sistema inmunol\u00f3gico<\/strong>.<\/span><\/li>\n<\/ul>\n<p><span style=\"font-size: 14pt; font-family: Verdana, Geneva;\">\u00a0<\/span><\/p>\n<p>\n<\/div><\/div><\/div><div class=\"kc-elm kc-css-509832 kc_col-sm-6 kc_column kc_col-sm-6\"><div class=\"kc-col-container\"><div class=\"kc-elm kc-css-257136 kc_shortcode kc_single_image\">\n\n        <img decoding=\"async\" src=\"https:\/\/balanceproducts.com.ec\/site\/wp-content\/uploads\/2025\/02\/Diseno-sin-titulo-18-1024x1024.png\" class=\"\" alt=\"\" \/>    <\/div>\n<div class=\"kc-elm kc-css-297799\" style=\"height: 20px; clear: both; width:100%;\"><\/div><div class=\"kc-elm kc-css-910686\" style=\"height: 20px; clear: both; width:100%;\"><\/div><div class=\"kc-elm kc-css-876836\" style=\"height: 20px; clear: both; width:100%;\"><\/div><div class=\"kc-elm kc-css-276137\" style=\"height: 20px; clear: both; width:100%;\"><\/div><\/div><\/div><\/div><\/div><\/section><section class=\"kc-elm kc-css-105304 kc_row\"><div class=\"kc-row-container  kc-container\"><div class=\"kc-wrap-columns\"><div class=\"kc-elm kc-css-85181 kc_col-sm-12 kc_column kc_col-sm-12\"><div class=\"kc-col-container\"><div class=\"kc-elm kc-css-171591\" style=\"height: 20px; clear: both; width:100%;\"><\/div><div class=\"kc-elm kc-css-335859\" style=\"height: 20px; clear: both; width:100%;\"><\/div><div class=\"kc-elm kc-css-485202\" style=\"height: 20px; clear: both; width:100%;\"><\/div><\/div><\/div><\/div><\/div><\/section><section class=\"kc-elm kc-css-833661 kc_row\"><div class=\"kc-row-container  kc-container\"><div class=\"kc-wrap-columns\"><div class=\"kc-elm kc-css-567764 kc_col-sm-12 kc_column kc_col-sm-12\"><div class=\"kc-col-container\"><div class=\"kc-elm kc-css-634261 kc_text_block\"><\/p>\n<p><span style=\"font-family: gilroy-bold;\"><span style=\"font-size: 24px;\"><b>Dosificaci\u00f3n<\/b><\/span><\/span><\/p>\n<p>\n<\/div><div class=\"kc-elm kc-css-723306\" style=\"height: 47px; clear: both; width:100%;\"><\/div><\/div><\/div><\/div><\/div><\/section><section class=\"kc-elm kc-css-798401 kc_row\"><div class=\"kc-row-container  kc-container\"><div class=\"kc-wrap-columns\"><div class=\"kc-elm kc-css-394350 kc_col-sm-5 kc_column kc_col-sm-5\"><div class=\"kc-col-container\"><div class=\"kc-elm kc-css-638094 kc_shortcode kc_single_image\">\n\n        <img decoding=\"async\" src=\"https:\/\/balanceproducts.com.ec\/site\/wp-content\/uploads\/2025\/03\/CV1750-214x300.png\" class=\"\" alt=\"\" \/>    <\/div>\n<div class=\"kc-elm kc-css-211271 kc_shortcode kc_single_image\">\n\n        <img decoding=\"async\" src=\"https:\/\/balanceproducts.com.ec\/site\/wp-content\/uploads\/2022\/02\/750mg-cbd-1024x683.png\" class=\"\" alt=\"\" \/>    <\/div>\n\n<div class=\"kc-elm kc-css-906806\">\n\t<a class=\"kc_button\" href=\"https:\/\/balanceproducts.com.ec\/site\/canna-vitale\/\" target=\"_self\" title=\"\" onclick=\"\">\n\t\tCOMPRA AQU\u00cd\t<\/a>\n<\/div>\n<\/div><\/div><div class=\"kc-elm kc-css-578526 kc_col-sm-2 kc_column kc_col-sm-2\"><div class=\"kc-col-container\"><\/div><\/div><div class=\"kc-elm kc-css-929012 kc_col-sm-5 kc_column kc_col-sm-5\"><div class=\"kc-col-container\"><div class=\"kc-elm kc-css-995096 kc_shortcode kc_single_image\">\n\n        <img decoding=\"async\" src=\"https:\/\/balanceproducts.com.ec\/site\/wp-content\/uploads\/2025\/03\/CV1450-218x300.png\" class=\"\" alt=\"\" \/>    <\/div>\n<div class=\"kc-elm kc-css-904368 kc_shortcode kc_single_image\">\n\n        <img decoding=\"async\" src=\"https:\/\/balanceproducts.com.ec\/site\/wp-content\/uploads\/2022\/02\/1450-mg-cbd-1024x683.png\" class=\"\" alt=\"\" \/>    <\/div>\n\n<div class=\"kc-elm kc-css-967046\">\n\t<a class=\"kc_button\" href=\"https:\/\/balanceproducts.com.ec\/site\/canna-vitale\/\" target=\"_self\" title=\"\" onclick=\"\">\n\t\tCOMPRA AQU\u00cd\t<\/a>\n<\/div>\n<\/div><\/div><\/div><\/div><\/section><section class=\"kc-elm kc-css-955832 kc_row\"><div class=\"kc-row-container  kc-container\"><div class=\"kc-wrap-columns\"><div class=\"kc-elm kc-css-855952 kc_col-sm-12 kc_column kc_col-sm-12\"><div class=\"kc-col-container\"><div class=\"kc-elm kc-css-362884\" style=\"height: 20px; clear: both; width:100%;\"><\/div><div class=\"kc-elm kc-css-449732\" style=\"height: 20px; clear: both; width:100%;\"><\/div><div class=\"kc-elm kc-css-469704\" style=\"height: 20px; clear: both; width:100%;\"><\/div><div class=\"kc-elm kc-css-449272\" style=\"height: 20px; clear: both; width:100%;\"><\/div><div class=\"kc-elm kc-css-845193\" style=\"height: 20px; clear: both; width:100%;\"><\/div><div class=\"kc-elm kc-css-592560 kc_text_block\"><\/p>\n<p style=\"text-align: center;\"><span style=\"font-family: gilroy-bold; font-size: 24pt;\">Encu\u00e9ntranos en:\u00a0<\/span><\/p>\n<p>\n<\/div><div class=\"kc-elm kc-css-728597\" style=\"height: 20px; clear: both; width:100%;\"><\/div><\/div><\/div><\/div><\/div><\/section><section class=\"kc-elm kc-css-40337 kc_row\"><div class=\"kc-row-container  kc-container\"><div class=\"kc-wrap-columns\"><div class=\"kc-elm kc-css-73086 kc_col-sm-2 kc_column kc_col-sm-2\"><div class=\"kc-col-container\"><div class=\"kc-elm kc-css-132392 kc_shortcode kc_single_image\">\n\n        <img decoding=\"async\" src=\"https:\/\/balanceproducts.com.ec\/site\/wp-content\/uploads\/2018\/11\/marcastienda-04.jpg\" class=\"\" alt=\"\" \/>    <\/div>\n<\/div><\/div><div class=\"kc-elm kc-css-276792 kc_col-sm-2 kc_column kc_col-sm-2\"><div class=\"kc-col-container\"><div class=\"kc-elm kc-css-365638 kc_shortcode kc_single_image\">\n\n        <img decoding=\"async\" src=\"https:\/\/balanceproducts.com.ec\/site\/wp-content\/uploads\/2018\/11\/marcastienda-05.jpg\" class=\"\" alt=\"\" \/>    <\/div>\n<\/div><\/div><div class=\"kc-elm kc-css-621498 kc_col-sm-2 kc_column kc_col-sm-2\"><div class=\"kc-col-container\"><div class=\"kc-elm kc-css-82530 kc_shortcode kc_single_image\">\n\n        <img decoding=\"async\" src=\"https:\/\/balanceproducts.com.ec\/site\/wp-content\/uploads\/2025\/03\/marcastienda.jpg\" class=\"\" alt=\"\" \/>    <\/div>\n<\/div><\/div><div class=\"kc-elm kc-css-321194 kc_col-sm-2 kc_column kc_col-sm-2\"><div class=\"kc-col-container\"><div class=\"kc-elm kc-css-661883 kc_shortcode kc_single_image\">\n\n        <img decoding=\"async\" src=\"https:\/\/balanceproducts.com.ec\/site\/wp-content\/uploads\/2018\/11\/marcastienda-02.jpg\" class=\"\" alt=\"\" \/>    <\/div>\n<\/div><\/div><div class=\"kc-elm kc-css-58814 kc_col-sm-2 kc_column kc_col-sm-2\"><div class=\"kc-col-container\"><div class=\"kc-elm kc-css-543440 kc_shortcode kc_single_image\">\n\n        <img decoding=\"async\" src=\"https:\/\/balanceproducts.com.ec\/site\/wp-content\/uploads\/2018\/11\/marcastienda-03.jpg\" class=\"\" alt=\"\" \/>    <\/div>\n<\/div><\/div><div class=\"kc-elm kc-css-893115 kc_col-sm-2 kc_column kc_col-sm-2\"><div class=\"kc-col-container\"><\/div><\/div><\/div><\/div><\/section><section class=\"kc-elm kc-css-311229 kc_row\"><div class=\"kc-row-container  kc-container\"><div class=\"kc-wrap-columns\"><div class=\"kc-elm kc-css-989036 kc_col-sm-12 kc_column kc_col-sm-12\"><div class=\"kc-col-container\">\n<div class=\"kc-elm kc-css-986811\">\n\t<a class=\"kc_button\" href=\"https:\/\/balanceproducts.com.ec\/site\/canna-vitale-cbd-oil\/\" target=\"_self\" title=\"\" onclick=\"\">\n\t\tVolver\t<\/a>\n<\/div>\n<\/div><\/div><\/div><\/div><\/section><section class=\"kc-elm kc-css-905600 kc_row\"><div class=\"kc-row-container  kc-container\"><div class=\"kc-wrap-columns\"><div class=\"kc-elm kc-css-284140 kc_col-sm-12 kc_column kc_col-sm-12\"><div class=\"kc-col-container\"><div class=\"kc-elm kc-css-597561\" style=\"height: 20px; clear: both; width:100%;\"><\/div><div class=\"kc-elm kc-css-151378\" style=\"height: 20px; clear: both; width:100%;\"><\/div><div class=\"kc-elm kc-css-953688\" style=\"height: 20px; clear: both; width:100%;\"><\/div><\/div><\/div><\/div><\/div><\/section><section class=\"kc-elm kc-css-902688 kc_row\"><div class=\"kc-row-container  kc-container\"><div class=\"kc-wrap-columns\"><div class=\"kc-elm kc-css-186205 kc_col-sm-3 kc_column kc_col-sm-3\"><div class=\"kc-col-container\"><div class=\"kc-elm kc-css-425072 kc_shortcode kc_single_image\">\n\n        <img decoding=\"async\" src=\"https:\/\/balanceproducts.com.ec\/site\/wp-content\/uploads\/2018\/11\/logo_celular.png\" class=\"\" alt=\"\" \/>    <\/div>\n<\/div><\/div><div class=\"kc-elm kc-css-614610 kc_col-sm-3 kc_column kc_col-sm-3\"><div class=\"kc-col-container\"><div class=\"kc-elm kc-css-586826 kc_text_block\"><\/p>\n<p><span style=\"font-size: 10pt;\"><a href=\"https:\/\/balanceproducts.com.ec\/site\/nosotros\/\">Nosotros<\/a><\/span><\/p>\n<p><a href=\"https:\/\/balanceproducts.com.ec\/site\/materiasprimas\/\"><span style=\"font-size: 10pt;\">Materias Primas<\/span><\/a><\/p>\n<p><a href=\"https:\/\/balanceproducts.com.ec\/site\/tienda\/\"><span style=\"font-size: 10pt;\">Tienda Electr\u00f3nica<\/span><\/a><\/p>\n<p><span style=\"font-size: 10pt;\">Productos<\/span><\/p>\n<p><a href=\"https:\/\/balanceproducts.com.ec\/site\/programas\/\"><span style=\"font-size: 10pt;\">Programas<\/span><\/a><\/p>\n<p><a href=\"https:\/\/balanceproducts.com.ec\/site\/contacto\/\"><span style=\"font-size: 10pt;\">Contacto<\/span><\/a><\/p>\n<p>\n<\/div><\/div><\/div><div class=\"kc-elm kc-css-300105 kc_col-sm-3 kc_column kc_col-sm-3\"><div class=\"kc-col-container\"><div class=\"kc-elm kc-css-216348 kc_text_block\"><\/p>\n<p><strong><span style=\"font-size: 10pt;\">Contactos<\/span><\/strong><\/p>\n<p><span style=\"font-size: 10pt;\"><b>Direcci\u00f3n:<br \/><\/b><\/span><span style=\"font-size: 10pt;\">Av. Ponce <\/span><span style=\"font-size: 10pt;\">Enriquez<\/span><span style=\"font-size: 10pt;\">\u00a0OE1-309 y Pasaje Marcial<\/span><\/p>\n<p><span style=\"font-size: 10pt;\"><strong>Tel\u00e9fono:<br \/><\/strong>02 2343 500<br \/><strong><br \/><\/strong><strong>Correo electr\u00f3nico:<\/strong><br \/>contacto@balanceproducts.com.ec<\/span><\/p>\n<p>\n<\/div><\/div><\/div><div class=\"kc-elm kc-css-103338 kc_col-sm-3 kc_column kc_col-sm-3\"><div class=\"kc-col-container\"><div class=\"kc-elm kc-css-679199 kc_google_maps kc_shortcode\"><div style=\"height: 350px\" class=\"kc-google-maps\"><iframe src=\"https:\/\/www.google.com\/maps\/embed?pb=!1m18!1m12!1m3!1d4246.588050383301!2d-78.48282210589977!3d-0.2927656035353127!2m3!1f0!2f0!3f0!3m2!1i1024!2i768!4f13.1!3m3!1m2!1s0x91d5990456a0d493%3A0xb23e7056f97ea77e!2sBalance%20Products!5e0!3m2!1ses!2sec!4v1610571631580!5m2!1ses!2sec\" width=\"100%\" height=\"350\" frameborder=\"0\" style=\"border:0;\" allowfullscreen=\"\" aria-hidden=\"false\" tabindex=\"0\"><\/iframe><\/div><\/div><\/div><\/div><\/div><\/div><\/section><section class=\"kc-elm kc-css-48791 kc_row\"><div class=\"kc-row-container  kc-container\"><div class=\"kc-wrap-columns\"><div class=\"kc-elm kc-css-287425 kc_col-sm-12 kc_column kc_col-sm-12\"><div class=\"kc-col-container\"><div class=\"kc-elm kc-css-248932\" style=\"height: 20px; clear: both; width:100%;\"><\/div><div class=\"kc-elm kc-css-803826\" style=\"height: 20px; clear: both; width:100%;\"><\/div><div class=\"kc-elm kc-css-158085\" style=\"height: 20px; clear: both; width:100%;\"><\/div><\/div><\/div><\/div><\/div><\/section><\/p>\n","protected":false},"excerpt":{"rendered":"","protected":false},"author":2,"featured_media":0,"parent":0,"menu_order":0,"comment_status":"closed","ping_status":"closed","template":"","meta":{"_joinchat":[],"footnotes":""},"class_list":["post-9494","page","type-page","status-publish","hentry"],"_links":{"self":[{"href":"https:\/\/balanceproducts.com.ec\/site\/wp-json\/wp\/v2\/pages\/9494","targetHints":{"allow":["GET"]}}],"collection":[{"href":"https:\/\/balanceproducts.com.ec\/site\/wp-json\/wp\/v2\/pages"}],"about":[{"href":"https:\/\/balanceproducts.com.ec\/site\/wp-json\/wp\/v2\/types\/page"}],"author":[{"embeddable":true,"href":"https:\/\/balanceproducts.com.ec\/site\/wp-json\/wp\/v2\/users\/2"}],"replies":[{"embeddable":true,"href":"https:\/\/balanceproducts.com.ec\/site\/wp-json\/wp\/v2\/comments?post=9494"}],"version-history":[{"count":47,"href":"https:\/\/balanceproducts.com.ec\/site\/wp-json\/wp\/v2\/pages\/9494\/revisions"}],"predecessor-version":[{"id":13356,"href":"https:\/\/balanceproducts.com.ec\/site\/wp-json\/wp\/v2\/pages\/9494\/revisions\/13356"}],"wp:attachment":[{"href":"https:\/\/balanceproducts.com.ec\/site\/wp-json\/wp\/v2\/media?parent=9494"}],"curies":[{"name":"wp","href":"https:\/\/api.w.org\/{rel}","templated":true}]}}